{"id":2462,"date":"2024-01-31T11:52:18","date_gmt":"2024-01-31T10:52:18","guid":{"rendered":"https:\/\/rad-pol.com.pl\/tkaninydekoracyjne\/?page_id=2462"},"modified":"2024-05-10T12:58:52","modified_gmt":"2024-05-10T10:58:52","slug":"pledy-2","status":"publish","type":"page","link":"https:\/\/rad-pol.com.pl\/tkaninydekoracyjne\/pledy-2\/","title":{"rendered":"Pledy"},"content":{"rendered":"\t\t<div data-elementor-type=\"wp-page\" data-elementor-id=\"2462\" class=\"elementor elementor-2462\">\n\t\t\t\t<div class=\"elementor-element elementor-element-7192896 e-flex e-con-boxed qodef-elementor-content-no e-con e-parent\" data-id=\"7192896\" data-element_type=\"container\" data-e-type=\"container\" data-settings=\"{&quot;background_background&quot;:&quot;classic&quot;}\">\n\t\t\t\t\t<div class=\"e-con-inner\">\n\t\t\t\t<div class=\"elementor-element elementor-element-0ee3f10 qodef-info-below-alignment--center elementor-widget elementor-widget-qi_addons_for_elementor_product_list\" data-id=\"0ee3f10\" data-element_type=\"widget\" data-e-type=\"widget\" data-widget_type=\"qi_addons_for_elementor_product_list.default\">\n\t\t\t\t<div class=\"elementor-widget-container\">\n\t\t\t\t\t<div class=\"qodef-shortcode qodef-m qodef-addons-woo-shortcode qodef-qi-woo-shortcode-product-list qodef-item-layout--info-below-swap qodef-image--hover-zoom qodef-qi-grid qodef-layout--qi-columns qodef-col-num--4 qodef-item-layout--info-below-swap qodef-responsive--predefined\" >\n\t<div class=\"qodef-grid-inner\">\n\t\t<p class=\"qodef-m-posts-not-found qodef-grid-item\">No posts were found for provided query parameters.<\/p>\n\t<\/div>\n\t<\/div>\n\t\t\t\t<\/div>\n\t\t\t\t<\/div>\n\t\t\t\t\t<\/div>\n\t\t\t\t<\/div>\n\t\t<div class=\"elementor-element elementor-element-b7bbbe5 e-flex e-con-boxed qodef-elementor-content-no e-con e-parent\" data-id=\"b7bbbe5\" data-element_type=\"container\" data-e-type=\"container\">\n\t\t\t\t\t<div class=\"e-con-inner\">\n\t\t\t\t<div class=\"elementor-element elementor-element-79bfd59 elementor-widget elementor-widget-qi_addons_for_elementor_section_title\" data-id=\"79bfd59\" data-element_type=\"widget\" data-e-type=\"widget\" data-widget_type=\"qi_addons_for_elementor_section_title.default\">\n\t\t\t\t<div class=\"elementor-widget-container\">\n\t\t\t\t\t<div class=\"qodef-shortcode qodef-m qodef-qi-section-title qodef-decoration--italic qodef-link--underline-draw qodef-subtitle-icon--left\">\n\t\t\t\t\t\t\t\t<div class=\"qodef-m-text\"><h3>Odkryj Wyj\u0105tkow\u0105 Ofert\u0119 Pled\u00f3w od Rad-Pol<\/h3><h4>Nasza Misja: Doskona\u0142o\u015b\u0107 w Pledach<\/h4><p>Witamy w \u015bwiecie wysokiej jako\u015bci pled\u00f3w dost\u0119pnych w Rad-Pol! Jeste\u015bmy dumni z naszej d\u0142ugiej tradycji w produkcji najwy\u017cszej jako\u015bci artyku\u0142\u00f3w tekstylnych, kt\u00f3re nadaj\u0105 si\u0119 idealnie do Twojego domu. Nasze pledy s\u0105 nie tylko znakomite pod wzgl\u0119dem estetycznym, ale r\u00f3wnie\u017c zapewniaj\u0105 niezr\u00f3wnany komfort i ciep\u0142o.<\/p><h4>Styl i Wyrafinowanie<\/h4><p>W kolekcji pled\u00f3w Rad-Pol znajdziesz szeroki wyb\u00f3r wzor\u00f3w i kolor\u00f3w, kt\u00f3re doskonale pasuj\u0105 do ka\u017cdego wystroju wn\u0119trza. Bez wzgl\u0119du na to, czy preferujesz klasyczny minimalizm, czy te\u017c bardziej ekstrawaganckie wzory, nasza oferta zaspokoi nawet najbardziej wyrafinowane gusta.<\/p><h4>Wyj\u0105tkowa Jako\u015b\u0107, Bezkonkurencyjna Wygoda<\/h4><p>Jako firma, kt\u00f3ra stawia na jako\u015b\u0107, ka\u017cdy z naszych pled\u00f3w zosta\u0142 starannie wykonany z najwy\u017cszej jako\u015bci materia\u0142\u00f3w. Dzi\u0119ki temu gwarantujemy nie tylko trwa\u0142o\u015b\u0107 naszych produkt\u00f3w, ale r\u00f3wnie\u017c ich niezwyk\u0142\u0105 mi\u0119kko\u015b\u0107 i przyjemno\u015b\u0107 dotyku. Pozw\u00f3l sobie na chwil\u0119 relaksu i otul si\u0119 wygod\u0105 naszych pled\u00f3w.<\/p><h4>Pledy dla Ka\u017cdego Sezonu<\/h4><p>Niech Tw\u00f3j dom stanie si\u0119 oaz\u0105 ciep\u0142a i komfortu przez ca\u0142y rok! Nasze pledy s\u0105 nie tylko idealne na ch\u0142odniejsze dni, ale r\u00f3wnie\u017c doskonale sprawdz\u0105 si\u0119 jako lekka okrycie na letnie wieczory. Dzi\u0119ki nim mo\u017cesz cieszy\u0107 si\u0119 wygod\u0105 i stylowym wygl\u0105dem niezale\u017cnie od pory roku.<\/p><h4>Odkryj Nasz\u0105 Ofert\u0119 Ju\u017c Dzisiaj!<\/h4><p>Nie czekaj d\u0142u\u017cej - do\u0142\u0105cz do grona zadowolonych klient\u00f3w, kt\u00f3rzy zaufali jako\u015bci i do\u015bwiadczeniu Rad-Pol. Zapraszamy do zapoznania si\u0119 z nasz\u0105 pe\u0142n\u0105 ofert\u0105 pled\u00f3w i znalezienia idealnego dodatku do swojego domu. Skontaktuj si\u0119 z nami ju\u017c dzi\u015b, a nasi eksperci ch\u0119tnie pomog\u0105 Ci w wyborze najlepszego produktu dopasowanego do Twoich potrzeb.<\/p><\/div>\n\t<\/div>\n\t\t\t\t<\/div>\n\t\t\t\t<\/div>\n\t\t\t\t\t<\/div>\n\t\t\t\t<\/div>\n\t\t\t\t<\/div>\n\t\t","protected":false},"excerpt":{"rendered":"<p>Pled Pieles &#8211; 100 Dowiedz si\u0119 wi\u0119cej Odkryj Wyj\u0105tkow\u0105 Ofert\u0119 Pled\u00f3w od Rad-Pol Nasza Misja: Doskona\u0142o\u015b\u0107 w Pledach Witamy w \u015bwiecie wysokiej jako\u015bci pled\u00f3w dost\u0119pnych w Rad-Pol! Jeste\u015bmy dumni z naszej d\u0142ugiej tradycji w produkcji najwy\u017cszej jako\u015bci artyku\u0142\u00f3w tekstylnych, kt\u00f3re nadaj\u0105 si\u0119 idealnie do Twojego domu. Nasze pledy s\u0105 nie tylko znakomite pod wzgl\u0119dem estetycznym, [&hellip;]<\/p>\n","protected":false},"author":5,"featured_media":0,"parent":0,"menu_order":0,"comment_status":"closed","ping_status":"closed","template":"","meta":{"footnotes":""},"class_list":["post-2462","page","type-page","status-publish","hentry"],"yoast_head":"<!-- This site is optimized with the Yoast SEO plugin v27.3 - https:\/\/yoast.com\/product\/yoast-seo-wordpress\/ -->\n<title>Pledy - Rad-Pol Tkaniny<\/title>\n<meta name=\"description\" content=\"Nasza Misja: Doskona\u0142o\u015b\u0107 w Pledach. Witamy w \u015bwiecie wysokiej jako\u015bci pled\u00f3w dost\u0119pnych w Rad-Pol! Pled w Rad-Pol\" \/>\n<meta name=\"robots\" content=\"index, follow, max-snippet:-1, max-image-preview:large, max-video-preview:-1\" \/>\n<link rel=\"canonical\" href=\"https:\/\/rad-pol.com.pl\/tkaninydekoracyjne\/pledy-2\/\" \/>\n<meta property=\"og:locale\" content=\"pl_PL\" \/>\n<meta property=\"og:type\" content=\"article\" \/>\n<meta property=\"og:title\" content=\"Pledy - Rad-Pol Tkaniny\" \/>\n<meta property=\"og:description\" content=\"Nasza Misja: Doskona\u0142o\u015b\u0107 w Pledach. Witamy w \u015bwiecie wysokiej jako\u015bci pled\u00f3w dost\u0119pnych w Rad-Pol! Pled w Rad-Pol\" \/>\n<meta property=\"og:url\" content=\"https:\/\/rad-pol.com.pl\/tkaninydekoracyjne\/pledy-2\/\" \/>\n<meta property=\"og:site_name\" content=\"Rad-Pol Tkaniny\" \/>\n<meta property=\"article:publisher\" content=\"https:\/\/www.facebook.com\/RadPolTkaniny\" \/>\n<meta property=\"article:modified_time\" content=\"2024-05-10T10:58:52+00:00\" \/>\n<meta property=\"og:image\" content=\"http:\/\/rad-pol.com.pl\/tkaninydekoracyjne\/wp-content\/uploads\/sites\/3\/2024\/05\/pled-pieles.jpg\" \/>\n<meta name=\"twitter:card\" content=\"summary_large_image\" \/>\n<meta name=\"twitter:label1\" content=\"Szacowany czas czytania\" \/>\n\t<meta name=\"twitter:data1\" content=\"2 minuty\" \/>\n<script type=\"application\/ld+json\" class=\"yoast-schema-graph\">{\"@context\":\"https:\\\/\\\/schema.org\",\"@graph\":[{\"@type\":\"WebPage\",\"@id\":\"https:\\\/\\\/rad-pol.com.pl\\\/tkaninydekoracyjne\\\/pledy-2\\\/\",\"url\":\"https:\\\/\\\/rad-pol.com.pl\\\/tkaninydekoracyjne\\\/pledy-2\\\/\",\"name\":\"Pledy - Rad-Pol Tkaniny\",\"isPartOf\":{\"@id\":\"https:\\\/\\\/rad-pol.com.pl\\\/tkaninydekoracyjne\\\/#website\"},\"primaryImageOfPage\":{\"@id\":\"https:\\\/\\\/rad-pol.com.pl\\\/tkaninydekoracyjne\\\/pledy-2\\\/#primaryimage\"},\"image\":{\"@id\":\"https:\\\/\\\/rad-pol.com.pl\\\/tkaninydekoracyjne\\\/pledy-2\\\/#primaryimage\"},\"thumbnailUrl\":\"http:\\\/\\\/rad-pol.com.pl\\\/tkaninydekoracyjne\\\/wp-content\\\/uploads\\\/sites\\\/3\\\/2024\\\/05\\\/pled-pieles.jpg\",\"datePublished\":\"2024-01-31T10:52:18+00:00\",\"dateModified\":\"2024-05-10T10:58:52+00:00\",\"description\":\"Nasza Misja: Doskona\u0142o\u015b\u0107 w Pledach. Witamy w \u015bwiecie wysokiej jako\u015bci pled\u00f3w dost\u0119pnych w Rad-Pol! Pled w Rad-Pol\",\"breadcrumb\":{\"@id\":\"https:\\\/\\\/rad-pol.com.pl\\\/tkaninydekoracyjne\\\/pledy-2\\\/#breadcrumb\"},\"inLanguage\":\"pl-PL\",\"potentialAction\":[{\"@type\":\"ReadAction\",\"target\":[\"https:\\\/\\\/rad-pol.com.pl\\\/tkaninydekoracyjne\\\/pledy-2\\\/\"]}]},{\"@type\":\"ImageObject\",\"inLanguage\":\"pl-PL\",\"@id\":\"https:\\\/\\\/rad-pol.com.pl\\\/tkaninydekoracyjne\\\/pledy-2\\\/#primaryimage\",\"url\":\"https:\\\/\\\/rad-pol.com.pl\\\/tkaninydekoracyjne\\\/wp-content\\\/uploads\\\/sites\\\/3\\\/2024\\\/05\\\/pled-pieles.jpg\",\"contentUrl\":\"https:\\\/\\\/rad-pol.com.pl\\\/tkaninydekoracyjne\\\/wp-content\\\/uploads\\\/sites\\\/3\\\/2024\\\/05\\\/pled-pieles.jpg\",\"width\":400,\"height\":400},{\"@type\":\"BreadcrumbList\",\"@id\":\"https:\\\/\\\/rad-pol.com.pl\\\/tkaninydekoracyjne\\\/pledy-2\\\/#breadcrumb\",\"itemListElement\":[{\"@type\":\"ListItem\",\"position\":1,\"name\":\"Strona g\u0142\u00f3wna\",\"item\":\"https:\\\/\\\/rad-pol.com.pl\\\/tkaninydekoracyjne\\\/\"},{\"@type\":\"ListItem\",\"position\":2,\"name\":\"Pledy\"}]},{\"@type\":\"WebSite\",\"@id\":\"https:\\\/\\\/rad-pol.com.pl\\\/tkaninydekoracyjne\\\/#website\",\"url\":\"https:\\\/\\\/rad-pol.com.pl\\\/tkaninydekoracyjne\\\/\",\"name\":\"Rad-Pol Tkaniny\",\"description\":\"\",\"publisher\":{\"@id\":\"https:\\\/\\\/rad-pol.com.pl\\\/tkaninydekoracyjne\\\/#organization\"},\"potentialAction\":[{\"@type\":\"SearchAction\",\"target\":{\"@type\":\"EntryPoint\",\"urlTemplate\":\"https:\\\/\\\/rad-pol.com.pl\\\/tkaninydekoracyjne\\\/?s={search_term_string}\"},\"query-input\":{\"@type\":\"PropertyValueSpecification\",\"valueRequired\":true,\"valueName\":\"search_term_string\"}}],\"inLanguage\":\"pl-PL\"},{\"@type\":\"Organization\",\"@id\":\"https:\\\/\\\/rad-pol.com.pl\\\/tkaninydekoracyjne\\\/#organization\",\"name\":\"Rad-Pol Tkaniny\",\"url\":\"https:\\\/\\\/rad-pol.com.pl\\\/tkaninydekoracyjne\\\/\",\"logo\":{\"@type\":\"ImageObject\",\"inLanguage\":\"pl-PL\",\"@id\":\"https:\\\/\\\/rad-pol.com.pl\\\/tkaninydekoracyjne\\\/#\\\/schema\\\/logo\\\/image\\\/\",\"url\":\"https:\\\/\\\/rad-pol.com.pl\\\/tkaninydekoracyjne\\\/wp-content\\\/uploads\\\/sites\\\/3\\\/2024\\\/04\\\/RadPol-logo-www.png\",\"contentUrl\":\"https:\\\/\\\/rad-pol.com.pl\\\/tkaninydekoracyjne\\\/wp-content\\\/uploads\\\/sites\\\/3\\\/2024\\\/04\\\/RadPol-logo-www.png\",\"width\":300,\"height\":108,\"caption\":\"Rad-Pol Tkaniny\"},\"image\":{\"@id\":\"https:\\\/\\\/rad-pol.com.pl\\\/tkaninydekoracyjne\\\/#\\\/schema\\\/logo\\\/image\\\/\"},\"sameAs\":[\"https:\\\/\\\/www.facebook.com\\\/RadPolTkaniny\"]}]}<\/script>\n<!-- \/ Yoast SEO plugin. -->","yoast_head_json":{"title":"Pledy - Rad-Pol Tkaniny","description":"Nasza Misja: Doskona\u0142o\u015b\u0107 w Pledach. Witamy w \u015bwiecie wysokiej jako\u015bci pled\u00f3w dost\u0119pnych w Rad-Pol! Pled w Rad-Pol","robots":{"index":"index","follow":"follow","max-snippet":"max-snippet:-1","max-image-preview":"max-image-preview:large","max-video-preview":"max-video-preview:-1"},"canonical":"https:\/\/rad-pol.com.pl\/tkaninydekoracyjne\/pledy-2\/","og_locale":"pl_PL","og_type":"article","og_title":"Pledy - Rad-Pol Tkaniny","og_description":"Nasza Misja: Doskona\u0142o\u015b\u0107 w Pledach. Witamy w \u015bwiecie wysokiej jako\u015bci pled\u00f3w dost\u0119pnych w Rad-Pol! Pled w Rad-Pol","og_url":"https:\/\/rad-pol.com.pl\/tkaninydekoracyjne\/pledy-2\/","og_site_name":"Rad-Pol Tkaniny","article_publisher":"https:\/\/www.facebook.com\/RadPolTkaniny","article_modified_time":"2024-05-10T10:58:52+00:00","og_image":[{"url":"http:\/\/rad-pol.com.pl\/tkaninydekoracyjne\/wp-content\/uploads\/sites\/3\/2024\/05\/pled-pieles.jpg","type":"","width":"","height":""}],"twitter_card":"summary_large_image","twitter_misc":{"Szacowany czas czytania":"2 minuty"},"schema":{"@context":"https:\/\/schema.org","@graph":[{"@type":"WebPage","@id":"https:\/\/rad-pol.com.pl\/tkaninydekoracyjne\/pledy-2\/","url":"https:\/\/rad-pol.com.pl\/tkaninydekoracyjne\/pledy-2\/","name":"Pledy - Rad-Pol Tkaniny","isPartOf":{"@id":"https:\/\/rad-pol.com.pl\/tkaninydekoracyjne\/#website"},"primaryImageOfPage":{"@id":"https:\/\/rad-pol.com.pl\/tkaninydekoracyjne\/pledy-2\/#primaryimage"},"image":{"@id":"https:\/\/rad-pol.com.pl\/tkaninydekoracyjne\/pledy-2\/#primaryimage"},"thumbnailUrl":"http:\/\/rad-pol.com.pl\/tkaninydekoracyjne\/wp-content\/uploads\/sites\/3\/2024\/05\/pled-pieles.jpg","datePublished":"2024-01-31T10:52:18+00:00","dateModified":"2024-05-10T10:58:52+00:00","description":"Nasza Misja: Doskona\u0142o\u015b\u0107 w Pledach. Witamy w \u015bwiecie wysokiej jako\u015bci pled\u00f3w dost\u0119pnych w Rad-Pol! Pled w Rad-Pol","breadcrumb":{"@id":"https:\/\/rad-pol.com.pl\/tkaninydekoracyjne\/pledy-2\/#breadcrumb"},"inLanguage":"pl-PL","potentialAction":[{"@type":"ReadAction","target":["https:\/\/rad-pol.com.pl\/tkaninydekoracyjne\/pledy-2\/"]}]},{"@type":"ImageObject","inLanguage":"pl-PL","@id":"https:\/\/rad-pol.com.pl\/tkaninydekoracyjne\/pledy-2\/#primaryimage","url":"https:\/\/rad-pol.com.pl\/tkaninydekoracyjne\/wp-content\/uploads\/sites\/3\/2024\/05\/pled-pieles.jpg","contentUrl":"https:\/\/rad-pol.com.pl\/tkaninydekoracyjne\/wp-content\/uploads\/sites\/3\/2024\/05\/pled-pieles.jpg","width":400,"height":400},{"@type":"BreadcrumbList","@id":"https:\/\/rad-pol.com.pl\/tkaninydekoracyjne\/pledy-2\/#breadcrumb","itemListElement":[{"@type":"ListItem","position":1,"name":"Strona g\u0142\u00f3wna","item":"https:\/\/rad-pol.com.pl\/tkaninydekoracyjne\/"},{"@type":"ListItem","position":2,"name":"Pledy"}]},{"@type":"WebSite","@id":"https:\/\/rad-pol.com.pl\/tkaninydekoracyjne\/#website","url":"https:\/\/rad-pol.com.pl\/tkaninydekoracyjne\/","name":"Rad-Pol Tkaniny","description":"","publisher":{"@id":"https:\/\/rad-pol.com.pl\/tkaninydekoracyjne\/#organization"},"potentialAction":[{"@type":"SearchAction","target":{"@type":"EntryPoint","urlTemplate":"https:\/\/rad-pol.com.pl\/tkaninydekoracyjne\/?s={search_term_string}"},"query-input":{"@type":"PropertyValueSpecification","valueRequired":true,"valueName":"search_term_string"}}],"inLanguage":"pl-PL"},{"@type":"Organization","@id":"https:\/\/rad-pol.com.pl\/tkaninydekoracyjne\/#organization","name":"Rad-Pol Tkaniny","url":"https:\/\/rad-pol.com.pl\/tkaninydekoracyjne\/","logo":{"@type":"ImageObject","inLanguage":"pl-PL","@id":"https:\/\/rad-pol.com.pl\/tkaninydekoracyjne\/#\/schema\/logo\/image\/","url":"https:\/\/rad-pol.com.pl\/tkaninydekoracyjne\/wp-content\/uploads\/sites\/3\/2024\/04\/RadPol-logo-www.png","contentUrl":"https:\/\/rad-pol.com.pl\/tkaninydekoracyjne\/wp-content\/uploads\/sites\/3\/2024\/04\/RadPol-logo-www.png","width":300,"height":108,"caption":"Rad-Pol Tkaniny"},"image":{"@id":"https:\/\/rad-pol.com.pl\/tkaninydekoracyjne\/#\/schema\/logo\/image\/"},"sameAs":["https:\/\/www.facebook.com\/RadPolTkaniny"]}]}},"_links":{"self":[{"href":"https:\/\/rad-pol.com.pl\/tkaninydekoracyjne\/wp-json\/wp\/v2\/pages\/2462","targetHints":{"allow":["GET"]}}],"collection":[{"href":"https:\/\/rad-pol.com.pl\/tkaninydekoracyjne\/wp-json\/wp\/v2\/pages"}],"about":[{"href":"https:\/\/rad-pol.com.pl\/tkaninydekoracyjne\/wp-json\/wp\/v2\/types\/page"}],"author":[{"embeddable":true,"href":"https:\/\/rad-pol.com.pl\/tkaninydekoracyjne\/wp-json\/wp\/v2\/users\/5"}],"replies":[{"embeddable":true,"href":"https:\/\/rad-pol.com.pl\/tkaninydekoracyjne\/wp-json\/wp\/v2\/comments?post=2462"}],"version-history":[{"count":0,"href":"https:\/\/rad-pol.com.pl\/tkaninydekoracyjne\/wp-json\/wp\/v2\/pages\/2462\/revisions"}],"wp:attachment":[{"href":"https:\/\/rad-pol.com.pl\/tkaninydekoracyjne\/wp-json\/wp\/v2\/media?parent=2462"}],"curies":[{"name":"wp","href":"https:\/\/api.w.org\/{rel}","templated":true}]}}