{"id":13875,"date":"2024-10-04T18:27:03","date_gmt":"2024-10-04T16:27:03","guid":{"rendered":"https:\/\/rad-pol.com.pl\/tkaninydekoracyjne\/?post_type=product&#038;p=13875"},"modified":"2024-11-05T16:16:02","modified_gmt":"2024-11-05T15:16:02","slug":"dg-2","status":"publish","type":"product","link":"https:\/\/rad-pol.com.pl\/tkaninydekoracyjne\/produkt\/dg-2\/","title":{"rendered":"DG-2"},"content":{"rendered":"<p><strong>Kolekcja D&amp;G-2<\/strong> to esencja w\u0142oskiego designu inspirowana niepowtarzalnym stylem Dolce &amp; Gabbana. Wyraziste b\u0142\u0119kitne wzory w formie kwadrat\u00f3w z subtelnym kwiatem w \u015brodku na bia\u0142ym tle przywodz\u0105 na my\u015bl tradycyjne w\u0142oskie kafelki. Nadaje to wn\u0119trzom wykwintno\u015bci i unikalnego charakteru. Jest to idealny wyb\u00f3r dla os\u00f3b, kt\u00f3re ceni\u0105 sobie odwa\u017cne, ale jednocze\u015bnie klasyczne desenie.<\/p>\n<p>Tkanina ma szeroko\u015b\u0107 140 cm. Jej doskona\u0142e w\u0142a\u015bciwo\u015bci sprawiaj\u0105, \u017ce \u015bwietnie sprawdza si\u0119 zar\u00f3wno w obiciach mebli, jak i w dekoracyjnych akcesoriach, takich jak s\u0142odkie poduszki, bie\u017cniki, obrusy, zas\u0142ony. Wysoka gramatura 400 g\/m\u00b2 i test Martindale na poziomie 30.000 cykli gwarantuj\u0105 trwa\u0142o\u015b\u0107 i wytrzyma\u0142o\u015b\u0107, co sprawia, \u017ce tkanina jest idealna do codziennego u\u017cytku.<\/p>\n<p><strong>Cechy kolekcji D&amp;G-2<\/strong>:<\/p>\n<ul>\n<li>Wzory inspirowane w\u0142oskim designem<\/li>\n<li>Wyraziste b\u0142\u0119kitne kwadraty z kwiatem w \u015brodku na bia\u0142ym tle<\/li>\n<li>Wszechstronno\u015b\u0107 zastosowania: meble, poduszki, zas\u0142ony, obrusy,<\/li>\n<li>Wysoka wytrzyma\u0142o\u015b\u0107 (Martindale 30.000)<\/li>\n<li>Gramatura: 400 g\/m\u00b2<\/li>\n<li>Wysokiej jako\u015bci tkanina \u017cakardowa<\/li>\n<\/ul>\n<p>Tkanina z kolekcji D&amp;G-2 nadaje wn\u0119trzom elegancji i unikalnego stylu, stanowi\u0105c idealn\u0105 propozycj\u0119 dla os\u00f3b, kt\u00f3re ceni\u0105 sobie w\u0142oski szyk i oryginalno\u015b\u0107 w aran\u017cacji przestrzeni.<\/p>\n<div class=\"_df_book df-lite\" id=\"df_14253\"  _slug=\"dg\" data-title=\"dg\" wpoptions=\"true\" thumbtype=\"\" ><\/div><script class=\"df-shortcode-script\" nowprocket type=\"application\/javascript\">window.option_df_14253 = {\"outline\":[],\"autoEnableOutline\":\"false\",\"autoEnableThumbnail\":\"false\",\"overwritePDFOutline\":\"false\",\"direction\":\"1\",\"pageSize\":\"0\",\"source\":\"http:\\\/\\\/rad-pol.com.pl\\\/tkaninydekoracyjne\\\/wp-content\\\/uploads\\\/sites\\\/3\\\/2024\\\/11\\\/DG.pdf\",\"wpOptions\":\"true\"}; if(window.DFLIP && window.DFLIP.parseBooks){window.DFLIP.parseBooks();}<\/script>\n","protected":false},"excerpt":{"rendered":"<table>\n<tbody>\n<tr>\n<td>szeroko\u015b\u0107<\/td>\n<td>140<\/td>\n<\/tr>\n<tr>\n<td>wz\u00f3r<\/td>\n<td>geometryczny<\/td>\n<\/tr>\n<tr>\n<td>sk\u0142ad<\/td>\n<td>100% poliester<\/td>\n<\/tr>\n<tr>\n<td>gramatura<\/td>\n<td>400g\/m2<\/td>\n<\/tr>\n<tr>\n<td>\u015bcieralno\u015b\u0107 (martindale)<\/td>\n<td>30000<\/td>\n<\/tr>\n<tr>\n<td>raport szer.\/wys.<\/td>\n<td>17&#215;17,5<\/td>\n<\/tr>\n<\/tbody>\n<\/table>\n<p>Pranie i czyszczenie:<\/p>\n<table>\n<tbody>\n<tr>\n<td><img decoding=\"async\" src=\"http:\/\/rad-pol.com.pl\/tkaninydekoracyjne\/wp-content\/uploads\/sites\/3\/2024\/05\/mozna-prac.png\" alt=\"mo\u017cna czy\u015bci\u0107 chemicznie\" \/><\/td>\n<td>mo\u017cna czy\u015bci\u0107 chemicznie<\/td>\n<\/tr>\n<tr>\n<td><img decoding=\"async\" src=\"http:\/\/rad-pol.com.pl\/tkaninydekoracyjne\/wp-content\/uploads\/sites\/3\/2024\/04\/etykieta-4338.png\" alt=\"nie wybiela\u0107\" \/><\/td>\n<td>nie wybiela\u0107<\/td>\n<\/tr>\n<tr>\n<td><img decoding=\"async\" src=\"http:\/\/rad-pol.com.pl\/tkaninydekoracyjne\/wp-content\/uploads\/sites\/3\/2024\/08\/nie-prac-1.png\" alt=\"nie pra\u0107\" \/><\/td>\n<td>nie pra\u0107<\/td>\n<\/tr>\n<tr>\n<td><img decoding=\"async\" src=\"http:\/\/rad-pol.com.pl\/tkaninydekoracyjne\/wp-content\/uploads\/sites\/3\/2023\/10\/etykieta-6444.png\" alt=\"nie prasowa\u0107\" \/><\/td>\n<td>nie prasowa\u0107<\/td>\n<\/tr>\n<\/tbody>\n<\/table>\n<p>https:\/\/youtube.com\/shorts\/nuer1QzmTEM<\/p>\n","protected":false},"featured_media":13878,"comment_status":"open","ping_status":"closed","template":"","meta":[],"product_brand":[],"product_cat":[42,19,46],"product_tag":[280,242,237],"class_list":{"0":"post-13875","1":"product","2":"type-product","3":"status-publish","4":"has-post-thumbnail","6":"product_cat-nowosc","7":"product_cat-obiciowe","8":"product_cat-zaslonowe","9":"product_tag-geometryczna","10":"product_tag-klasyczna","11":"product_tag-wzorzysta","13":"first","14":"outofstock","15":"shipping-taxable","16":"product-type-simple"},"yoast_head":"<!-- This site is optimized with the Yoast SEO plugin v27.3 - https:\/\/yoast.com\/product\/yoast-seo-wordpress\/ -->\n<title>DG-2 - Rad-Pol Tkaniny<\/title>\n<meta name=\"description\" content=\"Kolekcja D&amp;G-2 to esencja w\u0142oskiego designu inspirowana niepowtarzalnym stylem Dolce &amp; Gabbana. Wyraziste b\u0142\u0119kitne kwadraty z subtelnym kwiatem w \u015brodku.\" \/>\n<meta name=\"robots\" content=\"index, follow, max-snippet:-1, max-image-preview:large, max-video-preview:-1\" \/>\n<link rel=\"canonical\" href=\"https:\/\/rad-pol.com.pl\/tkaninydekoracyjne\/produkt\/dg-2\/\" \/>\n<meta property=\"og:locale\" content=\"pl_PL\" \/>\n<meta property=\"og:type\" content=\"article\" \/>\n<meta property=\"og:title\" content=\"DG-2 - Rad-Pol Tkaniny\" \/>\n<meta property=\"og:description\" content=\"Kolekcja D&amp;G-2 to esencja w\u0142oskiego designu inspirowana niepowtarzalnym stylem Dolce &amp; Gabbana. Wyraziste b\u0142\u0119kitne kwadraty z subtelnym kwiatem w \u015brodku.\" \/>\n<meta property=\"og:url\" content=\"https:\/\/rad-pol.com.pl\/tkaninydekoracyjne\/produkt\/dg-2\/\" \/>\n<meta property=\"og:site_name\" content=\"Rad-Pol Tkaniny\" \/>\n<meta property=\"article:publisher\" content=\"https:\/\/www.facebook.com\/RadPolTkaniny\" \/>\n<meta property=\"article:modified_time\" content=\"2024-11-05T15:16:02+00:00\" \/>\n<meta property=\"og:image\" content=\"http:\/\/rad-pol.com.pl\/tkaninydekoracyjne\/wp-content\/uploads\/sites\/3\/2024\/10\/DG-2c-Male.jpg\" \/>\n\t<meta property=\"og:image:width\" content=\"480\" \/>\n\t<meta property=\"og:image:height\" content=\"480\" \/>\n\t<meta property=\"og:image:type\" content=\"image\/jpeg\" \/>\n<meta name=\"twitter:card\" content=\"summary_large_image\" \/>\n<meta name=\"twitter:label1\" content=\"Szacowany czas czytania\" \/>\n\t<meta name=\"twitter:data1\" content=\"2 minuty\" \/>\n<script type=\"application\/ld+json\" class=\"yoast-schema-graph\">{\"@context\":\"https:\\\/\\\/schema.org\",\"@graph\":[{\"@type\":\"WebPage\",\"@id\":\"https:\\\/\\\/rad-pol.com.pl\\\/tkaninydekoracyjne\\\/produkt\\\/dg-2\\\/\",\"url\":\"https:\\\/\\\/rad-pol.com.pl\\\/tkaninydekoracyjne\\\/produkt\\\/dg-2\\\/\",\"name\":\"DG-2 - Rad-Pol Tkaniny\",\"isPartOf\":{\"@id\":\"https:\\\/\\\/rad-pol.com.pl\\\/tkaninydekoracyjne\\\/#website\"},\"primaryImageOfPage\":{\"@id\":\"https:\\\/\\\/rad-pol.com.pl\\\/tkaninydekoracyjne\\\/produkt\\\/dg-2\\\/#primaryimage\"},\"image\":{\"@id\":\"https:\\\/\\\/rad-pol.com.pl\\\/tkaninydekoracyjne\\\/produkt\\\/dg-2\\\/#primaryimage\"},\"thumbnailUrl\":\"https:\\\/\\\/rad-pol.com.pl\\\/tkaninydekoracyjne\\\/wp-content\\\/uploads\\\/sites\\\/3\\\/2024\\\/10\\\/DG-2c-Male.jpg\",\"datePublished\":\"2024-10-04T16:27:03+00:00\",\"dateModified\":\"2024-11-05T15:16:02+00:00\",\"description\":\"Kolekcja D&G-2 to esencja w\u0142oskiego designu inspirowana niepowtarzalnym stylem Dolce & Gabbana. Wyraziste b\u0142\u0119kitne kwadraty z subtelnym kwiatem w \u015brodku.\",\"breadcrumb\":{\"@id\":\"https:\\\/\\\/rad-pol.com.pl\\\/tkaninydekoracyjne\\\/produkt\\\/dg-2\\\/#breadcrumb\"},\"inLanguage\":\"pl-PL\",\"potentialAction\":[{\"@type\":\"ReadAction\",\"target\":[\"https:\\\/\\\/rad-pol.com.pl\\\/tkaninydekoracyjne\\\/produkt\\\/dg-2\\\/\"]}]},{\"@type\":\"ImageObject\",\"inLanguage\":\"pl-PL\",\"@id\":\"https:\\\/\\\/rad-pol.com.pl\\\/tkaninydekoracyjne\\\/produkt\\\/dg-2\\\/#primaryimage\",\"url\":\"https:\\\/\\\/rad-pol.com.pl\\\/tkaninydekoracyjne\\\/wp-content\\\/uploads\\\/sites\\\/3\\\/2024\\\/10\\\/DG-2c-Male.jpg\",\"contentUrl\":\"https:\\\/\\\/rad-pol.com.pl\\\/tkaninydekoracyjne\\\/wp-content\\\/uploads\\\/sites\\\/3\\\/2024\\\/10\\\/DG-2c-Male.jpg\",\"width\":480,\"height\":480},{\"@type\":\"BreadcrumbList\",\"@id\":\"https:\\\/\\\/rad-pol.com.pl\\\/tkaninydekoracyjne\\\/produkt\\\/dg-2\\\/#breadcrumb\",\"itemListElement\":[{\"@type\":\"ListItem\",\"position\":1,\"name\":\"Strona g\u0142\u00f3wna\",\"item\":\"https:\\\/\\\/rad-pol.com.pl\\\/tkaninydekoracyjne\\\/\"},{\"@type\":\"ListItem\",\"position\":2,\"name\":\"Sklep\",\"item\":\"https:\\\/\\\/rad-pol.com.pl\\\/tkaninydekoracyjne\\\/sklep\\\/\"},{\"@type\":\"ListItem\",\"position\":3,\"name\":\"DG-2\"}]},{\"@type\":\"WebSite\",\"@id\":\"https:\\\/\\\/rad-pol.com.pl\\\/tkaninydekoracyjne\\\/#website\",\"url\":\"https:\\\/\\\/rad-pol.com.pl\\\/tkaninydekoracyjne\\\/\",\"name\":\"Rad-Pol Tkaniny\",\"description\":\"\",\"publisher\":{\"@id\":\"https:\\\/\\\/rad-pol.com.pl\\\/tkaninydekoracyjne\\\/#organization\"},\"potentialAction\":[{\"@type\":\"SearchAction\",\"target\":{\"@type\":\"EntryPoint\",\"urlTemplate\":\"https:\\\/\\\/rad-pol.com.pl\\\/tkaninydekoracyjne\\\/?s={search_term_string}\"},\"query-input\":{\"@type\":\"PropertyValueSpecification\",\"valueRequired\":true,\"valueName\":\"search_term_string\"}}],\"inLanguage\":\"pl-PL\"},{\"@type\":\"Organization\",\"@id\":\"https:\\\/\\\/rad-pol.com.pl\\\/tkaninydekoracyjne\\\/#organization\",\"name\":\"Rad-Pol Tkaniny\",\"url\":\"https:\\\/\\\/rad-pol.com.pl\\\/tkaninydekoracyjne\\\/\",\"logo\":{\"@type\":\"ImageObject\",\"inLanguage\":\"pl-PL\",\"@id\":\"https:\\\/\\\/rad-pol.com.pl\\\/tkaninydekoracyjne\\\/#\\\/schema\\\/logo\\\/image\\\/\",\"url\":\"https:\\\/\\\/rad-pol.com.pl\\\/tkaninydekoracyjne\\\/wp-content\\\/uploads\\\/sites\\\/3\\\/2024\\\/04\\\/RadPol-logo-www.png\",\"contentUrl\":\"https:\\\/\\\/rad-pol.com.pl\\\/tkaninydekoracyjne\\\/wp-content\\\/uploads\\\/sites\\\/3\\\/2024\\\/04\\\/RadPol-logo-www.png\",\"width\":300,\"height\":108,\"caption\":\"Rad-Pol Tkaniny\"},\"image\":{\"@id\":\"https:\\\/\\\/rad-pol.com.pl\\\/tkaninydekoracyjne\\\/#\\\/schema\\\/logo\\\/image\\\/\"},\"sameAs\":[\"https:\\\/\\\/www.facebook.com\\\/RadPolTkaniny\"]}]}<\/script>\n<!-- \/ Yoast SEO plugin. -->","yoast_head_json":{"title":"DG-2 - Rad-Pol Tkaniny","description":"Kolekcja D&G-2 to esencja w\u0142oskiego designu inspirowana niepowtarzalnym stylem Dolce & Gabbana. Wyraziste b\u0142\u0119kitne kwadraty z subtelnym kwiatem w \u015brodku.","robots":{"index":"index","follow":"follow","max-snippet":"max-snippet:-1","max-image-preview":"max-image-preview:large","max-video-preview":"max-video-preview:-1"},"canonical":"https:\/\/rad-pol.com.pl\/tkaninydekoracyjne\/produkt\/dg-2\/","og_locale":"pl_PL","og_type":"article","og_title":"DG-2 - Rad-Pol Tkaniny","og_description":"Kolekcja D&G-2 to esencja w\u0142oskiego designu inspirowana niepowtarzalnym stylem Dolce & Gabbana. Wyraziste b\u0142\u0119kitne kwadraty z subtelnym kwiatem w \u015brodku.","og_url":"https:\/\/rad-pol.com.pl\/tkaninydekoracyjne\/produkt\/dg-2\/","og_site_name":"Rad-Pol Tkaniny","article_publisher":"https:\/\/www.facebook.com\/RadPolTkaniny","article_modified_time":"2024-11-05T15:16:02+00:00","og_image":[{"width":480,"height":480,"url":"http:\/\/rad-pol.com.pl\/tkaninydekoracyjne\/wp-content\/uploads\/sites\/3\/2024\/10\/DG-2c-Male.jpg","type":"image\/jpeg"}],"twitter_card":"summary_large_image","twitter_misc":{"Szacowany czas czytania":"2 minuty"},"schema":{"@context":"https:\/\/schema.org","@graph":[{"@type":"WebPage","@id":"https:\/\/rad-pol.com.pl\/tkaninydekoracyjne\/produkt\/dg-2\/","url":"https:\/\/rad-pol.com.pl\/tkaninydekoracyjne\/produkt\/dg-2\/","name":"DG-2 - Rad-Pol Tkaniny","isPartOf":{"@id":"https:\/\/rad-pol.com.pl\/tkaninydekoracyjne\/#website"},"primaryImageOfPage":{"@id":"https:\/\/rad-pol.com.pl\/tkaninydekoracyjne\/produkt\/dg-2\/#primaryimage"},"image":{"@id":"https:\/\/rad-pol.com.pl\/tkaninydekoracyjne\/produkt\/dg-2\/#primaryimage"},"thumbnailUrl":"https:\/\/rad-pol.com.pl\/tkaninydekoracyjne\/wp-content\/uploads\/sites\/3\/2024\/10\/DG-2c-Male.jpg","datePublished":"2024-10-04T16:27:03+00:00","dateModified":"2024-11-05T15:16:02+00:00","description":"Kolekcja D&G-2 to esencja w\u0142oskiego designu inspirowana niepowtarzalnym stylem Dolce & Gabbana. Wyraziste b\u0142\u0119kitne kwadraty z subtelnym kwiatem w \u015brodku.","breadcrumb":{"@id":"https:\/\/rad-pol.com.pl\/tkaninydekoracyjne\/produkt\/dg-2\/#breadcrumb"},"inLanguage":"pl-PL","potentialAction":[{"@type":"ReadAction","target":["https:\/\/rad-pol.com.pl\/tkaninydekoracyjne\/produkt\/dg-2\/"]}]},{"@type":"ImageObject","inLanguage":"pl-PL","@id":"https:\/\/rad-pol.com.pl\/tkaninydekoracyjne\/produkt\/dg-2\/#primaryimage","url":"https:\/\/rad-pol.com.pl\/tkaninydekoracyjne\/wp-content\/uploads\/sites\/3\/2024\/10\/DG-2c-Male.jpg","contentUrl":"https:\/\/rad-pol.com.pl\/tkaninydekoracyjne\/wp-content\/uploads\/sites\/3\/2024\/10\/DG-2c-Male.jpg","width":480,"height":480},{"@type":"BreadcrumbList","@id":"https:\/\/rad-pol.com.pl\/tkaninydekoracyjne\/produkt\/dg-2\/#breadcrumb","itemListElement":[{"@type":"ListItem","position":1,"name":"Strona g\u0142\u00f3wna","item":"https:\/\/rad-pol.com.pl\/tkaninydekoracyjne\/"},{"@type":"ListItem","position":2,"name":"Sklep","item":"https:\/\/rad-pol.com.pl\/tkaninydekoracyjne\/sklep\/"},{"@type":"ListItem","position":3,"name":"DG-2"}]},{"@type":"WebSite","@id":"https:\/\/rad-pol.com.pl\/tkaninydekoracyjne\/#website","url":"https:\/\/rad-pol.com.pl\/tkaninydekoracyjne\/","name":"Rad-Pol Tkaniny","description":"","publisher":{"@id":"https:\/\/rad-pol.com.pl\/tkaninydekoracyjne\/#organization"},"potentialAction":[{"@type":"SearchAction","target":{"@type":"EntryPoint","urlTemplate":"https:\/\/rad-pol.com.pl\/tkaninydekoracyjne\/?s={search_term_string}"},"query-input":{"@type":"PropertyValueSpecification","valueRequired":true,"valueName":"search_term_string"}}],"inLanguage":"pl-PL"},{"@type":"Organization","@id":"https:\/\/rad-pol.com.pl\/tkaninydekoracyjne\/#organization","name":"Rad-Pol Tkaniny","url":"https:\/\/rad-pol.com.pl\/tkaninydekoracyjne\/","logo":{"@type":"ImageObject","inLanguage":"pl-PL","@id":"https:\/\/rad-pol.com.pl\/tkaninydekoracyjne\/#\/schema\/logo\/image\/","url":"https:\/\/rad-pol.com.pl\/tkaninydekoracyjne\/wp-content\/uploads\/sites\/3\/2024\/04\/RadPol-logo-www.png","contentUrl":"https:\/\/rad-pol.com.pl\/tkaninydekoracyjne\/wp-content\/uploads\/sites\/3\/2024\/04\/RadPol-logo-www.png","width":300,"height":108,"caption":"Rad-Pol Tkaniny"},"image":{"@id":"https:\/\/rad-pol.com.pl\/tkaninydekoracyjne\/#\/schema\/logo\/image\/"},"sameAs":["https:\/\/www.facebook.com\/RadPolTkaniny"]}]}},"_links":{"self":[{"href":"https:\/\/rad-pol.com.pl\/tkaninydekoracyjne\/wp-json\/wp\/v2\/product\/13875","targetHints":{"allow":["GET"]}}],"collection":[{"href":"https:\/\/rad-pol.com.pl\/tkaninydekoracyjne\/wp-json\/wp\/v2\/product"}],"about":[{"href":"https:\/\/rad-pol.com.pl\/tkaninydekoracyjne\/wp-json\/wp\/v2\/types\/product"}],"replies":[{"embeddable":true,"href":"https:\/\/rad-pol.com.pl\/tkaninydekoracyjne\/wp-json\/wp\/v2\/comments?post=13875"}],"version-history":[{"count":4,"href":"https:\/\/rad-pol.com.pl\/tkaninydekoracyjne\/wp-json\/wp\/v2\/product\/13875\/revisions"}],"predecessor-version":[{"id":14257,"href":"https:\/\/rad-pol.com.pl\/tkaninydekoracyjne\/wp-json\/wp\/v2\/product\/13875\/revisions\/14257"}],"wp:featuredmedia":[{"embeddable":true,"href":"https:\/\/rad-pol.com.pl\/tkaninydekoracyjne\/wp-json\/wp\/v2\/media\/13878"}],"wp:attachment":[{"href":"https:\/\/rad-pol.com.pl\/tkaninydekoracyjne\/wp-json\/wp\/v2\/media?parent=13875"}],"wp:term":[{"taxonomy":"product_brand","embeddable":true,"href":"https:\/\/rad-pol.com.pl\/tkaninydekoracyjne\/wp-json\/wp\/v2\/product_brand?post=13875"},{"taxonomy":"product_cat","embeddable":true,"href":"https:\/\/rad-pol.com.pl\/tkaninydekoracyjne\/wp-json\/wp\/v2\/product_cat?post=13875"},{"taxonomy":"product_tag","embeddable":true,"href":"https:\/\/rad-pol.com.pl\/tkaninydekoracyjne\/wp-json\/wp\/v2\/product_tag?post=13875"}],"curies":[{"name":"wp","href":"https:\/\/api.w.org\/{rel}","templated":true}]}}