{"id":14146,"date":"2024-10-15T10:20:40","date_gmt":"2024-10-15T08:20:40","guid":{"rendered":"https:\/\/rad-pol.com.pl\/tkaninydekoracyjne\/?post_type=product&#038;p=14146"},"modified":"2024-10-15T11:57:59","modified_gmt":"2024-10-15T09:57:59","slug":"elysse-ornamenty","status":"publish","type":"product","link":"https:\/\/rad-pol.com.pl\/tkaninydekoracyjne\/produkt\/elysse-ornamenty\/","title":{"rendered":"Elysse ornamenty"},"content":{"rendered":"<p>Tkanina <strong>ELYSSE<\/strong> to kwintesencja klasycznego pi\u0119kna i elegancji, idealna dla tych, kt\u00f3rzy pragn\u0105 wprowadzi\u0107 do wn\u0119trz nut\u0119 luksusu i wyrafinowanego stylu.<\/p>\n<p>O szeroko\u015bci 140 cm, zachwyca bogactwem ornament\u00f3w, kt\u00f3re zosta\u0142y misternie wykonane na po\u0142yskuj\u0105cych, roz\u015bwietlaj\u0105cych warstwach. Dzi\u0119ki temu wzory s\u0105 nie tylko wyraziste, ale tak\u017ce pe\u0142ne g\u0142\u0119bi i tr\u00f3jwymiarowego efektu.<\/p>\n<p>Drobne, subtelne romby dodaj\u0105 ca\u0142o\u015bci szyku, wzbogacaj\u0105c tkanin\u0119 o dodatkowy detal, kt\u00f3ry podkre\u015bla jej szlachetno\u015b\u0107.<\/p>\n<p>Delikatnie wypuk\u0142e ornamenty, subtelnie l\u015bni\u0105ce w \u015bwietle, nadaj\u0105 tkaninie dynamiczny, pe\u0142en blasku charakter. Dzi\u0119ki temu ELYSSE doskonale komponuje si\u0119 zar\u00f3wno z klasycznymi, eleganckimi wn\u0119trzami, jak i przestrzeniami w stylu pa\u0142acowym, wprowadzaj\u0105c atmosfer\u0119 luksusu.<\/p>\n<p>Zalety tkaniny ELYSSE:<\/p>\n<ul>\n<li>Elegancki po\u0142ysk: Roz\u015bwietlaj\u0105ce warstwy podkre\u015blaj\u0105 wzory i nadaj\u0105 tkaninie wyj\u0105tkowego blasku.<\/li>\n<li>Wypuk\u0142e ornamenty: Tr\u00f3jwymiarowe detale wzbogacaj\u0105 struktur\u0119 i nadaj\u0105 tkaninie g\u0142\u0119bi.<\/li>\n<li>Subtelne romby: Delikatnie zdobione romby dodaj\u0105 tkaninie szyku i harmonii.<\/li>\n<li>Bogactwo detali: Tkanina jest pe\u0142na wyj\u0105tkowych, dopracowanych szczeg\u00f3\u0142\u00f3w, kt\u00f3re sprawiaj\u0105, \u017ce wygl\u0105da niezwykle luksusowo.<\/li>\n<\/ul>\n<p>Zastosowanie:<\/p>\n<ul>\n<li>Zas\u0142ony i lambrekiny, idealne do klasycznych wn\u0119trz, dwork\u00f3w i pa\u0142ac\u00f3w<\/li>\n<li>Obicia mebli w stylu klasycznym: krzes\u0142a, fotele, kanapy<\/li>\n<li>Dekoracyjne narzuty i poduszki, kt\u00f3re dodadz\u0105 wn\u0119trzu eleganckiego charakteru<\/li>\n<\/ul>\n<p>Tkanina ELYSSE to klasyka w nowoczesnym wydaniu, idealnie sprawdzi si\u0119 w presti\u017cowych aran\u017cacjach, gdzie ka\u017cdy detal ma znaczenie. Jej delikatna sztywno\u015b\u0107 i bogata struktura czyni\u0105 j\u0105 niepowtarzaln\u0105 i eleganck\u0105 propozycj\u0105 do najbardziej wymagaj\u0105cych wn\u0119trz.<\/p>\n<p>&nbsp;<\/p>\n<p>Dost\u0119pne kolory:<\/p>\n\n\t\t<style type=\"text\/css\">\n\t\t\t#gallery-1 {\n\t\t\t\tmargin: auto;\n\t\t\t}\n\t\t\t#gallery-1 .gallery-item {\n\t\t\t\tfloat: left;\n\t\t\t\tmargin-top: 10px;\n\t\t\t\ttext-align: center;\n\t\t\t\twidth: 20%;\n\t\t\t}\n\t\t\t#gallery-1 img {\n\t\t\t\tborder: 2px solid #cfcfcf;\n\t\t\t}\n\t\t\t#gallery-1 .gallery-caption {\n\t\t\t\tmargin-left: 0;\n\t\t\t}\n\t\t\t\/* see gallery_shortcode() in wp-includes\/media.php *\/\n\t\t<\/style>\n\t\t<div id='gallery-1' class='gallery galleryid-14146 gallery-columns-5 gallery-size-thumbnail'><dl class='gallery-item'>\n\t\t\t<dt class='gallery-icon landscape'>\n\t\t\t\t<a href='https:\/\/rad-pol.com.pl\/tkaninydekoracyjne\/?attachment_id=14162'><img decoding=\"async\" width=\"150\" height=\"150\" src=\"https:\/\/rad-pol.com.pl\/tkaninydekoracyjne\/wp-content\/uploads\/sites\/3\/2024\/10\/Elysse-1-Male-150x150.jpg\" class=\"attachment-thumbnail size-thumbnail\" alt=\"\" aria-describedby=\"gallery-1-14162\" srcset=\"https:\/\/rad-pol.com.pl\/tkaninydekoracyjne\/wp-content\/uploads\/sites\/3\/2024\/10\/Elysse-1-Male-150x150.jpg 150w, https:\/\/rad-pol.com.pl\/tkaninydekoracyjne\/wp-content\/uploads\/sites\/3\/2024\/10\/Elysse-1-Male-300x300.jpg 300w, https:\/\/rad-pol.com.pl\/tkaninydekoracyjne\/wp-content\/uploads\/sites\/3\/2024\/10\/Elysse-1-Male-100x100.jpg 100w, https:\/\/rad-pol.com.pl\/tkaninydekoracyjne\/wp-content\/uploads\/sites\/3\/2024\/10\/Elysse-1-Male.jpg 480w\" sizes=\"(max-width: 150px) 100vw, 150px\" \/><\/a>\n\t\t\t<\/dt>\n\t\t\t\t<dd class='wp-caption-text gallery-caption' id='gallery-1-14162'>\n\t\t\t\tElysse-1\n\t\t\t\t<\/dd><\/dl><dl class='gallery-item'>\n\t\t\t<dt class='gallery-icon landscape'>\n\t\t\t\t<a href='https:\/\/rad-pol.com.pl\/tkaninydekoracyjne\/?attachment_id=14163'><img decoding=\"async\" width=\"150\" height=\"150\" src=\"https:\/\/rad-pol.com.pl\/tkaninydekoracyjne\/wp-content\/uploads\/sites\/3\/2024\/10\/Elysse-2-Male-150x150.jpg\" class=\"attachment-thumbnail size-thumbnail\" alt=\"\" aria-describedby=\"gallery-1-14163\" srcset=\"https:\/\/rad-pol.com.pl\/tkaninydekoracyjne\/wp-content\/uploads\/sites\/3\/2024\/10\/Elysse-2-Male-150x150.jpg 150w, https:\/\/rad-pol.com.pl\/tkaninydekoracyjne\/wp-content\/uploads\/sites\/3\/2024\/10\/Elysse-2-Male-300x300.jpg 300w, https:\/\/rad-pol.com.pl\/tkaninydekoracyjne\/wp-content\/uploads\/sites\/3\/2024\/10\/Elysse-2-Male-100x100.jpg 100w, https:\/\/rad-pol.com.pl\/tkaninydekoracyjne\/wp-content\/uploads\/sites\/3\/2024\/10\/Elysse-2-Male.jpg 480w\" sizes=\"(max-width: 150px) 100vw, 150px\" \/><\/a>\n\t\t\t<\/dt>\n\t\t\t\t<dd class='wp-caption-text gallery-caption' id='gallery-1-14163'>\n\t\t\t\tElysse-2\n\t\t\t\t<\/dd><\/dl><dl class='gallery-item'>\n\t\t\t<dt class='gallery-icon landscape'>\n\t\t\t\t<a href='https:\/\/rad-pol.com.pl\/tkaninydekoracyjne\/?attachment_id=14164'><img decoding=\"async\" width=\"150\" height=\"150\" src=\"https:\/\/rad-pol.com.pl\/tkaninydekoracyjne\/wp-content\/uploads\/sites\/3\/2024\/10\/Elysse-3-Male-150x150.jpg\" class=\"attachment-thumbnail size-thumbnail\" alt=\"\" aria-describedby=\"gallery-1-14164\" srcset=\"https:\/\/rad-pol.com.pl\/tkaninydekoracyjne\/wp-content\/uploads\/sites\/3\/2024\/10\/Elysse-3-Male-150x150.jpg 150w, https:\/\/rad-pol.com.pl\/tkaninydekoracyjne\/wp-content\/uploads\/sites\/3\/2024\/10\/Elysse-3-Male-300x300.jpg 300w, https:\/\/rad-pol.com.pl\/tkaninydekoracyjne\/wp-content\/uploads\/sites\/3\/2024\/10\/Elysse-3-Male-100x100.jpg 100w, https:\/\/rad-pol.com.pl\/tkaninydekoracyjne\/wp-content\/uploads\/sites\/3\/2024\/10\/Elysse-3-Male.jpg 480w\" sizes=\"(max-width: 150px) 100vw, 150px\" \/><\/a>\n\t\t\t<\/dt>\n\t\t\t\t<dd class='wp-caption-text gallery-caption' id='gallery-1-14164'>\n\t\t\t\tElysse-3\n\t\t\t\t<\/dd><\/dl><dl class='gallery-item'>\n\t\t\t<dt class='gallery-icon landscape'>\n\t\t\t\t<a href='https:\/\/rad-pol.com.pl\/tkaninydekoracyjne\/?attachment_id=14165'><img loading=\"lazy\" decoding=\"async\" width=\"150\" height=\"150\" src=\"https:\/\/rad-pol.com.pl\/tkaninydekoracyjne\/wp-content\/uploads\/sites\/3\/2024\/10\/Elysse-4-Male-150x150.jpg\" class=\"attachment-thumbnail size-thumbnail\" alt=\"\" aria-describedby=\"gallery-1-14165\" srcset=\"https:\/\/rad-pol.com.pl\/tkaninydekoracyjne\/wp-content\/uploads\/sites\/3\/2024\/10\/Elysse-4-Male-150x150.jpg 150w, https:\/\/rad-pol.com.pl\/tkaninydekoracyjne\/wp-content\/uploads\/sites\/3\/2024\/10\/Elysse-4-Male-300x300.jpg 300w, https:\/\/rad-pol.com.pl\/tkaninydekoracyjne\/wp-content\/uploads\/sites\/3\/2024\/10\/Elysse-4-Male-100x100.jpg 100w, https:\/\/rad-pol.com.pl\/tkaninydekoracyjne\/wp-content\/uploads\/sites\/3\/2024\/10\/Elysse-4-Male.jpg 481w\" sizes=\"(max-width: 150px) 100vw, 150px\" \/><\/a>\n\t\t\t<\/dt>\n\t\t\t\t<dd class='wp-caption-text gallery-caption' id='gallery-1-14165'>\n\t\t\t\tElysse-4\n\t\t\t\t<\/dd><\/dl><dl class='gallery-item'>\n\t\t\t<dt class='gallery-icon landscape'>\n\t\t\t\t<a href='https:\/\/rad-pol.com.pl\/tkaninydekoracyjne\/?attachment_id=14166'><img loading=\"lazy\" decoding=\"async\" width=\"150\" height=\"150\" src=\"https:\/\/rad-pol.com.pl\/tkaninydekoracyjne\/wp-content\/uploads\/sites\/3\/2024\/10\/Elysse-5-Male-150x150.jpg\" class=\"attachment-thumbnail size-thumbnail\" alt=\"\" aria-describedby=\"gallery-1-14166\" srcset=\"https:\/\/rad-pol.com.pl\/tkaninydekoracyjne\/wp-content\/uploads\/sites\/3\/2024\/10\/Elysse-5-Male-150x150.jpg 150w, https:\/\/rad-pol.com.pl\/tkaninydekoracyjne\/wp-content\/uploads\/sites\/3\/2024\/10\/Elysse-5-Male-300x300.jpg 300w, https:\/\/rad-pol.com.pl\/tkaninydekoracyjne\/wp-content\/uploads\/sites\/3\/2024\/10\/Elysse-5-Male-100x100.jpg 100w, https:\/\/rad-pol.com.pl\/tkaninydekoracyjne\/wp-content\/uploads\/sites\/3\/2024\/10\/Elysse-5-Male.jpg 480w\" sizes=\"(max-width: 150px) 100vw, 150px\" \/><\/a>\n\t\t\t<\/dt>\n\t\t\t\t<dd class='wp-caption-text gallery-caption' id='gallery-1-14166'>\n\t\t\t\tElysse-5\n\t\t\t\t<\/dd><\/dl><br style=\"clear: both\" \/>\n\t\t<\/div>\n\n","protected":false},"excerpt":{"rendered":"<p>&nbsp;<\/p>\n<div class=\"expandable\">\n<div class=\"toSlide product_data\">\n<table>\n<tbody>\n<tr>\n<td>szeroko\u015b\u0107<\/td>\n<td>140<\/td>\n<\/tr>\n<tr>\n<td>zastosowanie<\/td>\n<td>tkanina zas\u0142onowo-obiciowo-dekoracyjna<\/td>\n<\/tr>\n<tr>\n<td>wz\u00f3r<\/td>\n<td>ornamenty<\/td>\n<\/tr>\n<tr>\n<td>sk\u0142ad<\/td>\n<td>100% poliester<\/td>\n<\/tr>\n<tr>\n<td>ilo\u015b\u0107 kolor\u00f3w<\/td>\n<td>5<\/td>\n<\/tr>\n<tr>\n<td>gramatura<\/td>\n<td>400 g\/m2<\/td>\n<\/tr>\n<tr>\n<td>\u015bcieralno\u015b\u0107 (martindale)<\/td>\n<td>25000<\/td>\n<\/tr>\n<\/tbody>\n<\/table>\n<p>Pranie i czyszczenie:<\/p>\n<\/div>\n<\/div>\n<table>\n<tbody>\n<tr>\n<td><img decoding=\"async\" src=\"http:\/\/rad-pol.com.pl\/tkaninydekoracyjne\/wp-content\/uploads\/sites\/3\/2024\/05\/mozna-prac.png\" alt=\"mo\u017cna czy\u015bci\u0107 chemicznie\" \/><\/td>\n<td>mo\u017cna czy\u015bci\u0107 chemicznie<\/td>\n<\/tr>\n<tr>\n<td><img decoding=\"async\" src=\"http:\/\/rad-pol.com.pl\/tkaninydekoracyjne\/wp-content\/uploads\/sites\/3\/2024\/04\/etykieta-4338.png\" alt=\"nie wybiela\u0107\" \/><\/td>\n<td>nie wybiela\u0107<\/td>\n<\/tr>\n<tr>\n<td><img decoding=\"async\" src=\"http:\/\/rad-pol.com.pl\/tkaninydekoracyjne\/wp-content\/uploads\/sites\/3\/2024\/09\/etykieta-7256.png\" alt=\"pranie w temperaturze 30\u00b0C\" \/><\/td>\n<td>pranie w temperaturze 30\u00b0C<\/td>\n<\/tr>\n<tr>\n<td><img decoding=\"async\" src=\"http:\/\/rad-pol.com.pl\/tkaninydekoracyjne\/wp-content\/uploads\/sites\/3\/2024\/09\/etykieta-10519.png\" alt=\"prasowanie w temperaturze do 110 \u00b0C\" \/><\/td>\n<td>prasowanie w temperaturze do 110 \u00b0C<\/td>\n<\/tr>\n<\/tbody>\n<\/table>\n<p><img loading=\"lazy\" decoding=\"async\" class=\"alignnone size-full wp-image-1084\" src=\"http:\/\/rad-pol.com.pl\/tkaninydekoracyjne\/wp-content\/uploads\/sites\/3\/2023\/09\/zapraszamy.jpg\" alt=\"\" width=\"568\" height=\"226\" srcset=\"https:\/\/rad-pol.com.pl\/tkaninydekoracyjne\/wp-content\/uploads\/sites\/3\/2023\/09\/zapraszamy.jpg 568w, https:\/\/rad-pol.com.pl\/tkaninydekoracyjne\/wp-content\/uploads\/sites\/3\/2023\/09\/zapraszamy-300x119.jpg 300w, https:\/\/rad-pol.com.pl\/tkaninydekoracyjne\/wp-content\/uploads\/sites\/3\/2023\/09\/zapraszamy-500x199.jpg 500w\" sizes=\"(max-width: 568px) 100vw, 568px\" \/><\/p>\n","protected":false},"featured_media":14157,"comment_status":"open","ping_status":"closed","template":"","meta":[],"product_brand":[],"product_cat":[42,19,46],"product_tag":[53,242,262,52,218,237],"class_list":{"0":"post-14146","1":"product","2":"type-product","3":"status-publish","4":"has-post-thumbnail","6":"product_cat-nowosc","7":"product_cat-obiciowe","8":"product_cat-zaslonowe","9":"product_tag-dekoracyjna","10":"product_tag-klasyczna","11":"product_tag-medaliony","12":"product_tag-obiciowa","13":"product_tag-ornamenty","14":"product_tag-wzorzysta","16":"first","17":"outofstock","18":"shipping-taxable","19":"product-type-simple"},"yoast_head":"<!-- This site is optimized with the Yoast SEO plugin v27.2 - https:\/\/yoast.com\/product\/yoast-seo-wordpress\/ -->\n<title>Elysse ornamenty - Rad-Pol Tkaniny<\/title>\n<meta name=\"description\" content=\"Tkanina ELYSSE to kwintesencja klasycznego pi\u0119kna i elegancji, idealna dla tych, kt\u00f3rzy pragn\u0105 wprowadzi\u0107 do wn\u0119trz nut\u0119 luksusu i wyrafinowanego stylu.\" \/>\n<meta name=\"robots\" content=\"index, follow, max-snippet:-1, max-image-preview:large, max-video-preview:-1\" \/>\n<link rel=\"canonical\" href=\"https:\/\/rad-pol.com.pl\/tkaninydekoracyjne\/produkt\/elysse-ornamenty\/\" \/>\n<meta property=\"og:locale\" content=\"pl_PL\" \/>\n<meta property=\"og:type\" content=\"article\" \/>\n<meta property=\"og:title\" content=\"Elysse ornamenty - Rad-Pol Tkaniny\" \/>\n<meta property=\"og:description\" content=\"Tkanina ELYSSE to kwintesencja klasycznego pi\u0119kna i elegancji, idealna dla tych, kt\u00f3rzy pragn\u0105 wprowadzi\u0107 do wn\u0119trz nut\u0119 luksusu i wyrafinowanego stylu.\" \/>\n<meta property=\"og:url\" content=\"https:\/\/rad-pol.com.pl\/tkaninydekoracyjne\/produkt\/elysse-ornamenty\/\" \/>\n<meta property=\"og:site_name\" content=\"Rad-Pol Tkaniny\" \/>\n<meta property=\"article:publisher\" content=\"https:\/\/www.facebook.com\/RadPolTkaniny\" \/>\n<meta property=\"article:modified_time\" content=\"2024-10-15T09:57:59+00:00\" \/>\n<meta property=\"og:image\" content=\"http:\/\/rad-pol.com.pl\/tkaninydekoracyjne\/wp-content\/uploads\/sites\/3\/2024\/10\/Elysse-2d-Male.jpg\" \/>\n\t<meta property=\"og:image:width\" content=\"480\" \/>\n\t<meta property=\"og:image:height\" content=\"480\" \/>\n\t<meta property=\"og:image:type\" content=\"image\/jpeg\" \/>\n<meta name=\"twitter:card\" content=\"summary_large_image\" \/>\n<meta name=\"twitter:label1\" content=\"Szacowany czas czytania\" \/>\n\t<meta name=\"twitter:data1\" content=\"2 minuty\" \/>\n<script type=\"application\/ld+json\" class=\"yoast-schema-graph\">{\"@context\":\"https:\/\/schema.org\",\"@graph\":[{\"@type\":\"WebPage\",\"@id\":\"https:\/\/rad-pol.com.pl\/tkaninydekoracyjne\/produkt\/elysse-ornamenty\/\",\"url\":\"https:\/\/rad-pol.com.pl\/tkaninydekoracyjne\/produkt\/elysse-ornamenty\/\",\"name\":\"Elysse ornamenty - Rad-Pol Tkaniny\",\"isPartOf\":{\"@id\":\"https:\/\/rad-pol.com.pl\/tkaninydekoracyjne\/#website\"},\"primaryImageOfPage\":{\"@id\":\"https:\/\/rad-pol.com.pl\/tkaninydekoracyjne\/produkt\/elysse-ornamenty\/#primaryimage\"},\"image\":{\"@id\":\"https:\/\/rad-pol.com.pl\/tkaninydekoracyjne\/produkt\/elysse-ornamenty\/#primaryimage\"},\"thumbnailUrl\":\"https:\/\/rad-pol.com.pl\/tkaninydekoracyjne\/wp-content\/uploads\/sites\/3\/2024\/10\/Elysse-2d-Male.jpg\",\"datePublished\":\"2024-10-15T08:20:40+00:00\",\"dateModified\":\"2024-10-15T09:57:59+00:00\",\"description\":\"Tkanina ELYSSE to kwintesencja klasycznego pi\u0119kna i elegancji, idealna dla tych, kt\u00f3rzy pragn\u0105 wprowadzi\u0107 do wn\u0119trz nut\u0119 luksusu i wyrafinowanego stylu.\",\"breadcrumb\":{\"@id\":\"https:\/\/rad-pol.com.pl\/tkaninydekoracyjne\/produkt\/elysse-ornamenty\/#breadcrumb\"},\"inLanguage\":\"pl-PL\",\"potentialAction\":[{\"@type\":\"ReadAction\",\"target\":[\"https:\/\/rad-pol.com.pl\/tkaninydekoracyjne\/produkt\/elysse-ornamenty\/\"]}]},{\"@type\":\"ImageObject\",\"inLanguage\":\"pl-PL\",\"@id\":\"https:\/\/rad-pol.com.pl\/tkaninydekoracyjne\/produkt\/elysse-ornamenty\/#primaryimage\",\"url\":\"https:\/\/rad-pol.com.pl\/tkaninydekoracyjne\/wp-content\/uploads\/sites\/3\/2024\/10\/Elysse-2d-Male.jpg\",\"contentUrl\":\"https:\/\/rad-pol.com.pl\/tkaninydekoracyjne\/wp-content\/uploads\/sites\/3\/2024\/10\/Elysse-2d-Male.jpg\",\"width\":480,\"height\":480},{\"@type\":\"BreadcrumbList\",\"@id\":\"https:\/\/rad-pol.com.pl\/tkaninydekoracyjne\/produkt\/elysse-ornamenty\/#breadcrumb\",\"itemListElement\":[{\"@type\":\"ListItem\",\"position\":1,\"name\":\"Strona g\u0142\u00f3wna\",\"item\":\"https:\/\/rad-pol.com.pl\/tkaninydekoracyjne\/\"},{\"@type\":\"ListItem\",\"position\":2,\"name\":\"Sklep\",\"item\":\"https:\/\/rad-pol.com.pl\/tkaninydekoracyjne\/sklep\/\"},{\"@type\":\"ListItem\",\"position\":3,\"name\":\"Elysse ornamenty\"}]},{\"@type\":\"WebSite\",\"@id\":\"https:\/\/rad-pol.com.pl\/tkaninydekoracyjne\/#website\",\"url\":\"https:\/\/rad-pol.com.pl\/tkaninydekoracyjne\/\",\"name\":\"Rad-Pol Tkaniny\",\"description\":\"\",\"publisher\":{\"@id\":\"https:\/\/rad-pol.com.pl\/tkaninydekoracyjne\/#organization\"},\"potentialAction\":[{\"@type\":\"SearchAction\",\"target\":{\"@type\":\"EntryPoint\",\"urlTemplate\":\"https:\/\/rad-pol.com.pl\/tkaninydekoracyjne\/?s={search_term_string}\"},\"query-input\":{\"@type\":\"PropertyValueSpecification\",\"valueRequired\":true,\"valueName\":\"search_term_string\"}}],\"inLanguage\":\"pl-PL\"},{\"@type\":\"Organization\",\"@id\":\"https:\/\/rad-pol.com.pl\/tkaninydekoracyjne\/#organization\",\"name\":\"Rad-Pol Tkaniny\",\"url\":\"https:\/\/rad-pol.com.pl\/tkaninydekoracyjne\/\",\"logo\":{\"@type\":\"ImageObject\",\"inLanguage\":\"pl-PL\",\"@id\":\"https:\/\/rad-pol.com.pl\/tkaninydekoracyjne\/#\/schema\/logo\/image\/\",\"url\":\"https:\/\/rad-pol.com.pl\/tkaninydekoracyjne\/wp-content\/uploads\/sites\/3\/2024\/04\/RadPol-logo-www.png\",\"contentUrl\":\"https:\/\/rad-pol.com.pl\/tkaninydekoracyjne\/wp-content\/uploads\/sites\/3\/2024\/04\/RadPol-logo-www.png\",\"width\":300,\"height\":108,\"caption\":\"Rad-Pol Tkaniny\"},\"image\":{\"@id\":\"https:\/\/rad-pol.com.pl\/tkaninydekoracyjne\/#\/schema\/logo\/image\/\"},\"sameAs\":[\"https:\/\/www.facebook.com\/RadPolTkaniny\"]}]}<\/script>\n<!-- \/ Yoast SEO plugin. -->","yoast_head_json":{"title":"Elysse ornamenty - Rad-Pol Tkaniny","description":"Tkanina ELYSSE to kwintesencja klasycznego pi\u0119kna i elegancji, idealna dla tych, kt\u00f3rzy pragn\u0105 wprowadzi\u0107 do wn\u0119trz nut\u0119 luksusu i wyrafinowanego stylu.","robots":{"index":"index","follow":"follow","max-snippet":"max-snippet:-1","max-image-preview":"max-image-preview:large","max-video-preview":"max-video-preview:-1"},"canonical":"https:\/\/rad-pol.com.pl\/tkaninydekoracyjne\/produkt\/elysse-ornamenty\/","og_locale":"pl_PL","og_type":"article","og_title":"Elysse ornamenty - Rad-Pol Tkaniny","og_description":"Tkanina ELYSSE to kwintesencja klasycznego pi\u0119kna i elegancji, idealna dla tych, kt\u00f3rzy pragn\u0105 wprowadzi\u0107 do wn\u0119trz nut\u0119 luksusu i wyrafinowanego stylu.","og_url":"https:\/\/rad-pol.com.pl\/tkaninydekoracyjne\/produkt\/elysse-ornamenty\/","og_site_name":"Rad-Pol Tkaniny","article_publisher":"https:\/\/www.facebook.com\/RadPolTkaniny","article_modified_time":"2024-10-15T09:57:59+00:00","og_image":[{"width":480,"height":480,"url":"http:\/\/rad-pol.com.pl\/tkaninydekoracyjne\/wp-content\/uploads\/sites\/3\/2024\/10\/Elysse-2d-Male.jpg","type":"image\/jpeg"}],"twitter_card":"summary_large_image","twitter_misc":{"Szacowany czas czytania":"2 minuty"},"schema":{"@context":"https:\/\/schema.org","@graph":[{"@type":"WebPage","@id":"https:\/\/rad-pol.com.pl\/tkaninydekoracyjne\/produkt\/elysse-ornamenty\/","url":"https:\/\/rad-pol.com.pl\/tkaninydekoracyjne\/produkt\/elysse-ornamenty\/","name":"Elysse ornamenty - Rad-Pol Tkaniny","isPartOf":{"@id":"https:\/\/rad-pol.com.pl\/tkaninydekoracyjne\/#website"},"primaryImageOfPage":{"@id":"https:\/\/rad-pol.com.pl\/tkaninydekoracyjne\/produkt\/elysse-ornamenty\/#primaryimage"},"image":{"@id":"https:\/\/rad-pol.com.pl\/tkaninydekoracyjne\/produkt\/elysse-ornamenty\/#primaryimage"},"thumbnailUrl":"https:\/\/rad-pol.com.pl\/tkaninydekoracyjne\/wp-content\/uploads\/sites\/3\/2024\/10\/Elysse-2d-Male.jpg","datePublished":"2024-10-15T08:20:40+00:00","dateModified":"2024-10-15T09:57:59+00:00","description":"Tkanina ELYSSE to kwintesencja klasycznego pi\u0119kna i elegancji, idealna dla tych, kt\u00f3rzy pragn\u0105 wprowadzi\u0107 do wn\u0119trz nut\u0119 luksusu i wyrafinowanego stylu.","breadcrumb":{"@id":"https:\/\/rad-pol.com.pl\/tkaninydekoracyjne\/produkt\/elysse-ornamenty\/#breadcrumb"},"inLanguage":"pl-PL","potentialAction":[{"@type":"ReadAction","target":["https:\/\/rad-pol.com.pl\/tkaninydekoracyjne\/produkt\/elysse-ornamenty\/"]}]},{"@type":"ImageObject","inLanguage":"pl-PL","@id":"https:\/\/rad-pol.com.pl\/tkaninydekoracyjne\/produkt\/elysse-ornamenty\/#primaryimage","url":"https:\/\/rad-pol.com.pl\/tkaninydekoracyjne\/wp-content\/uploads\/sites\/3\/2024\/10\/Elysse-2d-Male.jpg","contentUrl":"https:\/\/rad-pol.com.pl\/tkaninydekoracyjne\/wp-content\/uploads\/sites\/3\/2024\/10\/Elysse-2d-Male.jpg","width":480,"height":480},{"@type":"BreadcrumbList","@id":"https:\/\/rad-pol.com.pl\/tkaninydekoracyjne\/produkt\/elysse-ornamenty\/#breadcrumb","itemListElement":[{"@type":"ListItem","position":1,"name":"Strona g\u0142\u00f3wna","item":"https:\/\/rad-pol.com.pl\/tkaninydekoracyjne\/"},{"@type":"ListItem","position":2,"name":"Sklep","item":"https:\/\/rad-pol.com.pl\/tkaninydekoracyjne\/sklep\/"},{"@type":"ListItem","position":3,"name":"Elysse ornamenty"}]},{"@type":"WebSite","@id":"https:\/\/rad-pol.com.pl\/tkaninydekoracyjne\/#website","url":"https:\/\/rad-pol.com.pl\/tkaninydekoracyjne\/","name":"Rad-Pol Tkaniny","description":"","publisher":{"@id":"https:\/\/rad-pol.com.pl\/tkaninydekoracyjne\/#organization"},"potentialAction":[{"@type":"SearchAction","target":{"@type":"EntryPoint","urlTemplate":"https:\/\/rad-pol.com.pl\/tkaninydekoracyjne\/?s={search_term_string}"},"query-input":{"@type":"PropertyValueSpecification","valueRequired":true,"valueName":"search_term_string"}}],"inLanguage":"pl-PL"},{"@type":"Organization","@id":"https:\/\/rad-pol.com.pl\/tkaninydekoracyjne\/#organization","name":"Rad-Pol Tkaniny","url":"https:\/\/rad-pol.com.pl\/tkaninydekoracyjne\/","logo":{"@type":"ImageObject","inLanguage":"pl-PL","@id":"https:\/\/rad-pol.com.pl\/tkaninydekoracyjne\/#\/schema\/logo\/image\/","url":"https:\/\/rad-pol.com.pl\/tkaninydekoracyjne\/wp-content\/uploads\/sites\/3\/2024\/04\/RadPol-logo-www.png","contentUrl":"https:\/\/rad-pol.com.pl\/tkaninydekoracyjne\/wp-content\/uploads\/sites\/3\/2024\/04\/RadPol-logo-www.png","width":300,"height":108,"caption":"Rad-Pol Tkaniny"},"image":{"@id":"https:\/\/rad-pol.com.pl\/tkaninydekoracyjne\/#\/schema\/logo\/image\/"},"sameAs":["https:\/\/www.facebook.com\/RadPolTkaniny"]}]}},"_links":{"self":[{"href":"https:\/\/rad-pol.com.pl\/tkaninydekoracyjne\/wp-json\/wp\/v2\/product\/14146","targetHints":{"allow":["GET"]}}],"collection":[{"href":"https:\/\/rad-pol.com.pl\/tkaninydekoracyjne\/wp-json\/wp\/v2\/product"}],"about":[{"href":"https:\/\/rad-pol.com.pl\/tkaninydekoracyjne\/wp-json\/wp\/v2\/types\/product"}],"replies":[{"embeddable":true,"href":"https:\/\/rad-pol.com.pl\/tkaninydekoracyjne\/wp-json\/wp\/v2\/comments?post=14146"}],"version-history":[{"count":1,"href":"https:\/\/rad-pol.com.pl\/tkaninydekoracyjne\/wp-json\/wp\/v2\/product\/14146\/revisions"}],"predecessor-version":[{"id":14167,"href":"https:\/\/rad-pol.com.pl\/tkaninydekoracyjne\/wp-json\/wp\/v2\/product\/14146\/revisions\/14167"}],"wp:featuredmedia":[{"embeddable":true,"href":"https:\/\/rad-pol.com.pl\/tkaninydekoracyjne\/wp-json\/wp\/v2\/media\/14157"}],"wp:attachment":[{"href":"https:\/\/rad-pol.com.pl\/tkaninydekoracyjne\/wp-json\/wp\/v2\/media?parent=14146"}],"wp:term":[{"taxonomy":"product_brand","embeddable":true,"href":"https:\/\/rad-pol.com.pl\/tkaninydekoracyjne\/wp-json\/wp\/v2\/product_brand?post=14146"},{"taxonomy":"product_cat","embeddable":true,"href":"https:\/\/rad-pol.com.pl\/tkaninydekoracyjne\/wp-json\/wp\/v2\/product_cat?post=14146"},{"taxonomy":"product_tag","embeddable":true,"href":"https:\/\/rad-pol.com.pl\/tkaninydekoracyjne\/wp-json\/wp\/v2\/product_tag?post=14146"}],"curies":[{"name":"wp","href":"https:\/\/api.w.org\/{rel}","templated":true}]}}