{"id":15004,"date":"2025-08-25T14:15:58","date_gmt":"2025-08-25T12:15:58","guid":{"rendered":"https:\/\/rad-pol.com.pl\/tkaninydekoracyjne\/?post_type=product&#038;p=15004"},"modified":"2025-09-17T10:52:08","modified_gmt":"2025-09-17T08:52:08","slug":"romanticco-romby","status":"publish","type":"product","link":"https:\/\/rad-pol.com.pl\/tkaninydekoracyjne\/produkt\/romanticco-romby\/","title":{"rendered":"Romanticco romby"},"content":{"rendered":"<h4 data-start=\"68\" data-end=\"128\"><strong data-start=\"72\" data-end=\"126\">Romanticco Romby \u2013 subtelny ornament i z\u0142oty detal<\/strong><\/h4>\n<p data-start=\"130\" data-end=\"401\"><strong data-start=\"140\" data-end=\"160\">Romanticco Romby<\/strong> to doskona\u0142e uzupe\u0142nienie kolekcji <strong data-start=\"196\" data-end=\"210\">Romanticco<\/strong>, zachwycaj\u0105ce <strong data-start=\"225\" data-end=\"282\">drobnych wzorem romb\u00f3w zdobionych z\u0142ocistym po\u0142yskiem<\/strong>. W ka\u017cdym rombie ukryty jest <strong data-start=\"312\" data-end=\"340\">delikatny motyw kwiatowy<\/strong>, kt\u00f3ry nadaje tkaninie romantyczny, dekoracyjny charakter.<\/p>\n<p data-start=\"403\" data-end=\"759\">Wykonana z wysokiej jako\u015bci materia\u0142u z <strong data-start=\"443\" data-end=\"468\">55% dodatkiem wiskozy<\/strong>, tkanina ma subtelny, naturalny wygl\u0105d, a z\u0142ote akcenty pi\u0119knie odbijaj\u0105 \u015bwiat\u0142o, tworz\u0105c efekt luksusowej elegancji. Jej <strong data-start=\"591\" data-end=\"618\">lekko sztywna struktura<\/strong> sprawia, \u017ce idealnie nadaje si\u0119 na <strong data-start=\"654\" data-end=\"670\">obicia mebli<\/strong>, ale \u015bwietnie prezentuje si\u0119 r\u00f3wnie\u017c jako <strong data-start=\"713\" data-end=\"756\">zas\u0142ony, rolety rzymskie czy lambrekiny<\/strong>.<\/p>\n<h4 data-start=\"761\" data-end=\"811\"><strong data-start=\"766\" data-end=\"809\">Dlaczego warto wybra\u0107 Romanticco Romby?<\/strong><\/h4>\n<ul data-start=\"812\" data-end=\"1084\">\n<li data-start=\"812\" data-end=\"911\">\n<p data-start=\"814\" data-end=\"911\"><strong data-start=\"814\" data-end=\"834\">Dekoracyjny wz\u00f3r<\/strong> \u2013 drobne, geometryczne romby z kwiatowym detalem i z\u0142ocistym wyko\u0144czeniem.<\/p>\n<\/li>\n<li data-start=\"912\" data-end=\"1009\">\n<p data-start=\"914\" data-end=\"1009\"><strong data-start=\"914\" data-end=\"938\">Elegancja i trwa\u0142o\u015b\u0107<\/strong> \u2013 naturalny charakter i wysoka jako\u015b\u0107 dzi\u0119ki 55% wiskozy w sk\u0142adzie.<\/p>\n<\/li>\n<li data-start=\"1010\" data-end=\"1084\">\n<p data-start=\"1012\" data-end=\"1084\"><strong data-start=\"1012\" data-end=\"1040\">Uniwersalno\u015b\u0107 zastosowa\u0144<\/strong> \u2013 doskona\u0142a na meble i dekoracje okienne.<\/p>\n<\/li>\n<\/ul>\n<h4 data-start=\"1086\" data-end=\"1138\"><strong data-start=\"1091\" data-end=\"1136\">Do jakich wn\u0119trz pasuje Romanticco Romby?<\/strong><\/h4>\n<p data-start=\"1139\" data-end=\"1427\">\u015awietnie sprawdzi si\u0119 w <strong data-start=\"1163\" data-end=\"1190\">klasycznych aran\u017cacjach<\/strong>, ale r\u00f3wnie dobrze odnajdzie si\u0119 w stylu <strong data-start=\"1245\" data-end=\"1260\">new classic<\/strong> czy <strong data-start=\"1265\" data-end=\"1281\">romantycznym<\/strong>, gdzie liczy si\u0119 detal i wyrafinowana forma. Idealnie komponuje si\u0119 z tkanin\u0105 <strong data-start=\"1360\" data-end=\"1383\">Romanticco w kwiaty<\/strong>, tworz\u0105c sp\u00f3jne i eleganckie zestawienia.<\/p>\n<p data-start=\"1429\" data-end=\"1592\"><strong data-start=\"1429\" data-end=\"1449\">Romanticco Romby<\/strong> to tkanina, kt\u00f3ra subtelnie \u0142\u0105czy <strong data-start=\"1484\" data-end=\"1526\">geometri\u0119, z\u0142oty po\u0142ysk i motyw natury<\/strong>, wprowadzaj\u0105c do wn\u0119trza <strong data-start=\"1552\" data-end=\"1589\">harmoni\u0119, szyk i odrobin\u0119 luksusu<\/strong>.<\/p>\n<p>Dost\u0119pne kolory:<\/p>\n\n\t\t<style type=\"text\/css\">\n\t\t\t#gallery-1 {\n\t\t\t\tmargin: auto;\n\t\t\t}\n\t\t\t#gallery-1 .gallery-item {\n\t\t\t\tfloat: left;\n\t\t\t\tmargin-top: 10px;\n\t\t\t\ttext-align: center;\n\t\t\t\twidth: 20%;\n\t\t\t}\n\t\t\t#gallery-1 img {\n\t\t\t\tborder: 2px solid #cfcfcf;\n\t\t\t}\n\t\t\t#gallery-1 .gallery-caption {\n\t\t\t\tmargin-left: 0;\n\t\t\t}\n\t\t\t\/* see gallery_shortcode() in wp-includes\/media.php *\/\n\t\t<\/style>\n\t\t<div id='gallery-1' class='gallery galleryid-15004 gallery-columns-5 gallery-size-thumbnail'><dl class='gallery-item'>\n\t\t\t<dt class='gallery-icon landscape'>\n\t\t\t\t<a href='https:\/\/rad-pol.com.pl\/tkaninydekoracyjne\/?attachment_id=15005'><img decoding=\"async\" width=\"150\" height=\"150\" src=\"https:\/\/rad-pol.com.pl\/tkaninydekoracyjne\/wp-content\/uploads\/sites\/3\/2025\/08\/Romanticco-5-Srednie-150x150.jpg\" class=\"attachment-thumbnail size-thumbnail\" alt=\"\" aria-describedby=\"gallery-1-15005\" srcset=\"https:\/\/rad-pol.com.pl\/tkaninydekoracyjne\/wp-content\/uploads\/sites\/3\/2025\/08\/Romanticco-5-Srednie-150x150.jpg 150w, https:\/\/rad-pol.com.pl\/tkaninydekoracyjne\/wp-content\/uploads\/sites\/3\/2025\/08\/Romanticco-5-Srednie-300x300.jpg 300w, https:\/\/rad-pol.com.pl\/tkaninydekoracyjne\/wp-content\/uploads\/sites\/3\/2025\/08\/Romanticco-5-Srednie-650x650.jpg 650w, https:\/\/rad-pol.com.pl\/tkaninydekoracyjne\/wp-content\/uploads\/sites\/3\/2025\/08\/Romanticco-5-Srednie-600x600.jpg 600w, https:\/\/rad-pol.com.pl\/tkaninydekoracyjne\/wp-content\/uploads\/sites\/3\/2025\/08\/Romanticco-5-Srednie-100x100.jpg 100w, https:\/\/rad-pol.com.pl\/tkaninydekoracyjne\/wp-content\/uploads\/sites\/3\/2025\/08\/Romanticco-5-Srednie.jpg 768w\" sizes=\"(max-width: 150px) 100vw, 150px\" \/><\/a>\n\t\t\t<\/dt>\n\t\t\t\t<dd class='wp-caption-text gallery-caption' id='gallery-1-15005'>\n\t\t\t\tRomanticco-5\n\t\t\t\t<\/dd><\/dl><dl class='gallery-item'>\n\t\t\t<dt class='gallery-icon landscape'>\n\t\t\t\t<a href='https:\/\/rad-pol.com.pl\/tkaninydekoracyjne\/?attachment_id=15010'><img decoding=\"async\" width=\"150\" height=\"150\" src=\"https:\/\/rad-pol.com.pl\/tkaninydekoracyjne\/wp-content\/uploads\/sites\/3\/2025\/08\/Romanticco-8-Srednie-150x150.jpg\" class=\"attachment-thumbnail size-thumbnail\" alt=\"\" aria-describedby=\"gallery-1-15010\" srcset=\"https:\/\/rad-pol.com.pl\/tkaninydekoracyjne\/wp-content\/uploads\/sites\/3\/2025\/08\/Romanticco-8-Srednie-150x150.jpg 150w, https:\/\/rad-pol.com.pl\/tkaninydekoracyjne\/wp-content\/uploads\/sites\/3\/2025\/08\/Romanticco-8-Srednie-300x300.jpg 300w, https:\/\/rad-pol.com.pl\/tkaninydekoracyjne\/wp-content\/uploads\/sites\/3\/2025\/08\/Romanticco-8-Srednie-650x650.jpg 650w, https:\/\/rad-pol.com.pl\/tkaninydekoracyjne\/wp-content\/uploads\/sites\/3\/2025\/08\/Romanticco-8-Srednie-600x600.jpg 600w, https:\/\/rad-pol.com.pl\/tkaninydekoracyjne\/wp-content\/uploads\/sites\/3\/2025\/08\/Romanticco-8-Srednie-100x100.jpg 100w, https:\/\/rad-pol.com.pl\/tkaninydekoracyjne\/wp-content\/uploads\/sites\/3\/2025\/08\/Romanticco-8-Srednie.jpg 768w\" sizes=\"(max-width: 150px) 100vw, 150px\" \/><\/a>\n\t\t\t<\/dt>\n\t\t\t\t<dd class='wp-caption-text gallery-caption' id='gallery-1-15010'>\n\t\t\t\tRomanticco-8\n\t\t\t\t<\/dd><\/dl>\n\t\t\t<br style='clear: both' \/>\n\t\t<\/div>\n\n","protected":false},"excerpt":{"rendered":"<p>&nbsp;<\/p>\n<div class=\"expandable\">\n<div class=\"toSlide product_data\">\n<table>\n<tbody>\n<tr>\n<td>szeroko\u015b\u0107<\/td>\n<td>280<\/td>\n<\/tr>\n<tr>\n<td>zastosowanie<\/td>\n<td>zas\u0142ony, obicia, dekoracje, rolety<\/td>\n<\/tr>\n<tr>\n<td>wz\u00f3r<\/td>\n<td>romby<\/td>\n<\/tr>\n<tr>\n<td>sk\u0142ad<\/td>\n<td>55% poliester, 45% wiskoza LS<\/td>\n<\/tr>\n<tr>\n<td>ilo\u015b\u0107 kolor\u00f3w<\/td>\n<td>2<\/td>\n<\/tr>\n<tr>\n<td>gramatura<\/td>\n<td>400 g\/m2<\/td>\n<\/tr>\n<tr>\n<td>\u015bcieralno\u015b\u0107 (martindale)<\/td>\n<td>20.000<\/td>\n<\/tr>\n<tr>\n<td>raport szer.\/wys.<\/td>\n<td><\/td>\n<\/tr>\n<\/tbody>\n<\/table>\n<p>Pranie i czyszczenie:<\/p>\n<\/div>\n<\/div>\n<table>\n<tbody>\n<tr>\n<td><img decoding=\"async\" src=\"http:\/\/rad-pol.com.pl\/tkaninydekoracyjne\/wp-content\/uploads\/sites\/3\/2024\/05\/mozna-prac.png\" alt=\"mo\u017cna czy\u015bci\u0107 chemicznie\" \/><\/td>\n<td>mo\u017cna czy\u015bci\u0107 chemicznie<\/td>\n<\/tr>\n<tr>\n<td><img decoding=\"async\" src=\"http:\/\/rad-pol.com.pl\/tkaninydekoracyjne\/wp-content\/uploads\/sites\/3\/2024\/04\/etykieta-4338.png\" alt=\"nie wybiela\u0107\" \/><\/td>\n<td>nie wybiela\u0107<\/td>\n<\/tr>\n<tr>\n<td><img decoding=\"async\" src=\"http:\/\/rad-pol.com.pl\/tkaninydekoracyjne\/wp-content\/uploads\/sites\/3\/2024\/05\/pranie-delikatne.png\" alt=\"pranie delikatne\" \/><\/td>\n<td>pranie delikatne<\/td>\n<\/tr>\n<tr>\n<td><img decoding=\"async\" src=\"http:\/\/rad-pol.com.pl\/tkaninydekoracyjne\/wp-content\/uploads\/sites\/3\/2024\/09\/etykieta-10519.png\" alt=\"prasowanie w temperaturze do 110 \u00b0C\" \/><\/td>\n<td>prasowanie w temperaturze do 110 \u00b0C<\/td>\n<\/tr>\n<\/tbody>\n<\/table>\n<p><img fetchpriority=\"high\" decoding=\"async\" class=\"alignnone size-full wp-image-1084\" src=\"http:\/\/rad-pol.com.pl\/tkaninydekoracyjne\/wp-content\/uploads\/sites\/3\/2023\/09\/zapraszamy.jpg\" alt=\"\" width=\"568\" height=\"226\" srcset=\"https:\/\/rad-pol.com.pl\/tkaninydekoracyjne\/wp-content\/uploads\/sites\/3\/2023\/09\/zapraszamy.jpg 568w, https:\/\/rad-pol.com.pl\/tkaninydekoracyjne\/wp-content\/uploads\/sites\/3\/2023\/09\/zapraszamy-300x119.jpg 300w, https:\/\/rad-pol.com.pl\/tkaninydekoracyjne\/wp-content\/uploads\/sites\/3\/2023\/09\/zapraszamy-500x199.jpg 500w\" sizes=\"(max-width: 568px) 100vw, 568px\" \/><\/p>\n","protected":false},"featured_media":15007,"comment_status":"open","ping_status":"closed","template":"","meta":[],"product_brand":[],"product_cat":[19,263,46],"product_tag":[53,280,242,213,52,264,237],"class_list":{"0":"post-15004","1":"product","2":"type-product","3":"status-publish","4":"has-post-thumbnail","6":"product_cat-obiciowe","7":"product_cat-wiskoza","8":"product_cat-zaslonowe","9":"product_tag-dekoracyjna","10":"product_tag-geometryczna","11":"product_tag-klasyczna","12":"product_tag-kwiaty","13":"product_tag-obiciowa","14":"product_tag-wiskoza","15":"product_tag-wzorzysta","17":"first","18":"outofstock","19":"shipping-taxable","20":"product-type-simple"},"yoast_head":"<!-- This site is optimized with the Yoast SEO plugin v27.2 - https:\/\/yoast.com\/product\/yoast-seo-wordpress\/ -->\n<title>Romanticco romby - Rad-Pol Tkaniny<\/title>\n<meta name=\"description\" content=\"Romanticco Romby to doskona\u0142e uzupe\u0142nienie kolekcji Romanticco, zachwycaj\u0105ce drobnych wzorem romb\u00f3w zdobionych z\u0142ocistym po\u0142yskiem.\" \/>\n<meta name=\"robots\" content=\"index, follow, max-snippet:-1, max-image-preview:large, max-video-preview:-1\" \/>\n<link rel=\"canonical\" href=\"https:\/\/rad-pol.com.pl\/tkaninydekoracyjne\/produkt\/romanticco-romby\/\" \/>\n<meta property=\"og:locale\" content=\"pl_PL\" \/>\n<meta property=\"og:type\" content=\"article\" \/>\n<meta property=\"og:title\" content=\"Romanticco romby - Rad-Pol Tkaniny\" \/>\n<meta property=\"og:description\" content=\"Romanticco Romby to doskona\u0142e uzupe\u0142nienie kolekcji Romanticco, zachwycaj\u0105ce drobnych wzorem romb\u00f3w zdobionych z\u0142ocistym po\u0142yskiem.\" \/>\n<meta property=\"og:url\" content=\"https:\/\/rad-pol.com.pl\/tkaninydekoracyjne\/produkt\/romanticco-romby\/\" \/>\n<meta property=\"og:site_name\" content=\"Rad-Pol Tkaniny\" \/>\n<meta property=\"article:publisher\" content=\"https:\/\/www.facebook.com\/RadPolTkaniny\" \/>\n<meta property=\"article:modified_time\" content=\"2025-09-17T08:52:08+00:00\" \/>\n<meta property=\"og:image\" content=\"http:\/\/rad-pol.com.pl\/tkaninydekoracyjne\/wp-content\/uploads\/sites\/3\/2025\/08\/Romanticco-52-Srednie-rotated.jpg\" \/>\n\t<meta property=\"og:image:width\" content=\"768\" \/>\n\t<meta property=\"og:image:height\" content=\"1024\" \/>\n\t<meta property=\"og:image:type\" content=\"image\/jpeg\" \/>\n<meta name=\"twitter:card\" content=\"summary_large_image\" \/>\n<meta name=\"twitter:label1\" content=\"Szacowany czas czytania\" \/>\n\t<meta name=\"twitter:data1\" content=\"2 minuty\" \/>\n<script type=\"application\/ld+json\" class=\"yoast-schema-graph\">{\"@context\":\"https:\/\/schema.org\",\"@graph\":[{\"@type\":\"WebPage\",\"@id\":\"https:\/\/rad-pol.com.pl\/tkaninydekoracyjne\/produkt\/romanticco-romby\/\",\"url\":\"https:\/\/rad-pol.com.pl\/tkaninydekoracyjne\/produkt\/romanticco-romby\/\",\"name\":\"Romanticco romby - Rad-Pol Tkaniny\",\"isPartOf\":{\"@id\":\"https:\/\/rad-pol.com.pl\/tkaninydekoracyjne\/#website\"},\"primaryImageOfPage\":{\"@id\":\"https:\/\/rad-pol.com.pl\/tkaninydekoracyjne\/produkt\/romanticco-romby\/#primaryimage\"},\"image\":{\"@id\":\"https:\/\/rad-pol.com.pl\/tkaninydekoracyjne\/produkt\/romanticco-romby\/#primaryimage\"},\"thumbnailUrl\":\"https:\/\/rad-pol.com.pl\/tkaninydekoracyjne\/wp-content\/uploads\/sites\/3\/2025\/08\/Romanticco-52-Srednie-rotated.jpg\",\"datePublished\":\"2025-08-25T12:15:58+00:00\",\"dateModified\":\"2025-09-17T08:52:08+00:00\",\"description\":\"Romanticco Romby to doskona\u0142e uzupe\u0142nienie kolekcji Romanticco, zachwycaj\u0105ce drobnych wzorem romb\u00f3w zdobionych z\u0142ocistym po\u0142yskiem.\",\"breadcrumb\":{\"@id\":\"https:\/\/rad-pol.com.pl\/tkaninydekoracyjne\/produkt\/romanticco-romby\/#breadcrumb\"},\"inLanguage\":\"pl-PL\",\"potentialAction\":[{\"@type\":\"ReadAction\",\"target\":[\"https:\/\/rad-pol.com.pl\/tkaninydekoracyjne\/produkt\/romanticco-romby\/\"]}]},{\"@type\":\"ImageObject\",\"inLanguage\":\"pl-PL\",\"@id\":\"https:\/\/rad-pol.com.pl\/tkaninydekoracyjne\/produkt\/romanticco-romby\/#primaryimage\",\"url\":\"https:\/\/rad-pol.com.pl\/tkaninydekoracyjne\/wp-content\/uploads\/sites\/3\/2025\/08\/Romanticco-52-Srednie-rotated.jpg\",\"contentUrl\":\"https:\/\/rad-pol.com.pl\/tkaninydekoracyjne\/wp-content\/uploads\/sites\/3\/2025\/08\/Romanticco-52-Srednie-rotated.jpg\",\"width\":768,\"height\":1024},{\"@type\":\"BreadcrumbList\",\"@id\":\"https:\/\/rad-pol.com.pl\/tkaninydekoracyjne\/produkt\/romanticco-romby\/#breadcrumb\",\"itemListElement\":[{\"@type\":\"ListItem\",\"position\":1,\"name\":\"Strona g\u0142\u00f3wna\",\"item\":\"https:\/\/rad-pol.com.pl\/tkaninydekoracyjne\/\"},{\"@type\":\"ListItem\",\"position\":2,\"name\":\"Sklep\",\"item\":\"https:\/\/rad-pol.com.pl\/tkaninydekoracyjne\/sklep\/\"},{\"@type\":\"ListItem\",\"position\":3,\"name\":\"Romanticco romby\"}]},{\"@type\":\"WebSite\",\"@id\":\"https:\/\/rad-pol.com.pl\/tkaninydekoracyjne\/#website\",\"url\":\"https:\/\/rad-pol.com.pl\/tkaninydekoracyjne\/\",\"name\":\"Rad-Pol Tkaniny\",\"description\":\"\",\"publisher\":{\"@id\":\"https:\/\/rad-pol.com.pl\/tkaninydekoracyjne\/#organization\"},\"potentialAction\":[{\"@type\":\"SearchAction\",\"target\":{\"@type\":\"EntryPoint\",\"urlTemplate\":\"https:\/\/rad-pol.com.pl\/tkaninydekoracyjne\/?s={search_term_string}\"},\"query-input\":{\"@type\":\"PropertyValueSpecification\",\"valueRequired\":true,\"valueName\":\"search_term_string\"}}],\"inLanguage\":\"pl-PL\"},{\"@type\":\"Organization\",\"@id\":\"https:\/\/rad-pol.com.pl\/tkaninydekoracyjne\/#organization\",\"name\":\"Rad-Pol Tkaniny\",\"url\":\"https:\/\/rad-pol.com.pl\/tkaninydekoracyjne\/\",\"logo\":{\"@type\":\"ImageObject\",\"inLanguage\":\"pl-PL\",\"@id\":\"https:\/\/rad-pol.com.pl\/tkaninydekoracyjne\/#\/schema\/logo\/image\/\",\"url\":\"https:\/\/rad-pol.com.pl\/tkaninydekoracyjne\/wp-content\/uploads\/sites\/3\/2024\/04\/RadPol-logo-www.png\",\"contentUrl\":\"https:\/\/rad-pol.com.pl\/tkaninydekoracyjne\/wp-content\/uploads\/sites\/3\/2024\/04\/RadPol-logo-www.png\",\"width\":300,\"height\":108,\"caption\":\"Rad-Pol Tkaniny\"},\"image\":{\"@id\":\"https:\/\/rad-pol.com.pl\/tkaninydekoracyjne\/#\/schema\/logo\/image\/\"},\"sameAs\":[\"https:\/\/www.facebook.com\/RadPolTkaniny\"]}]}<\/script>\n<!-- \/ Yoast SEO plugin. -->","yoast_head_json":{"title":"Romanticco romby - Rad-Pol Tkaniny","description":"Romanticco Romby to doskona\u0142e uzupe\u0142nienie kolekcji Romanticco, zachwycaj\u0105ce drobnych wzorem romb\u00f3w zdobionych z\u0142ocistym po\u0142yskiem.","robots":{"index":"index","follow":"follow","max-snippet":"max-snippet:-1","max-image-preview":"max-image-preview:large","max-video-preview":"max-video-preview:-1"},"canonical":"https:\/\/rad-pol.com.pl\/tkaninydekoracyjne\/produkt\/romanticco-romby\/","og_locale":"pl_PL","og_type":"article","og_title":"Romanticco romby - Rad-Pol Tkaniny","og_description":"Romanticco Romby to doskona\u0142e uzupe\u0142nienie kolekcji Romanticco, zachwycaj\u0105ce drobnych wzorem romb\u00f3w zdobionych z\u0142ocistym po\u0142yskiem.","og_url":"https:\/\/rad-pol.com.pl\/tkaninydekoracyjne\/produkt\/romanticco-romby\/","og_site_name":"Rad-Pol Tkaniny","article_publisher":"https:\/\/www.facebook.com\/RadPolTkaniny","article_modified_time":"2025-09-17T08:52:08+00:00","og_image":[{"width":768,"height":1024,"url":"http:\/\/rad-pol.com.pl\/tkaninydekoracyjne\/wp-content\/uploads\/sites\/3\/2025\/08\/Romanticco-52-Srednie-rotated.jpg","type":"image\/jpeg"}],"twitter_card":"summary_large_image","twitter_misc":{"Szacowany czas czytania":"2 minuty"},"schema":{"@context":"https:\/\/schema.org","@graph":[{"@type":"WebPage","@id":"https:\/\/rad-pol.com.pl\/tkaninydekoracyjne\/produkt\/romanticco-romby\/","url":"https:\/\/rad-pol.com.pl\/tkaninydekoracyjne\/produkt\/romanticco-romby\/","name":"Romanticco romby - Rad-Pol Tkaniny","isPartOf":{"@id":"https:\/\/rad-pol.com.pl\/tkaninydekoracyjne\/#website"},"primaryImageOfPage":{"@id":"https:\/\/rad-pol.com.pl\/tkaninydekoracyjne\/produkt\/romanticco-romby\/#primaryimage"},"image":{"@id":"https:\/\/rad-pol.com.pl\/tkaninydekoracyjne\/produkt\/romanticco-romby\/#primaryimage"},"thumbnailUrl":"https:\/\/rad-pol.com.pl\/tkaninydekoracyjne\/wp-content\/uploads\/sites\/3\/2025\/08\/Romanticco-52-Srednie-rotated.jpg","datePublished":"2025-08-25T12:15:58+00:00","dateModified":"2025-09-17T08:52:08+00:00","description":"Romanticco Romby to doskona\u0142e uzupe\u0142nienie kolekcji Romanticco, zachwycaj\u0105ce drobnych wzorem romb\u00f3w zdobionych z\u0142ocistym po\u0142yskiem.","breadcrumb":{"@id":"https:\/\/rad-pol.com.pl\/tkaninydekoracyjne\/produkt\/romanticco-romby\/#breadcrumb"},"inLanguage":"pl-PL","potentialAction":[{"@type":"ReadAction","target":["https:\/\/rad-pol.com.pl\/tkaninydekoracyjne\/produkt\/romanticco-romby\/"]}]},{"@type":"ImageObject","inLanguage":"pl-PL","@id":"https:\/\/rad-pol.com.pl\/tkaninydekoracyjne\/produkt\/romanticco-romby\/#primaryimage","url":"https:\/\/rad-pol.com.pl\/tkaninydekoracyjne\/wp-content\/uploads\/sites\/3\/2025\/08\/Romanticco-52-Srednie-rotated.jpg","contentUrl":"https:\/\/rad-pol.com.pl\/tkaninydekoracyjne\/wp-content\/uploads\/sites\/3\/2025\/08\/Romanticco-52-Srednie-rotated.jpg","width":768,"height":1024},{"@type":"BreadcrumbList","@id":"https:\/\/rad-pol.com.pl\/tkaninydekoracyjne\/produkt\/romanticco-romby\/#breadcrumb","itemListElement":[{"@type":"ListItem","position":1,"name":"Strona g\u0142\u00f3wna","item":"https:\/\/rad-pol.com.pl\/tkaninydekoracyjne\/"},{"@type":"ListItem","position":2,"name":"Sklep","item":"https:\/\/rad-pol.com.pl\/tkaninydekoracyjne\/sklep\/"},{"@type":"ListItem","position":3,"name":"Romanticco romby"}]},{"@type":"WebSite","@id":"https:\/\/rad-pol.com.pl\/tkaninydekoracyjne\/#website","url":"https:\/\/rad-pol.com.pl\/tkaninydekoracyjne\/","name":"Rad-Pol Tkaniny","description":"","publisher":{"@id":"https:\/\/rad-pol.com.pl\/tkaninydekoracyjne\/#organization"},"potentialAction":[{"@type":"SearchAction","target":{"@type":"EntryPoint","urlTemplate":"https:\/\/rad-pol.com.pl\/tkaninydekoracyjne\/?s={search_term_string}"},"query-input":{"@type":"PropertyValueSpecification","valueRequired":true,"valueName":"search_term_string"}}],"inLanguage":"pl-PL"},{"@type":"Organization","@id":"https:\/\/rad-pol.com.pl\/tkaninydekoracyjne\/#organization","name":"Rad-Pol Tkaniny","url":"https:\/\/rad-pol.com.pl\/tkaninydekoracyjne\/","logo":{"@type":"ImageObject","inLanguage":"pl-PL","@id":"https:\/\/rad-pol.com.pl\/tkaninydekoracyjne\/#\/schema\/logo\/image\/","url":"https:\/\/rad-pol.com.pl\/tkaninydekoracyjne\/wp-content\/uploads\/sites\/3\/2024\/04\/RadPol-logo-www.png","contentUrl":"https:\/\/rad-pol.com.pl\/tkaninydekoracyjne\/wp-content\/uploads\/sites\/3\/2024\/04\/RadPol-logo-www.png","width":300,"height":108,"caption":"Rad-Pol Tkaniny"},"image":{"@id":"https:\/\/rad-pol.com.pl\/tkaninydekoracyjne\/#\/schema\/logo\/image\/"},"sameAs":["https:\/\/www.facebook.com\/RadPolTkaniny"]}]}},"_links":{"self":[{"href":"https:\/\/rad-pol.com.pl\/tkaninydekoracyjne\/wp-json\/wp\/v2\/product\/15004","targetHints":{"allow":["GET"]}}],"collection":[{"href":"https:\/\/rad-pol.com.pl\/tkaninydekoracyjne\/wp-json\/wp\/v2\/product"}],"about":[{"href":"https:\/\/rad-pol.com.pl\/tkaninydekoracyjne\/wp-json\/wp\/v2\/types\/product"}],"replies":[{"embeddable":true,"href":"https:\/\/rad-pol.com.pl\/tkaninydekoracyjne\/wp-json\/wp\/v2\/comments?post=15004"}],"version-history":[{"count":3,"href":"https:\/\/rad-pol.com.pl\/tkaninydekoracyjne\/wp-json\/wp\/v2\/product\/15004\/revisions"}],"predecessor-version":[{"id":15016,"href":"https:\/\/rad-pol.com.pl\/tkaninydekoracyjne\/wp-json\/wp\/v2\/product\/15004\/revisions\/15016"}],"wp:featuredmedia":[{"embeddable":true,"href":"https:\/\/rad-pol.com.pl\/tkaninydekoracyjne\/wp-json\/wp\/v2\/media\/15007"}],"wp:attachment":[{"href":"https:\/\/rad-pol.com.pl\/tkaninydekoracyjne\/wp-json\/wp\/v2\/media?parent=15004"}],"wp:term":[{"taxonomy":"product_brand","embeddable":true,"href":"https:\/\/rad-pol.com.pl\/tkaninydekoracyjne\/wp-json\/wp\/v2\/product_brand?post=15004"},{"taxonomy":"product_cat","embeddable":true,"href":"https:\/\/rad-pol.com.pl\/tkaninydekoracyjne\/wp-json\/wp\/v2\/product_cat?post=15004"},{"taxonomy":"product_tag","embeddable":true,"href":"https:\/\/rad-pol.com.pl\/tkaninydekoracyjne\/wp-json\/wp\/v2\/product_tag?post=15004"}],"curies":[{"name":"wp","href":"https:\/\/api.w.org\/{rel}","templated":true}]}}