{"id":15236,"date":"2025-09-23T10:55:18","date_gmt":"2025-09-23T08:55:18","guid":{"rendered":"https:\/\/rad-pol.com.pl\/tkaninydekoracyjne\/?post_type=product&#038;p=15236"},"modified":"2026-04-07T22:19:29","modified_gmt":"2026-04-07T20:19:29","slug":"bieznik-london","status":"publish","type":"product","link":"https:\/\/rad-pol.com.pl\/tkaninydekoracyjne\/produkt\/bieznik-london\/","title":{"rendered":"Bie\u017cnik London"},"content":{"rendered":"<div class=\"flex flex-grow flex-col max-w-full\">\n<div class=\"min-h-[20px] text-message flex flex-col items-start whitespace-pre-wrap break-words [.text-message+&amp;]:mt-5 overflow-x-auto gap-3\" dir=\"auto\" data-message-author-role=\"assistant\" data-message-id=\"e8526cae-6eb2-4ac2-9856-529f917c4667\">\n<div class=\"markdown prose w-full break-words dark:prose-invert light\">\n<div class=\"flex flex-grow flex-col max-w-full\">\n<div class=\"min-h-[20px] text-message flex flex-col items-start whitespace-pre-wrap break-words [.text-message+&amp;]:mt-5 overflow-x-auto gap-3\" dir=\"auto\" data-message-author-role=\"assistant\" data-message-id=\"cda00c4e-3a18-4265-a7b1-b9156bcf37f7\">\n<div class=\"markdown prose w-full break-words dark:prose-invert light\">\n<div class=\"flex flex-grow flex-col max-w-full\">\n<div class=\"min-h-[20px] text-message flex flex-col items-start whitespace-pre-wrap break-words [.text-message+&amp;]:mt-5 overflow-x-auto gap-3\" dir=\"auto\" data-message-author-role=\"assistant\" data-message-id=\"dc7929e4-1cf5-4fa6-80de-40c374387c2b\">\n<div class=\"markdown prose w-full break-words dark:prose-invert light\">\n<div class=\"flex flex-grow flex-col max-w-full\">\n<div class=\"min-h-[20px] text-message flex flex-col items-start whitespace-pre-wrap break-words [.text-message+&amp;]:mt-5 overflow-x-auto gap-3\" dir=\"auto\" data-message-author-role=\"assistant\" data-message-id=\"2efedb8b-55d2-40e8-8f2b-41a7ffc8cd77\">\n<div class=\"markdown prose w-full break-words dark:prose-invert light\">\n<div class=\"flex flex-grow flex-col max-w-full\">\n<div class=\"min-h-[20px] text-message flex flex-col items-start whitespace-pre-wrap break-words [.text-message+&amp;]:mt-5 overflow-x-auto gap-3\" dir=\"auto\" data-message-author-role=\"assistant\" data-message-id=\"e23e0a12-5c14-4261-b50b-4b06f4df27e5\">\n<div class=\"markdown prose w-full break-words dark:prose-invert light\">\n<div class=\"left-row\">\n<div class=\"sub-fabric\">\n<div class=\"sub-text\">\n<p>Komplet bie\u017cnik\u00f3w <b>LONDON<\/b> to propozycja dla os\u00f3b, kt\u00f3re pragn\u0105 doda\u0107 swoim wn\u0119trzom klasycznego, ponadczasowego uroku.<\/p>\n<p>Zestaw sk\u0142ada si\u0119 z pi\u0119ciu element\u00f3w, wykonane s\u0105 z delikatnej <b>gipiury w kolorze <\/b><b>ecru<\/b>, osadzonej na <b>tiulu greckim<\/b>, co nadaje im lekko\u015bci i subtelno\u015bci.<\/p>\n<p>\u015arodkow\u0105 cz\u0119\u015b\u0107 ka\u017cdego bie\u017cnika zdobi <b>wstawka z aksamitnego <\/b><b>velvetu<\/b>, kt\u00f3ra dodaje ca\u0142o\u015bci luksusowego charakteru.<\/p>\n<p>Gipiura zosta\u0142a dodatkowo <b>ozdobiona z\u0142ot\u0105 nitk\u0105<\/b>, co daje delikatny po\u0142ysk i podkre\u015bla szlachetny wygl\u0105d kompletu.<\/p>\n<p>&nbsp;<\/p>\n<p><b>Zawarto\u015b\u0107 kompletu:<\/b><\/p>\n<p>1 bie\u017cnik o wymiarach <b>45 \u00d7 133 cm<\/b>,<\/p>\n<p>2 bie\u017cniki o wymiarach <b>30 \u00d7 95 cm<\/b>,<\/p>\n<p>2 bie\u017cniki o wymiarach <b>30 \u00d7 45 cm<\/b>.<\/p>\n<p>&nbsp;<\/p>\n<p>Zakup tylko i wy\u0142\u0105cznie w komplecie<\/p>\n<p>(nie mo\u017cna zakupi\u0107 pojedynczych<\/p>\n<p>bie\u017cnik\u00f3w\/serwet z kompletu).<\/p>\n<p>&nbsp;<\/p>\n<p>Sk\u0142ad: 100% poliester. Pranie: max. 60\u00b0C<\/p>\n<p>&nbsp;<\/p>\n<\/div>\n<\/div>\n<\/div>\n<\/div>\n<\/div>\n<\/div>\n<\/div>\n<\/div>\n<\/div>\n<\/div>\n<\/div>\n<\/div>\n<\/div>\n<\/div>\n<\/div>\n<\/div>\n<\/div>\n<\/div>\n","protected":false},"excerpt":{"rendered":"<p><b>Zawarto\u015b\u0107 kompletu:<\/b><\/p>\n<p>1 bie\u017cnik o wymiarach <b>45 \u00d7 133 cm<\/b><\/p>\n<p>2 bie\u017cniki o wymiarach <b>30 \u00d7 95 cm<\/b><\/p>\n<p>2 bie\u017cniki o wymiarach <b>30 \u00d7 45 cm<\/b><\/p>\n<p>&nbsp;<\/p>\n<p><u><b>Komplety bie\u017cnik\u00f3w <\/b><\/u>to wszechstronny zestaw, kt\u00f3ry sprawdzi si\u0119 w wielu aran\u017cacjach wn\u0119trz. Dzi\u0119ki eleganckiej gipiurze, aksamitnej wstawce i z\u0142otej nitce jest idealnym wyborem do dekoracji sto\u0142\u00f3w i mebli podczas wa\u017cnych okazji oraz na co dzie\u0144.<\/p>\n<ul>\n<li><b>Na st\u00f3\u0142 jadalniany <\/b>\u2013 wi\u0119kszy bie\u017cnik pi\u0119knie prezentuje si\u0119 w roli centralnej dekoracji na stole podczas uroczystych kolacji, \u015bwi\u0105t czy przyj\u0119\u0107.<\/li>\n<\/ul>\n<ul>\n<li><b>Na stolik kawowy i \u0142aw\u0119 <\/b>\u2013 mniejsze bie\u017cniki mo\u017cna u\u0142o\u017cy\u0107 na stoliku w salonie, tworz\u0105c subtelny, elegancki akcent.<\/li>\n<\/ul>\n<ul>\n<li><b>Na komod\u0119, konsol\u0119 lub bufet <\/b>\u2013 nadaj\u0105 meblom dekoracyjnego charakteru, chroni\u0105c jednocze\u015bnie ich powierzchni\u0119.<\/li>\n<\/ul>\n<ul>\n<li><b>Do dekoracji podczas uroczysto\u015bci <\/b>\u2013 \u015bluby, chrzciny, rocznice, \u015bwi\u0119ta \u2013 komplet doskonale wpisuje si\u0119 w styl eleganckich przyj\u0119\u0107.<\/li>\n<\/ul>\n<ul>\n<li><b>Jako prezent <\/b>\u2013 bie\u017cniki to r\u00f3wnie\u017c doskona\u0142y pomys\u0142 na upominek.<\/li>\n<\/ul>\n","protected":false},"featured_media":15240,"comment_status":"open","ping_status":"closed","template":"","meta":[],"product_brand":[],"product_cat":[86,42],"product_tag":[],"class_list":{"0":"post-15236","1":"product","2":"type-product","3":"status-publish","4":"has-post-thumbnail","6":"product_cat-biezniki","7":"product_cat-nowosc","9":"first","10":"onbackorder","11":"shipping-taxable","12":"product-type-simple"},"yoast_head":"<!-- This site is optimized with the Yoast SEO plugin v27.4 - https:\/\/yoast.com\/product\/yoast-seo-wordpress\/ -->\n<title>Bie\u017cnik London - Rad-Pol Tkaniny<\/title>\n<meta name=\"description\" content=\"LONDON to zestaw, kt\u00f3ry sk\u0142ada si\u0119 z 5 element\u00f3w, wykonane s\u0105 z delikatnej gipiury w kolorze ecru, na tiulu greckim, co nadaje im lekko\u015bci i subtelno\u015bci.\" \/>\n<meta name=\"robots\" content=\"index, follow, max-snippet:-1, max-image-preview:large, max-video-preview:-1\" \/>\n<link rel=\"canonical\" href=\"https:\/\/rad-pol.com.pl\/tkaninydekoracyjne\/produkt\/bieznik-london\/\" \/>\n<meta property=\"og:locale\" content=\"pl_PL\" \/>\n<meta property=\"og:type\" content=\"article\" \/>\n<meta property=\"og:title\" content=\"Bie\u017cnik London - Rad-Pol Tkaniny\" \/>\n<meta property=\"og:description\" content=\"LONDON to zestaw, kt\u00f3ry sk\u0142ada si\u0119 z 5 element\u00f3w, wykonane s\u0105 z delikatnej gipiury w kolorze ecru, na tiulu greckim, co nadaje im lekko\u015bci i subtelno\u015bci.\" \/>\n<meta property=\"og:url\" content=\"https:\/\/rad-pol.com.pl\/tkaninydekoracyjne\/produkt\/bieznik-london\/\" \/>\n<meta property=\"og:site_name\" content=\"Rad-Pol Tkaniny\" \/>\n<meta property=\"article:publisher\" content=\"https:\/\/www.facebook.com\/RadPolTkaniny\" \/>\n<meta property=\"article:modified_time\" content=\"2026-04-07T20:19:29+00:00\" \/>\n<meta property=\"og:image\" content=\"http:\/\/rad-pol.com.pl\/tkaninydekoracyjne\/wp-content\/uploads\/sites\/3\/2025\/09\/London4-Srednie-rotated.jpg\" \/>\n\t<meta property=\"og:image:width\" content=\"768\" \/>\n\t<meta property=\"og:image:height\" content=\"1024\" \/>\n\t<meta property=\"og:image:type\" content=\"image\/jpeg\" \/>\n<meta name=\"twitter:card\" content=\"summary_large_image\" \/>\n<meta name=\"twitter:label1\" content=\"Szacowany czas czytania\" \/>\n\t<meta name=\"twitter:data1\" content=\"1 minuta\" \/>\n<script type=\"application\/ld+json\" class=\"yoast-schema-graph\">{\"@context\":\"https:\\\/\\\/schema.org\",\"@graph\":[{\"@type\":\"WebPage\",\"@id\":\"https:\\\/\\\/rad-pol.com.pl\\\/tkaninydekoracyjne\\\/produkt\\\/bieznik-london\\\/\",\"url\":\"https:\\\/\\\/rad-pol.com.pl\\\/tkaninydekoracyjne\\\/produkt\\\/bieznik-london\\\/\",\"name\":\"Bie\u017cnik London - Rad-Pol Tkaniny\",\"isPartOf\":{\"@id\":\"https:\\\/\\\/rad-pol.com.pl\\\/tkaninydekoracyjne\\\/#website\"},\"primaryImageOfPage\":{\"@id\":\"https:\\\/\\\/rad-pol.com.pl\\\/tkaninydekoracyjne\\\/produkt\\\/bieznik-london\\\/#primaryimage\"},\"image\":{\"@id\":\"https:\\\/\\\/rad-pol.com.pl\\\/tkaninydekoracyjne\\\/produkt\\\/bieznik-london\\\/#primaryimage\"},\"thumbnailUrl\":\"https:\\\/\\\/rad-pol.com.pl\\\/tkaninydekoracyjne\\\/wp-content\\\/uploads\\\/sites\\\/3\\\/2025\\\/09\\\/London4-Srednie-rotated.jpg\",\"datePublished\":\"2025-09-23T08:55:18+00:00\",\"dateModified\":\"2026-04-07T20:19:29+00:00\",\"description\":\"LONDON to zestaw, kt\u00f3ry sk\u0142ada si\u0119 z 5 element\u00f3w, wykonane s\u0105 z delikatnej gipiury w kolorze ecru, na tiulu greckim, co nadaje im lekko\u015bci i subtelno\u015bci.\",\"breadcrumb\":{\"@id\":\"https:\\\/\\\/rad-pol.com.pl\\\/tkaninydekoracyjne\\\/produkt\\\/bieznik-london\\\/#breadcrumb\"},\"inLanguage\":\"pl-PL\",\"potentialAction\":[{\"@type\":\"ReadAction\",\"target\":[\"https:\\\/\\\/rad-pol.com.pl\\\/tkaninydekoracyjne\\\/produkt\\\/bieznik-london\\\/\"]}]},{\"@type\":\"ImageObject\",\"inLanguage\":\"pl-PL\",\"@id\":\"https:\\\/\\\/rad-pol.com.pl\\\/tkaninydekoracyjne\\\/produkt\\\/bieznik-london\\\/#primaryimage\",\"url\":\"https:\\\/\\\/rad-pol.com.pl\\\/tkaninydekoracyjne\\\/wp-content\\\/uploads\\\/sites\\\/3\\\/2025\\\/09\\\/London4-Srednie-rotated.jpg\",\"contentUrl\":\"https:\\\/\\\/rad-pol.com.pl\\\/tkaninydekoracyjne\\\/wp-content\\\/uploads\\\/sites\\\/3\\\/2025\\\/09\\\/London4-Srednie-rotated.jpg\",\"width\":768,\"height\":1024},{\"@type\":\"BreadcrumbList\",\"@id\":\"https:\\\/\\\/rad-pol.com.pl\\\/tkaninydekoracyjne\\\/produkt\\\/bieznik-london\\\/#breadcrumb\",\"itemListElement\":[{\"@type\":\"ListItem\",\"position\":1,\"name\":\"Strona g\u0142\u00f3wna\",\"item\":\"https:\\\/\\\/rad-pol.com.pl\\\/tkaninydekoracyjne\\\/\"},{\"@type\":\"ListItem\",\"position\":2,\"name\":\"Sklep\",\"item\":\"https:\\\/\\\/rad-pol.com.pl\\\/tkaninydekoracyjne\\\/sklep\\\/\"},{\"@type\":\"ListItem\",\"position\":3,\"name\":\"Bie\u017cnik London\"}]},{\"@type\":\"WebSite\",\"@id\":\"https:\\\/\\\/rad-pol.com.pl\\\/tkaninydekoracyjne\\\/#website\",\"url\":\"https:\\\/\\\/rad-pol.com.pl\\\/tkaninydekoracyjne\\\/\",\"name\":\"Rad-Pol Tkaniny\",\"description\":\"\",\"publisher\":{\"@id\":\"https:\\\/\\\/rad-pol.com.pl\\\/tkaninydekoracyjne\\\/#organization\"},\"potentialAction\":[{\"@type\":\"SearchAction\",\"target\":{\"@type\":\"EntryPoint\",\"urlTemplate\":\"https:\\\/\\\/rad-pol.com.pl\\\/tkaninydekoracyjne\\\/?s={search_term_string}\"},\"query-input\":{\"@type\":\"PropertyValueSpecification\",\"valueRequired\":true,\"valueName\":\"search_term_string\"}}],\"inLanguage\":\"pl-PL\"},{\"@type\":\"Organization\",\"@id\":\"https:\\\/\\\/rad-pol.com.pl\\\/tkaninydekoracyjne\\\/#organization\",\"name\":\"Rad-Pol Tkaniny\",\"url\":\"https:\\\/\\\/rad-pol.com.pl\\\/tkaninydekoracyjne\\\/\",\"logo\":{\"@type\":\"ImageObject\",\"inLanguage\":\"pl-PL\",\"@id\":\"https:\\\/\\\/rad-pol.com.pl\\\/tkaninydekoracyjne\\\/#\\\/schema\\\/logo\\\/image\\\/\",\"url\":\"https:\\\/\\\/rad-pol.com.pl\\\/tkaninydekoracyjne\\\/wp-content\\\/uploads\\\/sites\\\/3\\\/2024\\\/04\\\/RadPol-logo-www.png\",\"contentUrl\":\"https:\\\/\\\/rad-pol.com.pl\\\/tkaninydekoracyjne\\\/wp-content\\\/uploads\\\/sites\\\/3\\\/2024\\\/04\\\/RadPol-logo-www.png\",\"width\":300,\"height\":108,\"caption\":\"Rad-Pol Tkaniny\"},\"image\":{\"@id\":\"https:\\\/\\\/rad-pol.com.pl\\\/tkaninydekoracyjne\\\/#\\\/schema\\\/logo\\\/image\\\/\"},\"sameAs\":[\"https:\\\/\\\/www.facebook.com\\\/RadPolTkaniny\"]}]}<\/script>\n<!-- \/ Yoast SEO plugin. -->","yoast_head_json":{"title":"Bie\u017cnik London - Rad-Pol Tkaniny","description":"LONDON to zestaw, kt\u00f3ry sk\u0142ada si\u0119 z 5 element\u00f3w, wykonane s\u0105 z delikatnej gipiury w kolorze ecru, na tiulu greckim, co nadaje im lekko\u015bci i subtelno\u015bci.","robots":{"index":"index","follow":"follow","max-snippet":"max-snippet:-1","max-image-preview":"max-image-preview:large","max-video-preview":"max-video-preview:-1"},"canonical":"https:\/\/rad-pol.com.pl\/tkaninydekoracyjne\/produkt\/bieznik-london\/","og_locale":"pl_PL","og_type":"article","og_title":"Bie\u017cnik London - Rad-Pol Tkaniny","og_description":"LONDON to zestaw, kt\u00f3ry sk\u0142ada si\u0119 z 5 element\u00f3w, wykonane s\u0105 z delikatnej gipiury w kolorze ecru, na tiulu greckim, co nadaje im lekko\u015bci i subtelno\u015bci.","og_url":"https:\/\/rad-pol.com.pl\/tkaninydekoracyjne\/produkt\/bieznik-london\/","og_site_name":"Rad-Pol Tkaniny","article_publisher":"https:\/\/www.facebook.com\/RadPolTkaniny","article_modified_time":"2026-04-07T20:19:29+00:00","og_image":[{"width":768,"height":1024,"url":"http:\/\/rad-pol.com.pl\/tkaninydekoracyjne\/wp-content\/uploads\/sites\/3\/2025\/09\/London4-Srednie-rotated.jpg","type":"image\/jpeg"}],"twitter_card":"summary_large_image","twitter_misc":{"Szacowany czas czytania":"1 minuta"},"schema":{"@context":"https:\/\/schema.org","@graph":[{"@type":"WebPage","@id":"https:\/\/rad-pol.com.pl\/tkaninydekoracyjne\/produkt\/bieznik-london\/","url":"https:\/\/rad-pol.com.pl\/tkaninydekoracyjne\/produkt\/bieznik-london\/","name":"Bie\u017cnik London - Rad-Pol Tkaniny","isPartOf":{"@id":"https:\/\/rad-pol.com.pl\/tkaninydekoracyjne\/#website"},"primaryImageOfPage":{"@id":"https:\/\/rad-pol.com.pl\/tkaninydekoracyjne\/produkt\/bieznik-london\/#primaryimage"},"image":{"@id":"https:\/\/rad-pol.com.pl\/tkaninydekoracyjne\/produkt\/bieznik-london\/#primaryimage"},"thumbnailUrl":"https:\/\/rad-pol.com.pl\/tkaninydekoracyjne\/wp-content\/uploads\/sites\/3\/2025\/09\/London4-Srednie-rotated.jpg","datePublished":"2025-09-23T08:55:18+00:00","dateModified":"2026-04-07T20:19:29+00:00","description":"LONDON to zestaw, kt\u00f3ry sk\u0142ada si\u0119 z 5 element\u00f3w, wykonane s\u0105 z delikatnej gipiury w kolorze ecru, na tiulu greckim, co nadaje im lekko\u015bci i subtelno\u015bci.","breadcrumb":{"@id":"https:\/\/rad-pol.com.pl\/tkaninydekoracyjne\/produkt\/bieznik-london\/#breadcrumb"},"inLanguage":"pl-PL","potentialAction":[{"@type":"ReadAction","target":["https:\/\/rad-pol.com.pl\/tkaninydekoracyjne\/produkt\/bieznik-london\/"]}]},{"@type":"ImageObject","inLanguage":"pl-PL","@id":"https:\/\/rad-pol.com.pl\/tkaninydekoracyjne\/produkt\/bieznik-london\/#primaryimage","url":"https:\/\/rad-pol.com.pl\/tkaninydekoracyjne\/wp-content\/uploads\/sites\/3\/2025\/09\/London4-Srednie-rotated.jpg","contentUrl":"https:\/\/rad-pol.com.pl\/tkaninydekoracyjne\/wp-content\/uploads\/sites\/3\/2025\/09\/London4-Srednie-rotated.jpg","width":768,"height":1024},{"@type":"BreadcrumbList","@id":"https:\/\/rad-pol.com.pl\/tkaninydekoracyjne\/produkt\/bieznik-london\/#breadcrumb","itemListElement":[{"@type":"ListItem","position":1,"name":"Strona g\u0142\u00f3wna","item":"https:\/\/rad-pol.com.pl\/tkaninydekoracyjne\/"},{"@type":"ListItem","position":2,"name":"Sklep","item":"https:\/\/rad-pol.com.pl\/tkaninydekoracyjne\/sklep\/"},{"@type":"ListItem","position":3,"name":"Bie\u017cnik London"}]},{"@type":"WebSite","@id":"https:\/\/rad-pol.com.pl\/tkaninydekoracyjne\/#website","url":"https:\/\/rad-pol.com.pl\/tkaninydekoracyjne\/","name":"Rad-Pol Tkaniny","description":"","publisher":{"@id":"https:\/\/rad-pol.com.pl\/tkaninydekoracyjne\/#organization"},"potentialAction":[{"@type":"SearchAction","target":{"@type":"EntryPoint","urlTemplate":"https:\/\/rad-pol.com.pl\/tkaninydekoracyjne\/?s={search_term_string}"},"query-input":{"@type":"PropertyValueSpecification","valueRequired":true,"valueName":"search_term_string"}}],"inLanguage":"pl-PL"},{"@type":"Organization","@id":"https:\/\/rad-pol.com.pl\/tkaninydekoracyjne\/#organization","name":"Rad-Pol Tkaniny","url":"https:\/\/rad-pol.com.pl\/tkaninydekoracyjne\/","logo":{"@type":"ImageObject","inLanguage":"pl-PL","@id":"https:\/\/rad-pol.com.pl\/tkaninydekoracyjne\/#\/schema\/logo\/image\/","url":"https:\/\/rad-pol.com.pl\/tkaninydekoracyjne\/wp-content\/uploads\/sites\/3\/2024\/04\/RadPol-logo-www.png","contentUrl":"https:\/\/rad-pol.com.pl\/tkaninydekoracyjne\/wp-content\/uploads\/sites\/3\/2024\/04\/RadPol-logo-www.png","width":300,"height":108,"caption":"Rad-Pol Tkaniny"},"image":{"@id":"https:\/\/rad-pol.com.pl\/tkaninydekoracyjne\/#\/schema\/logo\/image\/"},"sameAs":["https:\/\/www.facebook.com\/RadPolTkaniny"]}]}},"_links":{"self":[{"href":"https:\/\/rad-pol.com.pl\/tkaninydekoracyjne\/wp-json\/wp\/v2\/product\/15236","targetHints":{"allow":["GET"]}}],"collection":[{"href":"https:\/\/rad-pol.com.pl\/tkaninydekoracyjne\/wp-json\/wp\/v2\/product"}],"about":[{"href":"https:\/\/rad-pol.com.pl\/tkaninydekoracyjne\/wp-json\/wp\/v2\/types\/product"}],"replies":[{"embeddable":true,"href":"https:\/\/rad-pol.com.pl\/tkaninydekoracyjne\/wp-json\/wp\/v2\/comments?post=15236"}],"version-history":[{"count":4,"href":"https:\/\/rad-pol.com.pl\/tkaninydekoracyjne\/wp-json\/wp\/v2\/product\/15236\/revisions"}],"predecessor-version":[{"id":15288,"href":"https:\/\/rad-pol.com.pl\/tkaninydekoracyjne\/wp-json\/wp\/v2\/product\/15236\/revisions\/15288"}],"wp:featuredmedia":[{"embeddable":true,"href":"https:\/\/rad-pol.com.pl\/tkaninydekoracyjne\/wp-json\/wp\/v2\/media\/15240"}],"wp:attachment":[{"href":"https:\/\/rad-pol.com.pl\/tkaninydekoracyjne\/wp-json\/wp\/v2\/media?parent=15236"}],"wp:term":[{"taxonomy":"product_brand","embeddable":true,"href":"https:\/\/rad-pol.com.pl\/tkaninydekoracyjne\/wp-json\/wp\/v2\/product_brand?post=15236"},{"taxonomy":"product_cat","embeddable":true,"href":"https:\/\/rad-pol.com.pl\/tkaninydekoracyjne\/wp-json\/wp\/v2\/product_cat?post=15236"},{"taxonomy":"product_tag","embeddable":true,"href":"https:\/\/rad-pol.com.pl\/tkaninydekoracyjne\/wp-json\/wp\/v2\/product_tag?post=15236"}],"curies":[{"name":"wp","href":"https:\/\/api.w.org\/{rel}","templated":true}]}}