{"id":3086,"date":"2024-03-11T10:53:16","date_gmt":"2024-03-11T09:53:16","guid":{"rendered":"https:\/\/rad-pol.com.pl\/tkaninydekoracyjne\/?post_type=product&#038;p=3086"},"modified":"2024-09-21T11:11:24","modified_gmt":"2024-09-21T09:11:24","slug":"nagoya","status":"publish","type":"product","link":"https:\/\/rad-pol.com.pl\/tkaninydekoracyjne\/produkt\/nagoya\/","title":{"rendered":"Nagoya"},"content":{"rendered":"<div class=\"left-row\">\n<div class=\"sub-fabric\">\n<div class=\"sub-text\">\n<div class=\"left-row\">\n<div class=\"sub-fabric\">\n<div class=\"sub-text\">\n<div class=\"left-row\">\n<div class=\"sub-fabric\">\n<div class=\"sub-text\">\n<div class=\"left-row\">\n<div class=\"sub-fabric\">\n<div class=\"sub-text\">\n<div class=\"left-row\">\n<div class=\"sub-fabric\">\n<div class=\"sub-text\">\n<p>Odkryj nowoczesno\u015b\u0107 w eleganckiej ods\u0142onie dzi\u0119ki tkaninie NAGOYA. Wykonana z wysokiej jako\u015bci bawe\u0142ny, tkanina NAGOYA \u0142\u0105czy nowoczesne desenie z eleganckim wyko\u0144czeniem, idealnie pasuj\u0105cym do wsp\u00f3\u0142czesnych aran\u017cacji wn\u0119trz.<\/p>\n<p>Dlaczego warto wybra\u0107 tkanin\u0119 Nagoya?<\/p>\n<ol>\n<li>Nowoczesne wzory \u2013 tkanina Nagoya zachwyca nowoczesnymi wzorami, w tym przecierank\u0105 p\u0119dzlem malowan\u0105, kt\u00f3re dodaj\u0105 ka\u017cdemu wn\u0119trzu unikalnego charakteru.<\/li>\n<li>Elegancki wygl\u0105d \u2013 wysokiej jako\u015bci bawe\u0142niany sk\u0142ad tkaniny zapewnia elegancj\u0119 i trwa\u0142o\u015b\u0107, doskonale komponuj\u0105c si\u0119 z r\u00f3\u017cnymi stylami dekoracyjnymi.<\/li>\n<li>Wszechstronno\u015b\u0107 zastosowania \u2013 idealna do zas\u0142on i rolet, tkanina Nagoya sprawdzi si\u0119 r\u00f3wnie\u017c w roli obicia mebli, poduszek dekoracyjnych oraz puf. Jej wysoka odporno\u015b\u0107 na \u015bcieranie czyni j\u0105 praktycznym wyborem do intensywnie u\u017cytkowanych przestrzeni.<\/li>\n<li>Bogata paleta kolor\u00f3w \u2013\u00a0 NAGOYA oferuje szeroki wachlarz nowoczesnych kolor\u00f3w, kt\u00f3re pozwalaj\u0105 na stworzenie sp\u00f3jnych i eleganckich aran\u017cacji w ka\u017cdym wn\u0119trzu.<\/li>\n<\/ol>\n<p>Dodaj odrobin\u0119 nowoczesnej elegancji i trwa\u0142o\u015bci do swojego domu z tkanin\u0105 NAGOYA.<\/p>\n<\/div>\n<\/div>\n<\/div>\n<div class=\"right-col\">\n<div class=\"expandable\">\n<div class=\"ex-header\">\n<div class=\"e-title\"><\/div>\n<\/div>\n<\/div>\n<\/div>\n<\/div>\n<\/div>\n<\/div>\n<\/div>\n<\/div>\n<\/div>\n<\/div>\n<\/div>\n<\/div>\n<\/div>\n<\/div>\n<\/div>\n<p style=\"text-align: left\">Dost\u0119pne kolory:<\/p>\n<p>&nbsp;<\/p>\n<table>\n<tbody>\n<tr>\n<td><img fetchpriority=\"high\" decoding=\"async\" class=\"alignnone size-medium wp-image-3089\" src=\"http:\/\/rad-pol.com.pl\/tkaninydekoracyjne\/wp-content\/uploads\/sites\/3\/2024\/03\/Nagoya-91.Grey_-300x300.jpeg\" alt=\"Nagoya - 91.Grey\" width=\"300\" height=\"300\" srcset=\"https:\/\/rad-pol.com.pl\/tkaninydekoracyjne\/wp-content\/uploads\/sites\/3\/2024\/03\/Nagoya-91.Grey_-300x300.jpeg 300w, https:\/\/rad-pol.com.pl\/tkaninydekoracyjne\/wp-content\/uploads\/sites\/3\/2024\/03\/Nagoya-91.Grey_-150x150.jpeg 150w, https:\/\/rad-pol.com.pl\/tkaninydekoracyjne\/wp-content\/uploads\/sites\/3\/2024\/03\/Nagoya-91.Grey_-100x100.jpeg 100w, https:\/\/rad-pol.com.pl\/tkaninydekoracyjne\/wp-content\/uploads\/sites\/3\/2024\/03\/Nagoya-91.Grey_.jpeg 600w\" sizes=\"(max-width: 300px) 100vw, 300px\" \/><\/td>\n<td><img decoding=\"async\" class=\"alignnone size-medium wp-image-3088\" src=\"http:\/\/rad-pol.com.pl\/tkaninydekoracyjne\/wp-content\/uploads\/sites\/3\/2024\/03\/Nagoya-30.Beige_-300x300.jpeg\" alt=\"Nagoya - 30.Beige\" width=\"300\" height=\"300\" srcset=\"https:\/\/rad-pol.com.pl\/tkaninydekoracyjne\/wp-content\/uploads\/sites\/3\/2024\/03\/Nagoya-30.Beige_-300x300.jpeg 300w, https:\/\/rad-pol.com.pl\/tkaninydekoracyjne\/wp-content\/uploads\/sites\/3\/2024\/03\/Nagoya-30.Beige_-150x150.jpeg 150w, https:\/\/rad-pol.com.pl\/tkaninydekoracyjne\/wp-content\/uploads\/sites\/3\/2024\/03\/Nagoya-30.Beige_-100x100.jpeg 100w, https:\/\/rad-pol.com.pl\/tkaninydekoracyjne\/wp-content\/uploads\/sites\/3\/2024\/03\/Nagoya-30.Beige_.jpeg 600w\" sizes=\"(max-width: 300px) 100vw, 300px\" \/><\/td>\n<td><img decoding=\"async\" class=\"alignnone size-medium wp-image-3087\" src=\"http:\/\/rad-pol.com.pl\/tkaninydekoracyjne\/wp-content\/uploads\/sites\/3\/2024\/03\/Nagoya-12.Terracot-300x300.jpeg\" alt=\"Nagoya - 12.Terracot\" width=\"300\" height=\"300\" srcset=\"https:\/\/rad-pol.com.pl\/tkaninydekoracyjne\/wp-content\/uploads\/sites\/3\/2024\/03\/Nagoya-12.Terracot-300x300.jpeg 300w, https:\/\/rad-pol.com.pl\/tkaninydekoracyjne\/wp-content\/uploads\/sites\/3\/2024\/03\/Nagoya-12.Terracot-150x150.jpeg 150w, https:\/\/rad-pol.com.pl\/tkaninydekoracyjne\/wp-content\/uploads\/sites\/3\/2024\/03\/Nagoya-12.Terracot-100x100.jpeg 100w, https:\/\/rad-pol.com.pl\/tkaninydekoracyjne\/wp-content\/uploads\/sites\/3\/2024\/03\/Nagoya-12.Terracot.jpeg 600w\" sizes=\"(max-width: 300px) 100vw, 300px\" \/><\/td>\n<\/tr>\n<tr>\n<td>Nagoya &#8211; 91.Grey<\/td>\n<td>Nagoya &#8211; 30.Beige<\/td>\n<td>Nagoya &#8211; 12.Terracot<\/td>\n<\/tr>\n<\/tbody>\n<\/table>\n","protected":false},"excerpt":{"rendered":"<table>\n<tbody>\n<tr>\n<td>szeroko\u015b\u0107<\/td>\n<td>280<\/td>\n<\/tr>\n<tr>\n<td>zastosowanie<\/td>\n<td>zas\u0142onowa, dekoracyjna, obiciowa<\/td>\n<\/tr>\n<tr>\n<td>wz\u00f3r<\/td>\n<td>przecierany<\/td>\n<\/tr>\n<tr>\n<td>rodzaj tkaniny<\/td>\n<td>drukowane p\u0142\u00f3tno<\/td>\n<\/tr>\n<tr>\n<td>sk\u0142ad<\/td>\n<td>65% bawe\u0142na, 35% poliester<\/td>\n<\/tr>\n<tr>\n<td>ilo\u015b\u0107 kolor\u00f3w<\/td>\n<td>3<\/td>\n<\/tr>\n<tr>\n<td>gramatura<\/td>\n<td>235 g\/m2<\/td>\n<\/tr>\n<tr>\n<td>\u015bcieralno\u015b\u0107 (martindale)<\/td>\n<td>80000<\/td>\n<\/tr>\n<tr>\n<td>raport szer.\/wys.<\/td>\n<td>63 cm \/ 68 cm<\/td>\n<\/tr>\n<tr>\n<td>kod art.<\/td>\n<td id=\"kod_art_val\">A-12.Terracot<\/td>\n<\/tr>\n<\/tbody>\n<\/table>\n<p>Pranie i czyszczenie:<\/p>\n<table>\n<tbody>\n<tr>\n<td><img decoding=\"async\" src=\"http:\/\/rad-pol.com.pl\/tkaninydekoracyjne\/wp-content\/uploads\/sites\/3\/2024\/05\/mozna-prac.png\" alt=\"mo\u017cna czy\u015bci\u0107 chemicznie\" \/><\/td>\n<td>mo\u017cna czy\u015bci\u0107 chemicznie<\/td>\n<\/tr>\n<tr>\n<td><img decoding=\"async\" src=\"http:\/\/rad-pol.com.pl\/tkaninydekoracyjne\/wp-content\/uploads\/sites\/3\/2024\/09\/etykieta-7256.png\" alt=\"pranie w temperaturze 30\u00b0C\" \/><\/td>\n<td>pranie w temperaturze 30\u00b0C<\/td>\n<\/tr>\n<tr>\n<td><img decoding=\"async\" src=\"http:\/\/rad-pol.com.pl\/tkaninydekoracyjne\/wp-content\/uploads\/sites\/3\/2024\/09\/etykieta-10519.png\" alt=\"prasowanie w temperaturze do 110 \u00b0C\" \/><\/td>\n<td>prasowanie w temperaturze do 110 \u00b0C<\/td>\n<\/tr>\n<\/tbody>\n<\/table>\n<p><img loading=\"lazy\" decoding=\"async\" class=\"alignnone size-full wp-image-1084\" src=\"http:\/\/rad-pol.com.pl\/tkaninydekoracyjne\/wp-content\/uploads\/sites\/3\/2023\/09\/zapraszamy.jpg\" alt=\"\" width=\"568\" height=\"226\" srcset=\"https:\/\/rad-pol.com.pl\/tkaninydekoracyjne\/wp-content\/uploads\/sites\/3\/2023\/09\/zapraszamy.jpg 568w, https:\/\/rad-pol.com.pl\/tkaninydekoracyjne\/wp-content\/uploads\/sites\/3\/2023\/09\/zapraszamy-300x119.jpg 300w, https:\/\/rad-pol.com.pl\/tkaninydekoracyjne\/wp-content\/uploads\/sites\/3\/2023\/09\/zapraszamy-500x199.jpg 500w\" sizes=\"(max-width: 568px) 100vw, 568px\" \/><\/p>\n","protected":false},"featured_media":3088,"comment_status":"open","ping_status":"closed","template":"","meta":[],"product_brand":[],"product_cat":[164,19,46],"product_tag":[147,289,237],"class_list":{"0":"post-3086","1":"product","2":"type-product","3":"status-publish","4":"has-post-thumbnail","6":"product_cat-bawelna","7":"product_cat-obiciowe","8":"product_cat-zaslonowe","9":"product_tag-bawelna","10":"product_tag-przecierana","11":"product_tag-wzorzysta","13":"first","14":"onbackorder","15":"shipping-taxable","16":"product-type-simple"},"yoast_head":"<!-- This site is optimized with the Yoast SEO plugin v27.2 - https:\/\/yoast.com\/product\/yoast-seo-wordpress\/ -->\n<title>Nagoya - Rad-Pol Tkaniny<\/title>\n<meta name=\"description\" content=\"Tkanina NAGOYA o szer. 280cm \u0142\u0105czy nowoczesne desenie z eleganckim wyko\u0144czeniem, idealnie pasuj\u0105cym do wsp\u00f3\u0142czesnych aran\u017cacji wn\u0119trz.\" \/>\n<meta name=\"robots\" content=\"index, follow, max-snippet:-1, max-image-preview:large, max-video-preview:-1\" \/>\n<link rel=\"canonical\" href=\"https:\/\/rad-pol.com.pl\/tkaninydekoracyjne\/produkt\/nagoya\/\" \/>\n<meta property=\"og:locale\" content=\"pl_PL\" \/>\n<meta property=\"og:type\" content=\"article\" \/>\n<meta property=\"og:title\" content=\"Nagoya - Rad-Pol Tkaniny\" \/>\n<meta property=\"og:description\" content=\"Tkanina NAGOYA o szer. 280cm \u0142\u0105czy nowoczesne desenie z eleganckim wyko\u0144czeniem, idealnie pasuj\u0105cym do wsp\u00f3\u0142czesnych aran\u017cacji wn\u0119trz.\" \/>\n<meta property=\"og:url\" content=\"https:\/\/rad-pol.com.pl\/tkaninydekoracyjne\/produkt\/nagoya\/\" \/>\n<meta property=\"og:site_name\" content=\"Rad-Pol Tkaniny\" \/>\n<meta property=\"article:publisher\" content=\"https:\/\/www.facebook.com\/RadPolTkaniny\" \/>\n<meta property=\"article:modified_time\" content=\"2024-09-21T09:11:24+00:00\" \/>\n<meta property=\"og:image\" content=\"http:\/\/rad-pol.com.pl\/tkaninydekoracyjne\/wp-content\/uploads\/sites\/3\/2024\/03\/Nagoya-30.Beige_.jpeg\" \/>\n\t<meta property=\"og:image:width\" content=\"600\" \/>\n\t<meta property=\"og:image:height\" content=\"600\" \/>\n\t<meta property=\"og:image:type\" content=\"image\/jpeg\" \/>\n<meta name=\"twitter:card\" content=\"summary_large_image\" \/>\n<meta name=\"twitter:label1\" content=\"Szacowany czas czytania\" \/>\n\t<meta name=\"twitter:data1\" content=\"2 minuty\" \/>\n<script type=\"application\/ld+json\" class=\"yoast-schema-graph\">{\"@context\":\"https:\/\/schema.org\",\"@graph\":[{\"@type\":\"WebPage\",\"@id\":\"https:\/\/rad-pol.com.pl\/tkaninydekoracyjne\/produkt\/nagoya\/\",\"url\":\"https:\/\/rad-pol.com.pl\/tkaninydekoracyjne\/produkt\/nagoya\/\",\"name\":\"Nagoya - Rad-Pol Tkaniny\",\"isPartOf\":{\"@id\":\"https:\/\/rad-pol.com.pl\/tkaninydekoracyjne\/#website\"},\"primaryImageOfPage\":{\"@id\":\"https:\/\/rad-pol.com.pl\/tkaninydekoracyjne\/produkt\/nagoya\/#primaryimage\"},\"image\":{\"@id\":\"https:\/\/rad-pol.com.pl\/tkaninydekoracyjne\/produkt\/nagoya\/#primaryimage\"},\"thumbnailUrl\":\"https:\/\/rad-pol.com.pl\/tkaninydekoracyjne\/wp-content\/uploads\/sites\/3\/2024\/03\/Nagoya-30.Beige_.jpeg\",\"datePublished\":\"2024-03-11T09:53:16+00:00\",\"dateModified\":\"2024-09-21T09:11:24+00:00\",\"description\":\"Tkanina NAGOYA o szer. 280cm \u0142\u0105czy nowoczesne desenie z eleganckim wyko\u0144czeniem, idealnie pasuj\u0105cym do wsp\u00f3\u0142czesnych aran\u017cacji wn\u0119trz.\",\"breadcrumb\":{\"@id\":\"https:\/\/rad-pol.com.pl\/tkaninydekoracyjne\/produkt\/nagoya\/#breadcrumb\"},\"inLanguage\":\"pl-PL\",\"potentialAction\":[{\"@type\":\"ReadAction\",\"target\":[\"https:\/\/rad-pol.com.pl\/tkaninydekoracyjne\/produkt\/nagoya\/\"]}]},{\"@type\":\"ImageObject\",\"inLanguage\":\"pl-PL\",\"@id\":\"https:\/\/rad-pol.com.pl\/tkaninydekoracyjne\/produkt\/nagoya\/#primaryimage\",\"url\":\"https:\/\/rad-pol.com.pl\/tkaninydekoracyjne\/wp-content\/uploads\/sites\/3\/2024\/03\/Nagoya-30.Beige_.jpeg\",\"contentUrl\":\"https:\/\/rad-pol.com.pl\/tkaninydekoracyjne\/wp-content\/uploads\/sites\/3\/2024\/03\/Nagoya-30.Beige_.jpeg\",\"width\":600,\"height\":600,\"caption\":\"Nagoya - 30.Beige\"},{\"@type\":\"BreadcrumbList\",\"@id\":\"https:\/\/rad-pol.com.pl\/tkaninydekoracyjne\/produkt\/nagoya\/#breadcrumb\",\"itemListElement\":[{\"@type\":\"ListItem\",\"position\":1,\"name\":\"Strona g\u0142\u00f3wna\",\"item\":\"https:\/\/rad-pol.com.pl\/tkaninydekoracyjne\/\"},{\"@type\":\"ListItem\",\"position\":2,\"name\":\"Sklep\",\"item\":\"https:\/\/rad-pol.com.pl\/tkaninydekoracyjne\/sklep\/\"},{\"@type\":\"ListItem\",\"position\":3,\"name\":\"Nagoya\"}]},{\"@type\":\"WebSite\",\"@id\":\"https:\/\/rad-pol.com.pl\/tkaninydekoracyjne\/#website\",\"url\":\"https:\/\/rad-pol.com.pl\/tkaninydekoracyjne\/\",\"name\":\"Rad-Pol Tkaniny\",\"description\":\"\",\"publisher\":{\"@id\":\"https:\/\/rad-pol.com.pl\/tkaninydekoracyjne\/#organization\"},\"potentialAction\":[{\"@type\":\"SearchAction\",\"target\":{\"@type\":\"EntryPoint\",\"urlTemplate\":\"https:\/\/rad-pol.com.pl\/tkaninydekoracyjne\/?s={search_term_string}\"},\"query-input\":{\"@type\":\"PropertyValueSpecification\",\"valueRequired\":true,\"valueName\":\"search_term_string\"}}],\"inLanguage\":\"pl-PL\"},{\"@type\":\"Organization\",\"@id\":\"https:\/\/rad-pol.com.pl\/tkaninydekoracyjne\/#organization\",\"name\":\"Rad-Pol Tkaniny\",\"url\":\"https:\/\/rad-pol.com.pl\/tkaninydekoracyjne\/\",\"logo\":{\"@type\":\"ImageObject\",\"inLanguage\":\"pl-PL\",\"@id\":\"https:\/\/rad-pol.com.pl\/tkaninydekoracyjne\/#\/schema\/logo\/image\/\",\"url\":\"https:\/\/rad-pol.com.pl\/tkaninydekoracyjne\/wp-content\/uploads\/sites\/3\/2024\/04\/RadPol-logo-www.png\",\"contentUrl\":\"https:\/\/rad-pol.com.pl\/tkaninydekoracyjne\/wp-content\/uploads\/sites\/3\/2024\/04\/RadPol-logo-www.png\",\"width\":300,\"height\":108,\"caption\":\"Rad-Pol Tkaniny\"},\"image\":{\"@id\":\"https:\/\/rad-pol.com.pl\/tkaninydekoracyjne\/#\/schema\/logo\/image\/\"},\"sameAs\":[\"https:\/\/www.facebook.com\/RadPolTkaniny\"]}]}<\/script>\n<!-- \/ Yoast SEO plugin. -->","yoast_head_json":{"title":"Nagoya - Rad-Pol Tkaniny","description":"Tkanina NAGOYA o szer. 280cm \u0142\u0105czy nowoczesne desenie z eleganckim wyko\u0144czeniem, idealnie pasuj\u0105cym do wsp\u00f3\u0142czesnych aran\u017cacji wn\u0119trz.","robots":{"index":"index","follow":"follow","max-snippet":"max-snippet:-1","max-image-preview":"max-image-preview:large","max-video-preview":"max-video-preview:-1"},"canonical":"https:\/\/rad-pol.com.pl\/tkaninydekoracyjne\/produkt\/nagoya\/","og_locale":"pl_PL","og_type":"article","og_title":"Nagoya - Rad-Pol Tkaniny","og_description":"Tkanina NAGOYA o szer. 280cm \u0142\u0105czy nowoczesne desenie z eleganckim wyko\u0144czeniem, idealnie pasuj\u0105cym do wsp\u00f3\u0142czesnych aran\u017cacji wn\u0119trz.","og_url":"https:\/\/rad-pol.com.pl\/tkaninydekoracyjne\/produkt\/nagoya\/","og_site_name":"Rad-Pol Tkaniny","article_publisher":"https:\/\/www.facebook.com\/RadPolTkaniny","article_modified_time":"2024-09-21T09:11:24+00:00","og_image":[{"width":600,"height":600,"url":"http:\/\/rad-pol.com.pl\/tkaninydekoracyjne\/wp-content\/uploads\/sites\/3\/2024\/03\/Nagoya-30.Beige_.jpeg","type":"image\/jpeg"}],"twitter_card":"summary_large_image","twitter_misc":{"Szacowany czas czytania":"2 minuty"},"schema":{"@context":"https:\/\/schema.org","@graph":[{"@type":"WebPage","@id":"https:\/\/rad-pol.com.pl\/tkaninydekoracyjne\/produkt\/nagoya\/","url":"https:\/\/rad-pol.com.pl\/tkaninydekoracyjne\/produkt\/nagoya\/","name":"Nagoya - Rad-Pol Tkaniny","isPartOf":{"@id":"https:\/\/rad-pol.com.pl\/tkaninydekoracyjne\/#website"},"primaryImageOfPage":{"@id":"https:\/\/rad-pol.com.pl\/tkaninydekoracyjne\/produkt\/nagoya\/#primaryimage"},"image":{"@id":"https:\/\/rad-pol.com.pl\/tkaninydekoracyjne\/produkt\/nagoya\/#primaryimage"},"thumbnailUrl":"https:\/\/rad-pol.com.pl\/tkaninydekoracyjne\/wp-content\/uploads\/sites\/3\/2024\/03\/Nagoya-30.Beige_.jpeg","datePublished":"2024-03-11T09:53:16+00:00","dateModified":"2024-09-21T09:11:24+00:00","description":"Tkanina NAGOYA o szer. 280cm \u0142\u0105czy nowoczesne desenie z eleganckim wyko\u0144czeniem, idealnie pasuj\u0105cym do wsp\u00f3\u0142czesnych aran\u017cacji wn\u0119trz.","breadcrumb":{"@id":"https:\/\/rad-pol.com.pl\/tkaninydekoracyjne\/produkt\/nagoya\/#breadcrumb"},"inLanguage":"pl-PL","potentialAction":[{"@type":"ReadAction","target":["https:\/\/rad-pol.com.pl\/tkaninydekoracyjne\/produkt\/nagoya\/"]}]},{"@type":"ImageObject","inLanguage":"pl-PL","@id":"https:\/\/rad-pol.com.pl\/tkaninydekoracyjne\/produkt\/nagoya\/#primaryimage","url":"https:\/\/rad-pol.com.pl\/tkaninydekoracyjne\/wp-content\/uploads\/sites\/3\/2024\/03\/Nagoya-30.Beige_.jpeg","contentUrl":"https:\/\/rad-pol.com.pl\/tkaninydekoracyjne\/wp-content\/uploads\/sites\/3\/2024\/03\/Nagoya-30.Beige_.jpeg","width":600,"height":600,"caption":"Nagoya - 30.Beige"},{"@type":"BreadcrumbList","@id":"https:\/\/rad-pol.com.pl\/tkaninydekoracyjne\/produkt\/nagoya\/#breadcrumb","itemListElement":[{"@type":"ListItem","position":1,"name":"Strona g\u0142\u00f3wna","item":"https:\/\/rad-pol.com.pl\/tkaninydekoracyjne\/"},{"@type":"ListItem","position":2,"name":"Sklep","item":"https:\/\/rad-pol.com.pl\/tkaninydekoracyjne\/sklep\/"},{"@type":"ListItem","position":3,"name":"Nagoya"}]},{"@type":"WebSite","@id":"https:\/\/rad-pol.com.pl\/tkaninydekoracyjne\/#website","url":"https:\/\/rad-pol.com.pl\/tkaninydekoracyjne\/","name":"Rad-Pol Tkaniny","description":"","publisher":{"@id":"https:\/\/rad-pol.com.pl\/tkaninydekoracyjne\/#organization"},"potentialAction":[{"@type":"SearchAction","target":{"@type":"EntryPoint","urlTemplate":"https:\/\/rad-pol.com.pl\/tkaninydekoracyjne\/?s={search_term_string}"},"query-input":{"@type":"PropertyValueSpecification","valueRequired":true,"valueName":"search_term_string"}}],"inLanguage":"pl-PL"},{"@type":"Organization","@id":"https:\/\/rad-pol.com.pl\/tkaninydekoracyjne\/#organization","name":"Rad-Pol Tkaniny","url":"https:\/\/rad-pol.com.pl\/tkaninydekoracyjne\/","logo":{"@type":"ImageObject","inLanguage":"pl-PL","@id":"https:\/\/rad-pol.com.pl\/tkaninydekoracyjne\/#\/schema\/logo\/image\/","url":"https:\/\/rad-pol.com.pl\/tkaninydekoracyjne\/wp-content\/uploads\/sites\/3\/2024\/04\/RadPol-logo-www.png","contentUrl":"https:\/\/rad-pol.com.pl\/tkaninydekoracyjne\/wp-content\/uploads\/sites\/3\/2024\/04\/RadPol-logo-www.png","width":300,"height":108,"caption":"Rad-Pol Tkaniny"},"image":{"@id":"https:\/\/rad-pol.com.pl\/tkaninydekoracyjne\/#\/schema\/logo\/image\/"},"sameAs":["https:\/\/www.facebook.com\/RadPolTkaniny"]}]}},"_links":{"self":[{"href":"https:\/\/rad-pol.com.pl\/tkaninydekoracyjne\/wp-json\/wp\/v2\/product\/3086","targetHints":{"allow":["GET"]}}],"collection":[{"href":"https:\/\/rad-pol.com.pl\/tkaninydekoracyjne\/wp-json\/wp\/v2\/product"}],"about":[{"href":"https:\/\/rad-pol.com.pl\/tkaninydekoracyjne\/wp-json\/wp\/v2\/types\/product"}],"replies":[{"embeddable":true,"href":"https:\/\/rad-pol.com.pl\/tkaninydekoracyjne\/wp-json\/wp\/v2\/comments?post=3086"}],"version-history":[{"count":3,"href":"https:\/\/rad-pol.com.pl\/tkaninydekoracyjne\/wp-json\/wp\/v2\/product\/3086\/revisions"}],"predecessor-version":[{"id":12474,"href":"https:\/\/rad-pol.com.pl\/tkaninydekoracyjne\/wp-json\/wp\/v2\/product\/3086\/revisions\/12474"}],"wp:featuredmedia":[{"embeddable":true,"href":"https:\/\/rad-pol.com.pl\/tkaninydekoracyjne\/wp-json\/wp\/v2\/media\/3088"}],"wp:attachment":[{"href":"https:\/\/rad-pol.com.pl\/tkaninydekoracyjne\/wp-json\/wp\/v2\/media?parent=3086"}],"wp:term":[{"taxonomy":"product_brand","embeddable":true,"href":"https:\/\/rad-pol.com.pl\/tkaninydekoracyjne\/wp-json\/wp\/v2\/product_brand?post=3086"},{"taxonomy":"product_cat","embeddable":true,"href":"https:\/\/rad-pol.com.pl\/tkaninydekoracyjne\/wp-json\/wp\/v2\/product_cat?post=3086"},{"taxonomy":"product_tag","embeddable":true,"href":"https:\/\/rad-pol.com.pl\/tkaninydekoracyjne\/wp-json\/wp\/v2\/product_tag?post=3086"}],"curies":[{"name":"wp","href":"https:\/\/api.w.org\/{rel}","templated":true}]}}