{"id":36,"date":"2023-09-29T08:24:35","date_gmt":"2023-09-29T06:24:35","guid":{"rendered":"https:\/\/rad-pol.com.pl\/tkaninydekoracyjne\/?post_type=product&#038;p=36"},"modified":"2024-10-02T09:47:43","modified_gmt":"2024-10-02T07:47:43","slug":"pavonini-velevet","status":"publish","type":"product","link":"https:\/\/rad-pol.com.pl\/tkaninydekoracyjne\/produkt\/pavonini-velevet\/","title":{"rendered":"Pavonini Velvet"},"content":{"rendered":"<p style=\"text-align: left\"><strong>PAVONINI VELVET<\/strong> to luksusowa i uniwersalna tkanina, kt\u00f3ra zyskuje coraz wi\u0119ksz\u0105 popularno\u015b\u0107 w \u015bwiecie wyposa\u017cenia wn\u0119trz.<\/p>\n<p>Tkanina ta znana jest ze swojej mi\u0119kkiej tekstury i eleganckiego wygl\u0105du, co czyni j\u0105 popularnym wyborem zar\u00f3wno do cel\u00f3w dekoracyjnych, jak i tapicerskich.<br \/>\nTkanina ta jest dost\u0119pna w szeroko\u015bci 280 cm, dzi\u0119ki czemu nadaje si\u0119 do r\u00f3\u017cnorodnych zastosowa\u0144. Jedn\u0105 z kluczowych cech tkaniny jest wysoki cykl \u015bcierania wynosz\u0105cy 40 000, co czyni go niezwykle trwa\u0142ym. Tkanina ta jest dost\u0119pna w trzech kolorach podstawy.<\/p>\n<p>Jedn\u0105 z g\u0142\u00f3wnych zalet stosowania tkaniny Pavonini Velvet jest jej trwa\u0142o\u015b\u0107. Wysoki cykl \u015bcierania gwarantuje, \u017ce tkanina ta wytrzyma regularne u\u017cytkowanie, co czyni j\u0105 idealnym wyborem na tapicerk\u0119. Dodatkowo Pavonini Velvet jest uniwersalny i mo\u017ce by\u0107 stosowany zar\u00f3wno do cel\u00f3w dekoracyjnych, jak i tapicerskich. Jego luksusowa faktura dodaje elegancji ka\u017cdej przestrzeni, dzi\u0119ki czemu jest popularnym wyborem w przypadku wysokiej klasy projekt\u00f3w wn\u0119trz.<\/p>\n<p>&nbsp;<\/p>\n<p style=\"text-align: left\">Dost\u0119pne kolory:<\/p>\n<p>&nbsp;<\/p>\n<table>\n<tbody>\n<tr>\n<td><img fetchpriority=\"high\" decoding=\"async\" width=\"300\" height=\"240\" class=\"wp-image-922 size-medium alignnone\" src=\"http:\/\/rad-pol.com.pl\/tkaninydekoracyjne\/wp-content\/uploads\/sites\/3\/2023\/09\/Pavonini-velvet-Navy_Blue-300x240.jpg\" srcset=\"https:\/\/rad-pol.com.pl\/tkaninydekoracyjne\/wp-content\/uploads\/sites\/3\/2023\/09\/Pavonini-velvet-Navy_Blue-300x240.jpg 300w, https:\/\/rad-pol.com.pl\/tkaninydekoracyjne\/wp-content\/uploads\/sites\/3\/2023\/09\/Pavonini-velvet-Navy_Blue-768x614.jpg 768w, https:\/\/rad-pol.com.pl\/tkaninydekoracyjne\/wp-content\/uploads\/sites\/3\/2023\/09\/Pavonini-velvet-Navy_Blue-500x400.jpg 500w, https:\/\/rad-pol.com.pl\/tkaninydekoracyjne\/wp-content\/uploads\/sites\/3\/2023\/09\/Pavonini-velvet-Navy_Blue-800x640.jpg 800w, https:\/\/rad-pol.com.pl\/tkaninydekoracyjne\/wp-content\/uploads\/sites\/3\/2023\/09\/Pavonini-velvet-Navy_Blue-600x480.jpg 600w, https:\/\/rad-pol.com.pl\/tkaninydekoracyjne\/wp-content\/uploads\/sites\/3\/2023\/09\/Pavonini-velvet-Navy_Blue.jpg 1000w\" sizes=\"(max-width: 300px) 100vw, 300px\" \/><\/td>\n<td style=\"text-align: center\"><img decoding=\"async\" width=\"300\" height=\"240\" class=\"alignnone wp-image-921 size-medium\" src=\"http:\/\/rad-pol.com.pl\/tkaninydekoracyjne\/wp-content\/uploads\/sites\/3\/2023\/09\/Pavonini-velvet-Beige-300x240.jpg\" srcset=\"https:\/\/rad-pol.com.pl\/tkaninydekoracyjne\/wp-content\/uploads\/sites\/3\/2023\/09\/Pavonini-velvet-Beige-300x240.jpg 300w, https:\/\/rad-pol.com.pl\/tkaninydekoracyjne\/wp-content\/uploads\/sites\/3\/2023\/09\/Pavonini-velvet-Beige-768x614.jpg 768w, https:\/\/rad-pol.com.pl\/tkaninydekoracyjne\/wp-content\/uploads\/sites\/3\/2023\/09\/Pavonini-velvet-Beige-500x400.jpg 500w, https:\/\/rad-pol.com.pl\/tkaninydekoracyjne\/wp-content\/uploads\/sites\/3\/2023\/09\/Pavonini-velvet-Beige-800x640.jpg 800w, https:\/\/rad-pol.com.pl\/tkaninydekoracyjne\/wp-content\/uploads\/sites\/3\/2023\/09\/Pavonini-velvet-Beige-600x480.jpg 600w, https:\/\/rad-pol.com.pl\/tkaninydekoracyjne\/wp-content\/uploads\/sites\/3\/2023\/09\/Pavonini-velvet-Beige.jpg 1000w\" sizes=\"(max-width: 300px) 100vw, 300px\" \/><\/td>\n<td><img decoding=\"async\" class=\"alignnone size-medium wp-image-41\" src=\"http:\/\/rad-pol.com.pl\/tkaninydekoracyjne\/wp-content\/uploads\/sites\/3\/2023\/09\/Pavonini-velvet-Silver-300x240.jpg\" alt=\"\" width=\"300\" height=\"240\" srcset=\"https:\/\/rad-pol.com.pl\/tkaninydekoracyjne\/wp-content\/uploads\/sites\/3\/2023\/09\/Pavonini-velvet-Silver-300x240.jpg 300w, https:\/\/rad-pol.com.pl\/tkaninydekoracyjne\/wp-content\/uploads\/sites\/3\/2023\/09\/Pavonini-velvet-Silver-768x614.jpg 768w, https:\/\/rad-pol.com.pl\/tkaninydekoracyjne\/wp-content\/uploads\/sites\/3\/2023\/09\/Pavonini-velvet-Silver-500x400.jpg 500w, https:\/\/rad-pol.com.pl\/tkaninydekoracyjne\/wp-content\/uploads\/sites\/3\/2023\/09\/Pavonini-velvet-Silver-800x640.jpg 800w, https:\/\/rad-pol.com.pl\/tkaninydekoracyjne\/wp-content\/uploads\/sites\/3\/2023\/09\/Pavonini-velvet-Silver-600x480.jpg 600w, https:\/\/rad-pol.com.pl\/tkaninydekoracyjne\/wp-content\/uploads\/sites\/3\/2023\/09\/Pavonini-velvet-Silver.jpg 1000w\" sizes=\"(max-width: 300px) 100vw, 300px\" \/><\/td>\n<\/tr>\n<tr>\n<td>Blue &#8211; 21<\/td>\n<td>Beige &#8211; 30<\/td>\n<td>Silver &#8211; 148<\/td>\n<\/tr>\n<\/tbody>\n<\/table>\n<p>&nbsp;<\/p>\n<div class=\"_df_book df-lite\" id=\"df_1116\"  _slug=\"pavonini-velvet\" data-title=\"pavonini-velvet\" wpoptions=\"true\" thumbtype=\"\" ><\/div><script class=\"df-shortcode-script\" nowprocket type=\"application\/javascript\">window.option_df_1116 = {\"outline\":[],\"autoEnableOutline\":\"false\",\"autoEnableThumbnail\":\"false\",\"overwritePDFOutline\":\"false\",\"direction\":\"1\",\"pageSize\":\"0\",\"source\":\"https:\\\/\\\/rad-pol.com.pl\\\/wp-content\\\/uploads\\\/2023\\\/10\\\/Pavonini%20Velvet.pdf\",\"wpOptions\":\"true\"}; if(window.DFLIP && window.DFLIP.parseBooks){window.DFLIP.parseBooks();}<\/script>\n<p>W\u0142a\u015bciwa piel\u0119gnacja i konserwacja s\u0105 niezb\u0119dne dla zapewnienia trwa\u0142o\u015bci tkaniny Pavonini Velvet. Regularne odkurzanie mo\u017ce pom\u00f3c w usuni\u0119ciu kurzu i zanieczyszcze\u0144, a czyszczenie punktowe wilgotn\u0105 szmatk\u0105 i \u0142agodnym detergentem mo\u017ce pom\u00f3c w usuni\u0119ciu plam. Wa\u017cne jest, aby unika\u0107 stosowania ostrych \u015brodk\u00f3w chemicznych lub wybielaczy, poniewa\u017c mog\u0105 one uszkodzi\u0107 tkanin\u0119. Tkanina o pi\u0119kny wzorze w tak modne teraz pawie.<br \/>\nPodsumowuj\u0105c, Pavonini Velvet to luksusowa i uniwersalna tkanina, kt\u00f3ra doskonale sprawdzi si\u0119 w r\u00f3\u017cnorodnych projektach wn\u0119trzarskich. Jego mi\u0119kka tekstura, trwa\u0142o\u015b\u0107 i elegancki wygl\u0105d sprawiaj\u0105, \u017ce jest popularnym wyborem zar\u00f3wno do cel\u00f3w dekoracyjnych, jak i tapicerskich. Odpowiednio dbaj\u0105c o tkanin\u0119, mo\u017cesz mie\u0107 pewno\u015b\u0107, \u017ce pozostanie on w doskona\u0142ej kondycji przez d\u0142ugie lata.<\/p>\n<p>Zobacz r\u00f3wnie\u017c inne tkaniny <a href=\"https:\/\/rad-pol.com.pl\/tkaninydekoracyjne\/velvety-i-welury\/\">velvetowe.<\/a><\/p>\n","protected":false},"excerpt":{"rendered":"<table>\n<tbody>\n<tr>\n<td>szeroko\u015b\u0107<\/td>\n<td>280<\/td>\n<\/tr>\n<tr>\n<td>sk\u0142ad<\/td>\n<td>100% poliester<\/td>\n<\/tr>\n<tr>\n<td>gramatura<\/td>\n<td>310 g\/m2<\/td>\n<\/tr>\n<tr>\n<td>\u015bcieralno\u015b\u0107 (martindale)<\/td>\n<td>40000<\/td>\n<\/tr>\n<tr>\n<td>raport szer.\/wys.<\/td>\n<td>90,5&#215;47<\/td>\n<\/tr>\n<\/tbody>\n<\/table>\n<p>&nbsp;<\/p>\n<p>Pranie i czyszczenie:<\/p>\n<table>\n<tbody>\n<tr>\n<td><img decoding=\"async\" class=\" lazyloaded\" src=\"http:\/\/rad-pol.com.pl\/tkaninydekoracyjne\/wp-content\/uploads\/sites\/3\/2024\/04\/etykieta-4338.png\" alt=\"nie wybiela\u0107\" data-src=\"http:\/\/rad-pol.com.pl\/tkaninydekoracyjne\/wp-content\/uploads\/sites\/3\/2024\/04\/etykieta-4338.png\" \/><\/td>\n<td>nie wybiela\u0107<\/td>\n<\/tr>\n<tr>\n<td><img decoding=\"async\" class=\" lazyloaded\" src=\"http:\/\/rad-pol.com.pl\/tkaninydekoracyjne\/wp-content\/uploads\/sites\/3\/2024\/09\/pranie-w-temperaturze-40.png\" alt=\"pranie w temperaturze 40\u00b0C\" data-src=\"http:\/\/rad-pol.com.pl\/tkaninydekoracyjne\/wp-content\/uploads\/sites\/3\/2024\/09\/pranie-w-temperaturze-40.png\" \/><\/td>\n<td>pranie w temperaturze 40\u00b0C<\/td>\n<\/tr>\n<tr>\n<td><img decoding=\"async\" class=\" lazyloaded\" src=\"http:\/\/rad-pol.com.pl\/tkaninydekoracyjne\/wp-content\/uploads\/sites\/3\/2024\/08\/prasowanie-150.png\" alt=\"prasowanie w temperaturze do 150 \u00b0C\" data-src=\"http:\/\/rad-pol.com.pl\/tkaninydekoracyjne\/wp-content\/uploads\/sites\/3\/2024\/08\/prasowanie-150.png\" \/><\/td>\n<td>prasowanie w temperaturze do 150 \u00b0C<\/td>\n<\/tr>\n<\/tbody>\n<\/table>\n<p>https:\/\/youtube.com\/shorts\/jMyBSD2sYBY?si=CARcOP8EC8s66qWw<\/p>\n<p><img loading=\"lazy\" decoding=\"async\" class=\"alignnone size-full wp-image-1084\" src=\"http:\/\/rad-pol.com.pl\/tkaninydekoracyjne\/wp-content\/uploads\/sites\/3\/2023\/09\/zapraszamy.jpg\" alt=\"\" width=\"568\" height=\"226\" srcset=\"https:\/\/rad-pol.com.pl\/tkaninydekoracyjne\/wp-content\/uploads\/sites\/3\/2023\/09\/zapraszamy.jpg 568w, https:\/\/rad-pol.com.pl\/tkaninydekoracyjne\/wp-content\/uploads\/sites\/3\/2023\/09\/zapraszamy-300x119.jpg 300w, https:\/\/rad-pol.com.pl\/tkaninydekoracyjne\/wp-content\/uploads\/sites\/3\/2023\/09\/zapraszamy-500x199.jpg 500w\" sizes=\"(max-width: 568px) 100vw, 568px\" \/><\/p>\n","protected":false},"featured_media":45,"comment_status":"open","ping_status":"closed","template":"","meta":[],"product_brand":[],"product_cat":[43,42,19,202,46],"product_tag":[23,20,247,212,22,237],"class_list":{"0":"post-36","1":"product","2":"type-product","3":"status-publish","4":"has-post-thumbnail","6":"product_cat-bestsellery","7":"product_cat-nowosc","8":"product_cat-obiciowe","9":"product_cat-velvety-i-welury","10":"product_cat-zaslonowe","11":"product_tag-bogaty","12":"product_tag-pawie","13":"product_tag-ptaki","14":"product_tag-velvet","15":"product_tag-wielokolorowy","16":"product_tag-wzorzysta","18":"first","19":"onbackorder","20":"shipping-taxable","21":"product-type-simple"},"yoast_head":"<!-- This site is optimized with the Yoast SEO plugin v27.3 - https:\/\/yoast.com\/product\/yoast-seo-wordpress\/ -->\n<title>Pavonini Velvet - Rad-Pol Tkaniny<\/title>\n<meta name=\"description\" content=\"Pavonini Velvet to luksusowa i uniwersalna tkanina, kt\u00f3ra zyskuje coraz wi\u0119ksz\u0105 popularno\u015b\u0107 w \u015bwiecie wyposa\u017cenia wn\u0119trz.\" \/>\n<meta name=\"robots\" content=\"index, follow, max-snippet:-1, max-image-preview:large, max-video-preview:-1\" \/>\n<link rel=\"canonical\" href=\"https:\/\/rad-pol.com.pl\/tkaninydekoracyjne\/produkt\/pavonini-velevet\/\" \/>\n<meta property=\"og:locale\" content=\"pl_PL\" \/>\n<meta property=\"og:type\" content=\"article\" \/>\n<meta property=\"og:title\" content=\"Pavonini Velvet - Rad-Pol Tkaniny\" \/>\n<meta property=\"og:description\" content=\"Pavonini Velvet to luksusowa i uniwersalna tkanina, kt\u00f3ra zyskuje coraz wi\u0119ksz\u0105 popularno\u015b\u0107 w \u015bwiecie wyposa\u017cenia wn\u0119trz.\" \/>\n<meta property=\"og:url\" content=\"https:\/\/rad-pol.com.pl\/tkaninydekoracyjne\/produkt\/pavonini-velevet\/\" \/>\n<meta property=\"og:site_name\" content=\"Rad-Pol Tkaniny\" \/>\n<meta property=\"article:publisher\" content=\"https:\/\/www.facebook.com\/RadPolTkaniny\" \/>\n<meta property=\"article:modified_time\" content=\"2024-10-02T07:47:43+00:00\" \/>\n<meta property=\"og:image\" content=\"http:\/\/rad-pol.com.pl\/tkaninydekoracyjne\/wp-content\/uploads\/sites\/3\/2023\/09\/P1019630.jpg\" \/>\n\t<meta property=\"og:image:width\" content=\"1000\" \/>\n\t<meta property=\"og:image:height\" content=\"800\" \/>\n\t<meta property=\"og:image:type\" content=\"image\/jpeg\" \/>\n<meta name=\"twitter:card\" content=\"summary_large_image\" \/>\n<meta name=\"twitter:label1\" content=\"Szacowany czas czytania\" \/>\n\t<meta name=\"twitter:data1\" content=\"3 minuty\" \/>\n<script type=\"application\/ld+json\" class=\"yoast-schema-graph\">{\"@context\":\"https:\\\/\\\/schema.org\",\"@graph\":[{\"@type\":\"WebPage\",\"@id\":\"https:\\\/\\\/rad-pol.com.pl\\\/tkaninydekoracyjne\\\/produkt\\\/pavonini-velevet\\\/\",\"url\":\"https:\\\/\\\/rad-pol.com.pl\\\/tkaninydekoracyjne\\\/produkt\\\/pavonini-velevet\\\/\",\"name\":\"Pavonini Velvet - Rad-Pol Tkaniny\",\"isPartOf\":{\"@id\":\"https:\\\/\\\/rad-pol.com.pl\\\/tkaninydekoracyjne\\\/#website\"},\"primaryImageOfPage\":{\"@id\":\"https:\\\/\\\/rad-pol.com.pl\\\/tkaninydekoracyjne\\\/produkt\\\/pavonini-velevet\\\/#primaryimage\"},\"image\":{\"@id\":\"https:\\\/\\\/rad-pol.com.pl\\\/tkaninydekoracyjne\\\/produkt\\\/pavonini-velevet\\\/#primaryimage\"},\"thumbnailUrl\":\"https:\\\/\\\/rad-pol.com.pl\\\/tkaninydekoracyjne\\\/wp-content\\\/uploads\\\/sites\\\/3\\\/2023\\\/09\\\/P1019630.jpg\",\"datePublished\":\"2023-09-29T06:24:35+00:00\",\"dateModified\":\"2024-10-02T07:47:43+00:00\",\"description\":\"Pavonini Velvet to luksusowa i uniwersalna tkanina, kt\u00f3ra zyskuje coraz wi\u0119ksz\u0105 popularno\u015b\u0107 w \u015bwiecie wyposa\u017cenia wn\u0119trz.\",\"breadcrumb\":{\"@id\":\"https:\\\/\\\/rad-pol.com.pl\\\/tkaninydekoracyjne\\\/produkt\\\/pavonini-velevet\\\/#breadcrumb\"},\"inLanguage\":\"pl-PL\",\"potentialAction\":[{\"@type\":\"ReadAction\",\"target\":[\"https:\\\/\\\/rad-pol.com.pl\\\/tkaninydekoracyjne\\\/produkt\\\/pavonini-velevet\\\/\"]}]},{\"@type\":\"ImageObject\",\"inLanguage\":\"pl-PL\",\"@id\":\"https:\\\/\\\/rad-pol.com.pl\\\/tkaninydekoracyjne\\\/produkt\\\/pavonini-velevet\\\/#primaryimage\",\"url\":\"https:\\\/\\\/rad-pol.com.pl\\\/tkaninydekoracyjne\\\/wp-content\\\/uploads\\\/sites\\\/3\\\/2023\\\/09\\\/P1019630.jpg\",\"contentUrl\":\"https:\\\/\\\/rad-pol.com.pl\\\/tkaninydekoracyjne\\\/wp-content\\\/uploads\\\/sites\\\/3\\\/2023\\\/09\\\/P1019630.jpg\",\"width\":1000,\"height\":800,\"caption\":\"OLYMPUS DIGITAL CAMERA\"},{\"@type\":\"BreadcrumbList\",\"@id\":\"https:\\\/\\\/rad-pol.com.pl\\\/tkaninydekoracyjne\\\/produkt\\\/pavonini-velevet\\\/#breadcrumb\",\"itemListElement\":[{\"@type\":\"ListItem\",\"position\":1,\"name\":\"Strona g\u0142\u00f3wna\",\"item\":\"https:\\\/\\\/rad-pol.com.pl\\\/tkaninydekoracyjne\\\/\"},{\"@type\":\"ListItem\",\"position\":2,\"name\":\"Sklep\",\"item\":\"https:\\\/\\\/rad-pol.com.pl\\\/tkaninydekoracyjne\\\/sklep\\\/\"},{\"@type\":\"ListItem\",\"position\":3,\"name\":\"Pavonini Velvet\"}]},{\"@type\":\"WebSite\",\"@id\":\"https:\\\/\\\/rad-pol.com.pl\\\/tkaninydekoracyjne\\\/#website\",\"url\":\"https:\\\/\\\/rad-pol.com.pl\\\/tkaninydekoracyjne\\\/\",\"name\":\"Rad-Pol Tkaniny\",\"description\":\"\",\"publisher\":{\"@id\":\"https:\\\/\\\/rad-pol.com.pl\\\/tkaninydekoracyjne\\\/#organization\"},\"potentialAction\":[{\"@type\":\"SearchAction\",\"target\":{\"@type\":\"EntryPoint\",\"urlTemplate\":\"https:\\\/\\\/rad-pol.com.pl\\\/tkaninydekoracyjne\\\/?s={search_term_string}\"},\"query-input\":{\"@type\":\"PropertyValueSpecification\",\"valueRequired\":true,\"valueName\":\"search_term_string\"}}],\"inLanguage\":\"pl-PL\"},{\"@type\":\"Organization\",\"@id\":\"https:\\\/\\\/rad-pol.com.pl\\\/tkaninydekoracyjne\\\/#organization\",\"name\":\"Rad-Pol Tkaniny\",\"url\":\"https:\\\/\\\/rad-pol.com.pl\\\/tkaninydekoracyjne\\\/\",\"logo\":{\"@type\":\"ImageObject\",\"inLanguage\":\"pl-PL\",\"@id\":\"https:\\\/\\\/rad-pol.com.pl\\\/tkaninydekoracyjne\\\/#\\\/schema\\\/logo\\\/image\\\/\",\"url\":\"https:\\\/\\\/rad-pol.com.pl\\\/tkaninydekoracyjne\\\/wp-content\\\/uploads\\\/sites\\\/3\\\/2024\\\/04\\\/RadPol-logo-www.png\",\"contentUrl\":\"https:\\\/\\\/rad-pol.com.pl\\\/tkaninydekoracyjne\\\/wp-content\\\/uploads\\\/sites\\\/3\\\/2024\\\/04\\\/RadPol-logo-www.png\",\"width\":300,\"height\":108,\"caption\":\"Rad-Pol Tkaniny\"},\"image\":{\"@id\":\"https:\\\/\\\/rad-pol.com.pl\\\/tkaninydekoracyjne\\\/#\\\/schema\\\/logo\\\/image\\\/\"},\"sameAs\":[\"https:\\\/\\\/www.facebook.com\\\/RadPolTkaniny\"]}]}<\/script>\n<!-- \/ Yoast SEO plugin. -->","yoast_head_json":{"title":"Pavonini Velvet - Rad-Pol Tkaniny","description":"Pavonini Velvet to luksusowa i uniwersalna tkanina, kt\u00f3ra zyskuje coraz wi\u0119ksz\u0105 popularno\u015b\u0107 w \u015bwiecie wyposa\u017cenia wn\u0119trz.","robots":{"index":"index","follow":"follow","max-snippet":"max-snippet:-1","max-image-preview":"max-image-preview:large","max-video-preview":"max-video-preview:-1"},"canonical":"https:\/\/rad-pol.com.pl\/tkaninydekoracyjne\/produkt\/pavonini-velevet\/","og_locale":"pl_PL","og_type":"article","og_title":"Pavonini Velvet - Rad-Pol Tkaniny","og_description":"Pavonini Velvet to luksusowa i uniwersalna tkanina, kt\u00f3ra zyskuje coraz wi\u0119ksz\u0105 popularno\u015b\u0107 w \u015bwiecie wyposa\u017cenia wn\u0119trz.","og_url":"https:\/\/rad-pol.com.pl\/tkaninydekoracyjne\/produkt\/pavonini-velevet\/","og_site_name":"Rad-Pol Tkaniny","article_publisher":"https:\/\/www.facebook.com\/RadPolTkaniny","article_modified_time":"2024-10-02T07:47:43+00:00","og_image":[{"width":1000,"height":800,"url":"http:\/\/rad-pol.com.pl\/tkaninydekoracyjne\/wp-content\/uploads\/sites\/3\/2023\/09\/P1019630.jpg","type":"image\/jpeg"}],"twitter_card":"summary_large_image","twitter_misc":{"Szacowany czas czytania":"3 minuty"},"schema":{"@context":"https:\/\/schema.org","@graph":[{"@type":"WebPage","@id":"https:\/\/rad-pol.com.pl\/tkaninydekoracyjne\/produkt\/pavonini-velevet\/","url":"https:\/\/rad-pol.com.pl\/tkaninydekoracyjne\/produkt\/pavonini-velevet\/","name":"Pavonini Velvet - Rad-Pol Tkaniny","isPartOf":{"@id":"https:\/\/rad-pol.com.pl\/tkaninydekoracyjne\/#website"},"primaryImageOfPage":{"@id":"https:\/\/rad-pol.com.pl\/tkaninydekoracyjne\/produkt\/pavonini-velevet\/#primaryimage"},"image":{"@id":"https:\/\/rad-pol.com.pl\/tkaninydekoracyjne\/produkt\/pavonini-velevet\/#primaryimage"},"thumbnailUrl":"https:\/\/rad-pol.com.pl\/tkaninydekoracyjne\/wp-content\/uploads\/sites\/3\/2023\/09\/P1019630.jpg","datePublished":"2023-09-29T06:24:35+00:00","dateModified":"2024-10-02T07:47:43+00:00","description":"Pavonini Velvet to luksusowa i uniwersalna tkanina, kt\u00f3ra zyskuje coraz wi\u0119ksz\u0105 popularno\u015b\u0107 w \u015bwiecie wyposa\u017cenia wn\u0119trz.","breadcrumb":{"@id":"https:\/\/rad-pol.com.pl\/tkaninydekoracyjne\/produkt\/pavonini-velevet\/#breadcrumb"},"inLanguage":"pl-PL","potentialAction":[{"@type":"ReadAction","target":["https:\/\/rad-pol.com.pl\/tkaninydekoracyjne\/produkt\/pavonini-velevet\/"]}]},{"@type":"ImageObject","inLanguage":"pl-PL","@id":"https:\/\/rad-pol.com.pl\/tkaninydekoracyjne\/produkt\/pavonini-velevet\/#primaryimage","url":"https:\/\/rad-pol.com.pl\/tkaninydekoracyjne\/wp-content\/uploads\/sites\/3\/2023\/09\/P1019630.jpg","contentUrl":"https:\/\/rad-pol.com.pl\/tkaninydekoracyjne\/wp-content\/uploads\/sites\/3\/2023\/09\/P1019630.jpg","width":1000,"height":800,"caption":"OLYMPUS DIGITAL CAMERA"},{"@type":"BreadcrumbList","@id":"https:\/\/rad-pol.com.pl\/tkaninydekoracyjne\/produkt\/pavonini-velevet\/#breadcrumb","itemListElement":[{"@type":"ListItem","position":1,"name":"Strona g\u0142\u00f3wna","item":"https:\/\/rad-pol.com.pl\/tkaninydekoracyjne\/"},{"@type":"ListItem","position":2,"name":"Sklep","item":"https:\/\/rad-pol.com.pl\/tkaninydekoracyjne\/sklep\/"},{"@type":"ListItem","position":3,"name":"Pavonini Velvet"}]},{"@type":"WebSite","@id":"https:\/\/rad-pol.com.pl\/tkaninydekoracyjne\/#website","url":"https:\/\/rad-pol.com.pl\/tkaninydekoracyjne\/","name":"Rad-Pol Tkaniny","description":"","publisher":{"@id":"https:\/\/rad-pol.com.pl\/tkaninydekoracyjne\/#organization"},"potentialAction":[{"@type":"SearchAction","target":{"@type":"EntryPoint","urlTemplate":"https:\/\/rad-pol.com.pl\/tkaninydekoracyjne\/?s={search_term_string}"},"query-input":{"@type":"PropertyValueSpecification","valueRequired":true,"valueName":"search_term_string"}}],"inLanguage":"pl-PL"},{"@type":"Organization","@id":"https:\/\/rad-pol.com.pl\/tkaninydekoracyjne\/#organization","name":"Rad-Pol Tkaniny","url":"https:\/\/rad-pol.com.pl\/tkaninydekoracyjne\/","logo":{"@type":"ImageObject","inLanguage":"pl-PL","@id":"https:\/\/rad-pol.com.pl\/tkaninydekoracyjne\/#\/schema\/logo\/image\/","url":"https:\/\/rad-pol.com.pl\/tkaninydekoracyjne\/wp-content\/uploads\/sites\/3\/2024\/04\/RadPol-logo-www.png","contentUrl":"https:\/\/rad-pol.com.pl\/tkaninydekoracyjne\/wp-content\/uploads\/sites\/3\/2024\/04\/RadPol-logo-www.png","width":300,"height":108,"caption":"Rad-Pol Tkaniny"},"image":{"@id":"https:\/\/rad-pol.com.pl\/tkaninydekoracyjne\/#\/schema\/logo\/image\/"},"sameAs":["https:\/\/www.facebook.com\/RadPolTkaniny"]}]}},"_links":{"self":[{"href":"https:\/\/rad-pol.com.pl\/tkaninydekoracyjne\/wp-json\/wp\/v2\/product\/36","targetHints":{"allow":["GET"]}}],"collection":[{"href":"https:\/\/rad-pol.com.pl\/tkaninydekoracyjne\/wp-json\/wp\/v2\/product"}],"about":[{"href":"https:\/\/rad-pol.com.pl\/tkaninydekoracyjne\/wp-json\/wp\/v2\/types\/product"}],"replies":[{"embeddable":true,"href":"https:\/\/rad-pol.com.pl\/tkaninydekoracyjne\/wp-json\/wp\/v2\/comments?post=36"}],"version-history":[{"count":23,"href":"https:\/\/rad-pol.com.pl\/tkaninydekoracyjne\/wp-json\/wp\/v2\/product\/36\/revisions"}],"predecessor-version":[{"id":13815,"href":"https:\/\/rad-pol.com.pl\/tkaninydekoracyjne\/wp-json\/wp\/v2\/product\/36\/revisions\/13815"}],"wp:featuredmedia":[{"embeddable":true,"href":"https:\/\/rad-pol.com.pl\/tkaninydekoracyjne\/wp-json\/wp\/v2\/media\/45"}],"wp:attachment":[{"href":"https:\/\/rad-pol.com.pl\/tkaninydekoracyjne\/wp-json\/wp\/v2\/media?parent=36"}],"wp:term":[{"taxonomy":"product_brand","embeddable":true,"href":"https:\/\/rad-pol.com.pl\/tkaninydekoracyjne\/wp-json\/wp\/v2\/product_brand?post=36"},{"taxonomy":"product_cat","embeddable":true,"href":"https:\/\/rad-pol.com.pl\/tkaninydekoracyjne\/wp-json\/wp\/v2\/product_cat?post=36"},{"taxonomy":"product_tag","embeddable":true,"href":"https:\/\/rad-pol.com.pl\/tkaninydekoracyjne\/wp-json\/wp\/v2\/product_tag?post=36"}],"curies":[{"name":"wp","href":"https:\/\/api.w.org\/{rel}","templated":true}]}}