{"id":3721,"date":"2024-05-14T11:25:29","date_gmt":"2024-05-14T09:25:29","guid":{"rendered":"https:\/\/rad-pol.com.pl\/tkaninydekoracyjne\/?post_type=product&#038;p=3721"},"modified":"2025-05-24T19:05:59","modified_gmt":"2025-05-24T17:05:59","slug":"obrus-dekoracyjny-asya","status":"publish","type":"product","link":"https:\/\/rad-pol.com.pl\/tkaninydekoracyjne\/produkt\/obrus-dekoracyjny-asya\/","title":{"rendered":"Obrus dekoracyjny Asya"},"content":{"rendered":"<div class=\"flex flex-grow flex-col max-w-full\">\n<div class=\"min-h-[20px] text-message flex flex-col items-start whitespace-pre-wrap break-words [.text-message+&amp;]:mt-5 overflow-x-auto gap-3\" dir=\"auto\" data-message-author-role=\"assistant\" data-message-id=\"e8526cae-6eb2-4ac2-9856-529f917c4667\">\n<div class=\"markdown prose w-full break-words dark:prose-invert light\">\n<div class=\"flex flex-grow flex-col max-w-full\">\n<div class=\"min-h-[20px] text-message flex flex-col items-start whitespace-pre-wrap break-words [.text-message+&amp;]:mt-5 overflow-x-auto gap-3\" dir=\"auto\" data-message-author-role=\"assistant\" data-message-id=\"cda00c4e-3a18-4265-a7b1-b9156bcf37f7\">\n<div class=\"markdown prose w-full break-words dark:prose-invert light\">\n<div class=\"flex flex-grow flex-col max-w-full\">\n<div class=\"min-h-[20px] text-message flex flex-col items-start whitespace-pre-wrap break-words [.text-message+&amp;]:mt-5 overflow-x-auto gap-3\" dir=\"auto\" data-message-author-role=\"assistant\" data-message-id=\"dc7929e4-1cf5-4fa6-80de-40c374387c2b\">\n<div class=\"markdown prose w-full break-words dark:prose-invert light\">\n<div class=\"flex flex-grow flex-col max-w-full\">\n<div class=\"min-h-[20px] text-message flex flex-col items-start whitespace-pre-wrap break-words [.text-message+&amp;]:mt-5 overflow-x-auto gap-3\" dir=\"auto\" data-message-author-role=\"assistant\" data-message-id=\"2efedb8b-55d2-40e8-8f2b-41a7ffc8cd77\">\n<div class=\"markdown prose w-full break-words dark:prose-invert light\">\n<div class=\"flex flex-grow flex-col max-w-full\">\n<div class=\"min-h-[20px] text-message flex flex-col items-start whitespace-pre-wrap break-words [.text-message+&amp;]:mt-5 overflow-x-auto gap-3\" dir=\"auto\" data-message-author-role=\"assistant\" data-message-id=\"e23e0a12-5c14-4261-b50b-4b06f4df27e5\">\n<div class=\"markdown prose w-full break-words dark:prose-invert light\">\n<div id=\"app\" class=\"product-content\">\n<div class=\"product-wrapper\">\n<div class=\"left-row\">\n<div class=\"sub-fabric\">\n<div class=\"sub-text\">\n<h3>Obrus dekoracyjny Asya<\/h3>\n<p>to wysokiej jako\u015bci kolekcja obrus\u00f3w gipiurowych. Wykonane s\u0105 z tkaniny imituj\u0105cej len w kolorze ecru i wyko\u0144czone gipiur\u0105 w kolorze cappuccino. \u015arodek obrus\u00f3w jest pusty.<\/p>\n<p>W przypadku braku na magazynie czas oczekiwania: 4-6 tygodni<\/p>\n<p>Istnieje mo\u017cliwo\u015b\u0107 zam\u00f3wienia obrus\u00f3w pod indywidualnie podane wymiary lub kolor. Wtedy minimalne zam\u00f3wienie to 10 sztuk z jednego nowo podanego wymiaru i koloru obrusa.<\/p>\n<h5>Sztuka nakrywania do sto\u0142u<\/h5>\n<p>Sztuka nakrywania do sto\u0142u jest istotnym aspektem tworzenia zach\u0119caj\u0105cych i estetycznych dozna\u0144. Najwa\u017cniejszym z element\u00f3w, kt\u00f3ry potrafi zamieni\u0107 zwyk\u0142y st\u00f3\u0142 w zniewalaj\u0105c\u0105 ozdob\u0119, jest obrus. Kolekcja Asya to obrusy z imitacji lnu w kolorze ecru, obszyty gipiur\u0105 w kolorze cappuccino. To wyj\u0105tkowe po\u0142\u0105czenie tkaniny i wyko\u0144czenia tworzy wra\u017cenie wizualne, kt\u00f3re jest zar\u00f3wno eleganckie, jak i ponadczasowe<\/p>\n<p>Wyb\u00f3r koloru ecru, jasnobe\u017cowego, nadaje obrusowi subtelnej elegancji. Sam materia\u0142 jest mi\u0119kki i g\u0142adki, na\u015bladuj\u0105c luksusowy wygl\u0105d autentycznego lnu. Jego imitacyjny charakter zapewnia trwa\u0142o\u015b\u0107, dzi\u0119ki czemu nadaje si\u0119 do regularnego u\u017cytkowania bez uszczerbku dla jego atrakcyjno\u015bci wizualnej. Pod wzgl\u0119dem wygl\u0105du tkanina lniana w kolorze ecru ma subteln\u0105 tkan\u0105 faktur\u0119, kt\u00f3ra dodaje obrusowi g\u0142\u0119bi i zainteresowania. Ta tekstura nie tylko zwi\u0119ksza atrakcyjno\u015b\u0107 wizualn\u0105, ale tak\u017ce zapewnia wra\u017cenia dotykowe dla tych, kt\u00f3rzy maj\u0105 z ni\u0105 kontakt. Zdolno\u015b\u0107 tkaniny do wdzi\u0119cznego uk\u0142adania si\u0119 na stole dodaje mu og\u00f3lnego uroku, tworz\u0105c wyrafinowany i elegancki wygl\u0105d. Aby jeszcze bardziej podnie\u015b\u0107 atrakcyjno\u015b\u0107 obrusu, do projektu w\u0142\u0105czono subtelne ozdoby. Delikatne haftowane gipury dodaj\u0105 tkaninie wyrafinowania, poprawiaj\u0105c jej og\u00f3ln\u0105 estetyk\u0119.<\/p>\n<h5>Gipiurowe wyko\u0144czenie<\/h5>\n<p>Gipiurowe wyko\u0144czenie w kolorze cappuccino jest ukoronowaniem tego obrusu, dodaj\u0105c odrobin\u0119 bogactwa i wyrafinowania. Gipiura to rodzaj koronki charakteryzuj\u0105cy si\u0119 wypuk\u0142ym wzorem, utworzonym przez szereg po\u0142\u0105czonych ze sob\u0105 nici. W tym przypadku gipiurowa koronka jest misternie wykonana w kolorze cappuccino, doskonale komponuj\u0105c si\u0119 z lnian\u0105 tkanin\u0105 ecru. Gipiurowe wyko\u0144czenie ma skomplikowany wz\u00f3r, kt\u00f3ry dodaje obrusowi g\u0142\u0119bi i wymiaru. Delikatny design przypomina motywy kwiatowe, z misternymi detalami i organicznymi kszta\u0142tami. Ten wz\u00f3r jest starannie wykonany, dzi\u0119ki czemu ka\u017cdy \u015bcieg jest precyzyjny i nieskazitelny, co jeszcze bardziej poprawia og\u00f3ln\u0105 jako\u015b\u0107 obrusu. Kolor cappuccino gipiurowej lam\u00f3wki subtelnie kontrastuje z lnian\u0105 tkanin\u0105 ecru, tworz\u0105c harmonijn\u0105 mieszank\u0119 barw. Ten wyb\u00f3r kolor\u00f3w jest wszechstronny, poniewa\u017c mo\u017ce bezproblemowo uzupe\u0142nia\u0107 r\u00f3\u017cne ustawienia sto\u0142u i style dekoracji. Niezale\u017cnie od tego, czy jest to oficjalna kolacja, czy niezobowi\u0105zuj\u0105ce spotkanie, gipiurowe wyko\u0144czenia w kolorze cappuccino dodadz\u0105 odrobiny wyrafinowania i elegancji ka\u017cdej okazji.<\/p>\n<p>&nbsp;<\/p>\n<p>Po\u0142\u0105czenie lnianej tkaniny w kolorze ecru i gipiurowego wyko\u0144czenia w kolorze cappuccino tworzy efektowny wizualnie obrus, kt\u00f3ry emanuje elegancj\u0105 i wyrafinowaniem.<\/p>\n<\/div>\n<\/div>\n<\/div>\n<div class=\"right-col\"><div class=\"_df_book df-lite\" id=\"df_11704\"  _slug=\"obrusy-i-biezniki\" data-title=\"obrusy-i-biezniki\" wpoptions=\"true\" thumbtype=\"\" ><\/div><script class=\"df-shortcode-script\" nowprocket type=\"application\/javascript\">window.option_df_11704 = {\"outline\":[],\"autoEnableOutline\":\"false\",\"autoEnableThumbnail\":\"false\",\"overwritePDFOutline\":\"false\",\"direction\":\"1\",\"pageSize\":\"0\",\"source\":\"http:\\\/\\\/rad-pol.com.pl\\\/tkaninydekoracyjne\\\/wp-content\\\/uploads\\\/sites\\\/3\\\/2024\\\/09\\\/Obrusy-i-biezniki-kolekcja-wiosna-lato-2023_compressed.pdf\",\"wpOptions\":\"true\"}; if(window.DFLIP && window.DFLIP.parseBooks){window.DFLIP.parseBooks();}<\/script><\/div>\n<\/div>\n<\/div>\n<div class=\"colection-text-cont\">\n<div class=\"colection\">\n<div class=\"colection-title\">\n<h2><\/h2>\n<\/div>\n<\/div>\n<\/div>\n<\/div>\n<\/div>\n<\/div>\n<\/div>\n<\/div>\n<\/div>\n<\/div>\n<\/div>\n<\/div>\n<\/div>\n<\/div>\n<\/div>\n<\/div>\n<\/div>\n<\/div>\n","protected":false},"excerpt":{"rendered":"<p>WYMIARY OBRUS\u00d3W:<\/p>\n<p>&#8211; PROSTOK\u0104TNY 160&#215;210 | 160&#215;260 | 160&#215;350<\/p>\n<p>&#8211; OWALNY 160&#215;210 | 160&#215;260 | 160&#215;350<\/p>\n<p>&#8211; OKR\u0104G\u0141Y \u0158 140 | \u0158 180<\/p>\n<p>Dost\u0119pne od r\u0119ki.<\/p>\n","protected":false},"featured_media":3723,"comment_status":"open","ping_status":"closed","template":"","meta":[],"product_brand":[],"product_cat":[42,88],"product_tag":[],"class_list":{"0":"post-3721","1":"product","2":"type-product","3":"status-publish","4":"has-post-thumbnail","6":"product_cat-nowosc","7":"product_cat-obrusy","9":"first","10":"onbackorder","11":"shipping-taxable","12":"product-type-simple"},"yoast_head":"<!-- This site is optimized with the Yoast SEO plugin v27.3 - https:\/\/yoast.com\/product\/yoast-seo-wordpress\/ -->\n<title>Obrus dekoracyjny Asya - Rad-Pol Tkaniny<\/title>\n<meta name=\"description\" content=\"Obrus dekoracyjny Asyato. Wykonane s\u0105 z tkaniny imituj\u0105cej len w kolorze ecru i wyko\u0144czone gipiur\u0105 w kolorze cappuccino. \u015arodek obrus\u00f3w jest pusty.\" \/>\n<meta name=\"robots\" content=\"index, follow, max-snippet:-1, max-image-preview:large, max-video-preview:-1\" \/>\n<link rel=\"canonical\" href=\"https:\/\/rad-pol.com.pl\/tkaninydekoracyjne\/produkt\/obrus-dekoracyjny-asya\/\" \/>\n<meta property=\"og:locale\" content=\"pl_PL\" \/>\n<meta property=\"og:type\" content=\"article\" \/>\n<meta property=\"og:title\" content=\"Obrus dekoracyjny Asya - Rad-Pol Tkaniny\" \/>\n<meta property=\"og:description\" content=\"Obrus dekoracyjny Asyato. Wykonane s\u0105 z tkaniny imituj\u0105cej len w kolorze ecru i wyko\u0144czone gipiur\u0105 w kolorze cappuccino. \u015arodek obrus\u00f3w jest pusty.\" \/>\n<meta property=\"og:url\" content=\"https:\/\/rad-pol.com.pl\/tkaninydekoracyjne\/produkt\/obrus-dekoracyjny-asya\/\" \/>\n<meta property=\"og:site_name\" content=\"Rad-Pol Tkaniny\" \/>\n<meta property=\"article:publisher\" content=\"https:\/\/www.facebook.com\/RadPolTkaniny\" \/>\n<meta property=\"article:modified_time\" content=\"2025-05-24T17:05:59+00:00\" \/>\n<meta property=\"og:image\" content=\"http:\/\/rad-pol.com.pl\/tkaninydekoracyjne\/wp-content\/uploads\/sites\/3\/2024\/05\/ASYA_.jpg\" \/>\n\t<meta property=\"og:image:width\" content=\"1500\" \/>\n\t<meta property=\"og:image:height\" content=\"1500\" \/>\n\t<meta property=\"og:image:type\" content=\"image\/jpeg\" \/>\n<meta name=\"twitter:card\" content=\"summary_large_image\" \/>\n<meta name=\"twitter:label1\" content=\"Szacowany czas czytania\" \/>\n\t<meta name=\"twitter:data1\" content=\"3 minuty\" \/>\n<script type=\"application\/ld+json\" class=\"yoast-schema-graph\">{\"@context\":\"https:\\\/\\\/schema.org\",\"@graph\":[{\"@type\":\"WebPage\",\"@id\":\"https:\\\/\\\/rad-pol.com.pl\\\/tkaninydekoracyjne\\\/produkt\\\/obrus-dekoracyjny-asya\\\/\",\"url\":\"https:\\\/\\\/rad-pol.com.pl\\\/tkaninydekoracyjne\\\/produkt\\\/obrus-dekoracyjny-asya\\\/\",\"name\":\"Obrus dekoracyjny Asya - Rad-Pol Tkaniny\",\"isPartOf\":{\"@id\":\"https:\\\/\\\/rad-pol.com.pl\\\/tkaninydekoracyjne\\\/#website\"},\"primaryImageOfPage\":{\"@id\":\"https:\\\/\\\/rad-pol.com.pl\\\/tkaninydekoracyjne\\\/produkt\\\/obrus-dekoracyjny-asya\\\/#primaryimage\"},\"image\":{\"@id\":\"https:\\\/\\\/rad-pol.com.pl\\\/tkaninydekoracyjne\\\/produkt\\\/obrus-dekoracyjny-asya\\\/#primaryimage\"},\"thumbnailUrl\":\"https:\\\/\\\/rad-pol.com.pl\\\/tkaninydekoracyjne\\\/wp-content\\\/uploads\\\/sites\\\/3\\\/2024\\\/05\\\/ASYA_.jpg\",\"datePublished\":\"2024-05-14T09:25:29+00:00\",\"dateModified\":\"2025-05-24T17:05:59+00:00\",\"description\":\"Obrus dekoracyjny Asyato. Wykonane s\u0105 z tkaniny imituj\u0105cej len w kolorze ecru i wyko\u0144czone gipiur\u0105 w kolorze cappuccino. \u015arodek obrus\u00f3w jest pusty.\",\"breadcrumb\":{\"@id\":\"https:\\\/\\\/rad-pol.com.pl\\\/tkaninydekoracyjne\\\/produkt\\\/obrus-dekoracyjny-asya\\\/#breadcrumb\"},\"inLanguage\":\"pl-PL\",\"potentialAction\":[{\"@type\":\"ReadAction\",\"target\":[\"https:\\\/\\\/rad-pol.com.pl\\\/tkaninydekoracyjne\\\/produkt\\\/obrus-dekoracyjny-asya\\\/\"]}]},{\"@type\":\"ImageObject\",\"inLanguage\":\"pl-PL\",\"@id\":\"https:\\\/\\\/rad-pol.com.pl\\\/tkaninydekoracyjne\\\/produkt\\\/obrus-dekoracyjny-asya\\\/#primaryimage\",\"url\":\"https:\\\/\\\/rad-pol.com.pl\\\/tkaninydekoracyjne\\\/wp-content\\\/uploads\\\/sites\\\/3\\\/2024\\\/05\\\/ASYA_.jpg\",\"contentUrl\":\"https:\\\/\\\/rad-pol.com.pl\\\/tkaninydekoracyjne\\\/wp-content\\\/uploads\\\/sites\\\/3\\\/2024\\\/05\\\/ASYA_.jpg\",\"width\":1500,\"height\":1500},{\"@type\":\"BreadcrumbList\",\"@id\":\"https:\\\/\\\/rad-pol.com.pl\\\/tkaninydekoracyjne\\\/produkt\\\/obrus-dekoracyjny-asya\\\/#breadcrumb\",\"itemListElement\":[{\"@type\":\"ListItem\",\"position\":1,\"name\":\"Strona g\u0142\u00f3wna\",\"item\":\"https:\\\/\\\/rad-pol.com.pl\\\/tkaninydekoracyjne\\\/\"},{\"@type\":\"ListItem\",\"position\":2,\"name\":\"Sklep\",\"item\":\"https:\\\/\\\/rad-pol.com.pl\\\/tkaninydekoracyjne\\\/sklep\\\/\"},{\"@type\":\"ListItem\",\"position\":3,\"name\":\"Obrus dekoracyjny Asya\"}]},{\"@type\":\"WebSite\",\"@id\":\"https:\\\/\\\/rad-pol.com.pl\\\/tkaninydekoracyjne\\\/#website\",\"url\":\"https:\\\/\\\/rad-pol.com.pl\\\/tkaninydekoracyjne\\\/\",\"name\":\"Rad-Pol Tkaniny\",\"description\":\"\",\"publisher\":{\"@id\":\"https:\\\/\\\/rad-pol.com.pl\\\/tkaninydekoracyjne\\\/#organization\"},\"potentialAction\":[{\"@type\":\"SearchAction\",\"target\":{\"@type\":\"EntryPoint\",\"urlTemplate\":\"https:\\\/\\\/rad-pol.com.pl\\\/tkaninydekoracyjne\\\/?s={search_term_string}\"},\"query-input\":{\"@type\":\"PropertyValueSpecification\",\"valueRequired\":true,\"valueName\":\"search_term_string\"}}],\"inLanguage\":\"pl-PL\"},{\"@type\":\"Organization\",\"@id\":\"https:\\\/\\\/rad-pol.com.pl\\\/tkaninydekoracyjne\\\/#organization\",\"name\":\"Rad-Pol Tkaniny\",\"url\":\"https:\\\/\\\/rad-pol.com.pl\\\/tkaninydekoracyjne\\\/\",\"logo\":{\"@type\":\"ImageObject\",\"inLanguage\":\"pl-PL\",\"@id\":\"https:\\\/\\\/rad-pol.com.pl\\\/tkaninydekoracyjne\\\/#\\\/schema\\\/logo\\\/image\\\/\",\"url\":\"https:\\\/\\\/rad-pol.com.pl\\\/tkaninydekoracyjne\\\/wp-content\\\/uploads\\\/sites\\\/3\\\/2024\\\/04\\\/RadPol-logo-www.png\",\"contentUrl\":\"https:\\\/\\\/rad-pol.com.pl\\\/tkaninydekoracyjne\\\/wp-content\\\/uploads\\\/sites\\\/3\\\/2024\\\/04\\\/RadPol-logo-www.png\",\"width\":300,\"height\":108,\"caption\":\"Rad-Pol Tkaniny\"},\"image\":{\"@id\":\"https:\\\/\\\/rad-pol.com.pl\\\/tkaninydekoracyjne\\\/#\\\/schema\\\/logo\\\/image\\\/\"},\"sameAs\":[\"https:\\\/\\\/www.facebook.com\\\/RadPolTkaniny\"]}]}<\/script>\n<!-- \/ Yoast SEO plugin. -->","yoast_head_json":{"title":"Obrus dekoracyjny Asya - Rad-Pol Tkaniny","description":"Obrus dekoracyjny Asyato. Wykonane s\u0105 z tkaniny imituj\u0105cej len w kolorze ecru i wyko\u0144czone gipiur\u0105 w kolorze cappuccino. \u015arodek obrus\u00f3w jest pusty.","robots":{"index":"index","follow":"follow","max-snippet":"max-snippet:-1","max-image-preview":"max-image-preview:large","max-video-preview":"max-video-preview:-1"},"canonical":"https:\/\/rad-pol.com.pl\/tkaninydekoracyjne\/produkt\/obrus-dekoracyjny-asya\/","og_locale":"pl_PL","og_type":"article","og_title":"Obrus dekoracyjny Asya - Rad-Pol Tkaniny","og_description":"Obrus dekoracyjny Asyato. Wykonane s\u0105 z tkaniny imituj\u0105cej len w kolorze ecru i wyko\u0144czone gipiur\u0105 w kolorze cappuccino. \u015arodek obrus\u00f3w jest pusty.","og_url":"https:\/\/rad-pol.com.pl\/tkaninydekoracyjne\/produkt\/obrus-dekoracyjny-asya\/","og_site_name":"Rad-Pol Tkaniny","article_publisher":"https:\/\/www.facebook.com\/RadPolTkaniny","article_modified_time":"2025-05-24T17:05:59+00:00","og_image":[{"width":1500,"height":1500,"url":"http:\/\/rad-pol.com.pl\/tkaninydekoracyjne\/wp-content\/uploads\/sites\/3\/2024\/05\/ASYA_.jpg","type":"image\/jpeg"}],"twitter_card":"summary_large_image","twitter_misc":{"Szacowany czas czytania":"3 minuty"},"schema":{"@context":"https:\/\/schema.org","@graph":[{"@type":"WebPage","@id":"https:\/\/rad-pol.com.pl\/tkaninydekoracyjne\/produkt\/obrus-dekoracyjny-asya\/","url":"https:\/\/rad-pol.com.pl\/tkaninydekoracyjne\/produkt\/obrus-dekoracyjny-asya\/","name":"Obrus dekoracyjny Asya - Rad-Pol Tkaniny","isPartOf":{"@id":"https:\/\/rad-pol.com.pl\/tkaninydekoracyjne\/#website"},"primaryImageOfPage":{"@id":"https:\/\/rad-pol.com.pl\/tkaninydekoracyjne\/produkt\/obrus-dekoracyjny-asya\/#primaryimage"},"image":{"@id":"https:\/\/rad-pol.com.pl\/tkaninydekoracyjne\/produkt\/obrus-dekoracyjny-asya\/#primaryimage"},"thumbnailUrl":"https:\/\/rad-pol.com.pl\/tkaninydekoracyjne\/wp-content\/uploads\/sites\/3\/2024\/05\/ASYA_.jpg","datePublished":"2024-05-14T09:25:29+00:00","dateModified":"2025-05-24T17:05:59+00:00","description":"Obrus dekoracyjny Asyato. Wykonane s\u0105 z tkaniny imituj\u0105cej len w kolorze ecru i wyko\u0144czone gipiur\u0105 w kolorze cappuccino. \u015arodek obrus\u00f3w jest pusty.","breadcrumb":{"@id":"https:\/\/rad-pol.com.pl\/tkaninydekoracyjne\/produkt\/obrus-dekoracyjny-asya\/#breadcrumb"},"inLanguage":"pl-PL","potentialAction":[{"@type":"ReadAction","target":["https:\/\/rad-pol.com.pl\/tkaninydekoracyjne\/produkt\/obrus-dekoracyjny-asya\/"]}]},{"@type":"ImageObject","inLanguage":"pl-PL","@id":"https:\/\/rad-pol.com.pl\/tkaninydekoracyjne\/produkt\/obrus-dekoracyjny-asya\/#primaryimage","url":"https:\/\/rad-pol.com.pl\/tkaninydekoracyjne\/wp-content\/uploads\/sites\/3\/2024\/05\/ASYA_.jpg","contentUrl":"https:\/\/rad-pol.com.pl\/tkaninydekoracyjne\/wp-content\/uploads\/sites\/3\/2024\/05\/ASYA_.jpg","width":1500,"height":1500},{"@type":"BreadcrumbList","@id":"https:\/\/rad-pol.com.pl\/tkaninydekoracyjne\/produkt\/obrus-dekoracyjny-asya\/#breadcrumb","itemListElement":[{"@type":"ListItem","position":1,"name":"Strona g\u0142\u00f3wna","item":"https:\/\/rad-pol.com.pl\/tkaninydekoracyjne\/"},{"@type":"ListItem","position":2,"name":"Sklep","item":"https:\/\/rad-pol.com.pl\/tkaninydekoracyjne\/sklep\/"},{"@type":"ListItem","position":3,"name":"Obrus dekoracyjny Asya"}]},{"@type":"WebSite","@id":"https:\/\/rad-pol.com.pl\/tkaninydekoracyjne\/#website","url":"https:\/\/rad-pol.com.pl\/tkaninydekoracyjne\/","name":"Rad-Pol Tkaniny","description":"","publisher":{"@id":"https:\/\/rad-pol.com.pl\/tkaninydekoracyjne\/#organization"},"potentialAction":[{"@type":"SearchAction","target":{"@type":"EntryPoint","urlTemplate":"https:\/\/rad-pol.com.pl\/tkaninydekoracyjne\/?s={search_term_string}"},"query-input":{"@type":"PropertyValueSpecification","valueRequired":true,"valueName":"search_term_string"}}],"inLanguage":"pl-PL"},{"@type":"Organization","@id":"https:\/\/rad-pol.com.pl\/tkaninydekoracyjne\/#organization","name":"Rad-Pol Tkaniny","url":"https:\/\/rad-pol.com.pl\/tkaninydekoracyjne\/","logo":{"@type":"ImageObject","inLanguage":"pl-PL","@id":"https:\/\/rad-pol.com.pl\/tkaninydekoracyjne\/#\/schema\/logo\/image\/","url":"https:\/\/rad-pol.com.pl\/tkaninydekoracyjne\/wp-content\/uploads\/sites\/3\/2024\/04\/RadPol-logo-www.png","contentUrl":"https:\/\/rad-pol.com.pl\/tkaninydekoracyjne\/wp-content\/uploads\/sites\/3\/2024\/04\/RadPol-logo-www.png","width":300,"height":108,"caption":"Rad-Pol Tkaniny"},"image":{"@id":"https:\/\/rad-pol.com.pl\/tkaninydekoracyjne\/#\/schema\/logo\/image\/"},"sameAs":["https:\/\/www.facebook.com\/RadPolTkaniny"]}]}},"_links":{"self":[{"href":"https:\/\/rad-pol.com.pl\/tkaninydekoracyjne\/wp-json\/wp\/v2\/product\/3721","targetHints":{"allow":["GET"]}}],"collection":[{"href":"https:\/\/rad-pol.com.pl\/tkaninydekoracyjne\/wp-json\/wp\/v2\/product"}],"about":[{"href":"https:\/\/rad-pol.com.pl\/tkaninydekoracyjne\/wp-json\/wp\/v2\/types\/product"}],"replies":[{"embeddable":true,"href":"https:\/\/rad-pol.com.pl\/tkaninydekoracyjne\/wp-json\/wp\/v2\/comments?post=3721"}],"version-history":[{"count":1,"href":"https:\/\/rad-pol.com.pl\/tkaninydekoracyjne\/wp-json\/wp\/v2\/product\/3721\/revisions"}],"predecessor-version":[{"id":11710,"href":"https:\/\/rad-pol.com.pl\/tkaninydekoracyjne\/wp-json\/wp\/v2\/product\/3721\/revisions\/11710"}],"wp:featuredmedia":[{"embeddable":true,"href":"https:\/\/rad-pol.com.pl\/tkaninydekoracyjne\/wp-json\/wp\/v2\/media\/3723"}],"wp:attachment":[{"href":"https:\/\/rad-pol.com.pl\/tkaninydekoracyjne\/wp-json\/wp\/v2\/media?parent=3721"}],"wp:term":[{"taxonomy":"product_brand","embeddable":true,"href":"https:\/\/rad-pol.com.pl\/tkaninydekoracyjne\/wp-json\/wp\/v2\/product_brand?post=3721"},{"taxonomy":"product_cat","embeddable":true,"href":"https:\/\/rad-pol.com.pl\/tkaninydekoracyjne\/wp-json\/wp\/v2\/product_cat?post=3721"},{"taxonomy":"product_tag","embeddable":true,"href":"https:\/\/rad-pol.com.pl\/tkaninydekoracyjne\/wp-json\/wp\/v2\/product_tag?post=3721"}],"curies":[{"name":"wp","href":"https:\/\/api.w.org\/{rel}","templated":true}]}}