{"id":3733,"date":"2024-05-14T11:52:37","date_gmt":"2024-05-14T09:52:37","guid":{"rendered":"https:\/\/rad-pol.com.pl\/tkaninydekoracyjne\/?post_type=product&#038;p=3733"},"modified":"2024-09-10T08:44:08","modified_gmt":"2024-09-10T06:44:08","slug":"obrus-gipiurowy-julia","status":"publish","type":"product","link":"https:\/\/rad-pol.com.pl\/tkaninydekoracyjne\/produkt\/obrus-gipiurowy-julia\/","title":{"rendered":"Obrus gipiurowy Julia"},"content":{"rendered":"<div class=\"flex flex-grow flex-col max-w-full\">\n<div class=\"min-h-[20px] text-message flex flex-col items-start whitespace-pre-wrap break-words [.text-message+&amp;]:mt-5 overflow-x-auto gap-3\" dir=\"auto\" data-message-author-role=\"assistant\" data-message-id=\"e8526cae-6eb2-4ac2-9856-529f917c4667\">\n<div class=\"markdown prose w-full break-words dark:prose-invert light\">\n<div class=\"flex flex-grow flex-col max-w-full\">\n<div class=\"min-h-[20px] text-message flex flex-col items-start whitespace-pre-wrap break-words [.text-message+&amp;]:mt-5 overflow-x-auto gap-3\" dir=\"auto\" data-message-author-role=\"assistant\" data-message-id=\"cda00c4e-3a18-4265-a7b1-b9156bcf37f7\">\n<div class=\"markdown prose w-full break-words dark:prose-invert light\">\n<div class=\"flex flex-grow flex-col max-w-full\">\n<div class=\"min-h-[20px] text-message flex flex-col items-start whitespace-pre-wrap break-words [.text-message+&amp;]:mt-5 overflow-x-auto gap-3\" dir=\"auto\" data-message-author-role=\"assistant\" data-message-id=\"dc7929e4-1cf5-4fa6-80de-40c374387c2b\">\n<div class=\"markdown prose w-full break-words dark:prose-invert light\">\n<div class=\"flex flex-grow flex-col max-w-full\">\n<div class=\"min-h-[20px] text-message flex flex-col items-start whitespace-pre-wrap break-words [.text-message+&amp;]:mt-5 overflow-x-auto gap-3\" dir=\"auto\" data-message-author-role=\"assistant\" data-message-id=\"2efedb8b-55d2-40e8-8f2b-41a7ffc8cd77\">\n<div class=\"markdown prose w-full break-words dark:prose-invert light\">\n<div class=\"flex flex-grow flex-col max-w-full\">\n<div class=\"min-h-[20px] text-message flex flex-col items-start whitespace-pre-wrap break-words [.text-message+&amp;]:mt-5 overflow-x-auto gap-3\" dir=\"auto\" data-message-author-role=\"assistant\" data-message-id=\"e23e0a12-5c14-4261-b50b-4b06f4df27e5\">\n<div class=\"markdown prose w-full break-words dark:prose-invert light\">\n<div id=\"app\" class=\"product-content\">\n<div class=\"product-wrapper\">\n<div class=\"left-row\">\n<div class=\"sub-fabric\">\n<div class=\"sub-text\">\n<h3>\u00a0Obrus gipiurowy Julia<\/h3>\n<div class=\"left-row\">\n<div class=\"sub-fabric\">\n<div class=\"sub-text\">\n<p><strong>J<\/strong><strong>ulia<\/strong> to wysokiej jako\u015bci kolekcja obrus\u00f3w gipiurowych.<\/p>\n<p>Wykonane z tkaniny imituj\u0105cej len w kolorze ecru i wyko\u0144czone gipiur\u0105 w kolorze z\u0142otym. \u015arodek obrus\u00f3w jest pusty<\/p>\n<p><strong>\u00a0<\/strong>Dost\u0119pne od r\u0119ki. W przypadku braku na magazynie czas oczekiwania: ok. 4-6 tygodni. Istnieje mo\u017cliwo\u015b\u0107 zam\u00f3wienia obrus\u00f3w pod indywidualnie podane wymiary lub kolor. Wtedy minimalne zam\u00f3wienie to 10 sztuk z jednego nowo podanego wymiaru i koloru obrusa.<\/p>\n<h4>100% poliester<\/h4>\n<p>Obrus \u200b\u200bz imitacji lnu w kolorze ecru to pi\u0119kny i elegancki dodatek do ka\u017cdego sto\u0142u w jadalni. Obrus \u200b\u200bjest wykonany z grubej, wytrzyma\u0142ej tkaniny poliestrowej, kt\u00f3ra jest zar\u00f3wno pi\u0119kna, jak i trwa\u0142a. Tkanina w kolorze ecru stanowi neutraln\u0105 i uniwersaln\u0105 baz\u0119, kt\u00f3ra mo\u017ce stanowi\u0107 uzupe\u0142nienie r\u00f3\u017cnorodnych zastaw sto\u0142\u00f3w i styl\u00f3w wystroju. Ecru to kolor jasnego be\u017cu lub z\u0142amanej bieli, kt\u00f3ry nadaje obrusowi ponadczasowy i klasyczny wygl\u0105d . Ten wyb\u00f3r kolor\u00f3w pozwala obrusowi p\u0142ynnie \u0142\u0105czy\u0107 si\u0119 z r\u00f3\u017cnymi schematami kolorystycznymi i zastaw\u0105 sto\u0142ow\u0105, co czyni go wszechstronn\u0105 opcj\u0105 na ka\u017cd\u0105 okazj\u0119.<\/p>\n<h4>Obrus gipiurowy<\/h4>\n<p>Projekt obrusu podkre\u015bla gipiurowa koronka w kolorze cappuccino. Koronka gipiurowa to rodzaj ozdoby, kt\u00f3ry charakteryzuje si\u0119 skomplikowanymi i ozdobnymi wzorami. Kolor cappuccino dodaje obrusowi ciep\u0142a i wyrafinowania, tworz\u0105c atrakcyjny wizualnie kontrast z tkanin\u0105 w kolorze ecru. Gipiurowe wyko\u0144czenie jest delikatnie wykonane i dodaje elegancji ca\u0142emu projektowi obrusu. Koronkowa lam\u00f3wka posiada klasyczny ornament, co jeszcze bardziej poprawia estetyk\u0119 obrusu. To po\u0142\u0105czenie tkaniny w kolorze ecru i wyko\u0144czenia z gipiury w kolorze cappuccino tworzy osza\u0142amiaj\u0105cy i przyci\u0105gaj\u0105cy wzrok obrus, kt\u00f3ry z pewno\u015bci\u0105 zrobi wra\u017cenie na go\u015bciach.<\/p>\n<p>Obrus \u200b\u200bjest dost\u0119pny w r\u00f3\u017cnych rozmiarach i wymiarach, aby pasowa\u0142 do r\u00f3\u017cnych rozmiar\u00f3w i kszta\u0142t\u00f3w sto\u0142u. Niezale\u017cnie od tego, czy masz okr\u0105g\u0142y, prostok\u0105tny czy kwadratowy st\u00f3\u0142, dost\u0119pna jest opcja rozmiaru dopasowana do Twoich konkretnych potrzeb. Obrus \u200b\u200bzosta\u0142 zaprojektowany tak, aby zapewni\u0107 pe\u0142ne pokrycie i ochron\u0119 sto\u0142u, a jednocze\u015bnie doda\u0107 odrobin\u0119 elegancji i stylu do posi\u0142k\u00f3w. Dzi\u0119ki wysokiej jako\u015bci tkaninie, misternej gipiurowej lam\u00f3wce, obrus z imitacji lnu w kolorze ecru, obszyty gipiur\u0105 w kolorze cappuccino, to doskona\u0142y wyb\u00f3r zar\u00f3wno na co dzie\u0144, jak i na oficjalne okazje.<\/p>\n<\/div>\n<\/div>\n<\/div>\n<div class=\"right-col\"><div class=\"_df_book df-lite\" id=\"df_11704\"  _slug=\"obrusy-i-biezniki\" data-title=\"obrusy-i-biezniki\" wpoptions=\"true\" thumbtype=\"\" ><\/div><script class=\"df-shortcode-script\" nowprocket type=\"application\/javascript\">window.option_df_11704 = {\"outline\":[],\"autoEnableOutline\":\"false\",\"autoEnableThumbnail\":\"false\",\"overwritePDFOutline\":\"false\",\"direction\":\"1\",\"pageSize\":\"0\",\"source\":\"http:\\\/\\\/rad-pol.com.pl\\\/tkaninydekoracyjne\\\/wp-content\\\/uploads\\\/sites\\\/3\\\/2024\\\/09\\\/Obrusy-i-biezniki-kolekcja-wiosna-lato-2023_compressed.pdf\",\"wpOptions\":\"true\"}; if(window.DFLIP && window.DFLIP.parseBooks){window.DFLIP.parseBooks();}<\/script><\/div>\n<\/div>\n<\/div>\n<\/div>\n<\/div>\n<\/div>\n<\/div>\n<\/div>\n<\/div>\n<\/div>\n<\/div>\n<\/div>\n<\/div>\n<\/div>\n<\/div>\n<\/div>\n<\/div>\n<\/div>\n<\/div>\n<\/div>\n<\/div>\n","protected":false},"excerpt":{"rendered":"<p><strong>WYMIARY OBRUS\u00d3W:<\/strong><\/p>\n<ul>\n<li><strong>PROSTOK\u0104TNY 160&#215;210<\/strong><\/li>\n<li><strong>PROSTOK\u0104TNY 160&#215;260<\/strong><\/li>\n<li><strong>PROSTOK\u0104TNY 160&#215;350<\/strong><\/li>\n<\/ul>\n<p><strong>\u00a0<\/strong><\/p>\n<ul>\n<li><strong>OWALNY 160&#215;210<\/strong><\/li>\n<li><strong>OWALNY 160&#215;260<\/strong><\/li>\n<li><strong>OWALNY 160&#215;350<\/strong><\/li>\n<\/ul>\n<p><strong>\u00a0<\/strong><\/p>\n<ul>\n<li><strong>OKR\u0104G\u0141Y \u00d8 140<\/strong><\/li>\n<li><strong>OKR\u0104G\u0141Y \u00d8 180<\/strong><\/li>\n<\/ul>\n","protected":false},"featured_media":3735,"comment_status":"open","ping_status":"closed","template":"","meta":[],"product_brand":[],"product_cat":[42,88],"product_tag":[],"class_list":{"0":"post-3733","1":"product","2":"type-product","3":"status-publish","4":"has-post-thumbnail","6":"product_cat-nowosc","7":"product_cat-obrusy","9":"first","10":"onbackorder","11":"shipping-taxable","12":"product-type-simple"},"yoast_head":"<!-- This site is optimized with the Yoast SEO plugin v27.3 - https:\/\/yoast.com\/product\/yoast-seo-wordpress\/ -->\n<title>Obrus gipiurowy Julia - Rad-Pol Tkaniny<\/title>\n<meta name=\"description\" content=\"Obrus gipiurowy JuliaJulia to wysokiej jako\u015bci kolekcja obrus\u00f3w gipiurowych. Wykonane z tkaniny imituj\u0105cej len w kolorze ecru\" \/>\n<meta name=\"robots\" content=\"index, follow, max-snippet:-1, max-image-preview:large, max-video-preview:-1\" \/>\n<link rel=\"canonical\" href=\"https:\/\/rad-pol.com.pl\/tkaninydekoracyjne\/produkt\/obrus-gipiurowy-julia\/\" \/>\n<meta property=\"og:locale\" content=\"pl_PL\" \/>\n<meta property=\"og:type\" content=\"article\" \/>\n<meta property=\"og:title\" content=\"Obrus gipiurowy Julia - Rad-Pol Tkaniny\" \/>\n<meta property=\"og:description\" content=\"Obrus gipiurowy JuliaJulia to wysokiej jako\u015bci kolekcja obrus\u00f3w gipiurowych. Wykonane z tkaniny imituj\u0105cej len w kolorze ecru\" \/>\n<meta property=\"og:url\" content=\"https:\/\/rad-pol.com.pl\/tkaninydekoracyjne\/produkt\/obrus-gipiurowy-julia\/\" \/>\n<meta property=\"og:site_name\" content=\"Rad-Pol Tkaniny\" \/>\n<meta property=\"article:publisher\" content=\"https:\/\/www.facebook.com\/RadPolTkaniny\" \/>\n<meta property=\"article:modified_time\" content=\"2024-09-10T06:44:08+00:00\" \/>\n<meta property=\"og:image\" content=\"http:\/\/rad-pol.com.pl\/tkaninydekoracyjne\/wp-content\/uploads\/sites\/3\/2024\/05\/julia-obrusy-gipiurowe464.jpeg\" \/>\n\t<meta property=\"og:image:width\" content=\"600\" \/>\n\t<meta property=\"og:image:height\" content=\"600\" \/>\n\t<meta property=\"og:image:type\" content=\"image\/jpeg\" \/>\n<meta name=\"twitter:card\" content=\"summary_large_image\" \/>\n<meta name=\"twitter:label1\" content=\"Szacowany czas czytania\" \/>\n\t<meta name=\"twitter:data1\" content=\"3 minuty\" \/>\n<script type=\"application\/ld+json\" class=\"yoast-schema-graph\">{\"@context\":\"https:\\\/\\\/schema.org\",\"@graph\":[{\"@type\":\"WebPage\",\"@id\":\"https:\\\/\\\/rad-pol.com.pl\\\/tkaninydekoracyjne\\\/produkt\\\/obrus-gipiurowy-julia\\\/\",\"url\":\"https:\\\/\\\/rad-pol.com.pl\\\/tkaninydekoracyjne\\\/produkt\\\/obrus-gipiurowy-julia\\\/\",\"name\":\"Obrus gipiurowy Julia - Rad-Pol Tkaniny\",\"isPartOf\":{\"@id\":\"https:\\\/\\\/rad-pol.com.pl\\\/tkaninydekoracyjne\\\/#website\"},\"primaryImageOfPage\":{\"@id\":\"https:\\\/\\\/rad-pol.com.pl\\\/tkaninydekoracyjne\\\/produkt\\\/obrus-gipiurowy-julia\\\/#primaryimage\"},\"image\":{\"@id\":\"https:\\\/\\\/rad-pol.com.pl\\\/tkaninydekoracyjne\\\/produkt\\\/obrus-gipiurowy-julia\\\/#primaryimage\"},\"thumbnailUrl\":\"https:\\\/\\\/rad-pol.com.pl\\\/tkaninydekoracyjne\\\/wp-content\\\/uploads\\\/sites\\\/3\\\/2024\\\/05\\\/julia-obrusy-gipiurowe464.jpeg\",\"datePublished\":\"2024-05-14T09:52:37+00:00\",\"dateModified\":\"2024-09-10T06:44:08+00:00\",\"description\":\"Obrus gipiurowy JuliaJulia to wysokiej jako\u015bci kolekcja obrus\u00f3w gipiurowych. Wykonane z tkaniny imituj\u0105cej len w kolorze ecru\",\"breadcrumb\":{\"@id\":\"https:\\\/\\\/rad-pol.com.pl\\\/tkaninydekoracyjne\\\/produkt\\\/obrus-gipiurowy-julia\\\/#breadcrumb\"},\"inLanguage\":\"pl-PL\",\"potentialAction\":[{\"@type\":\"ReadAction\",\"target\":[\"https:\\\/\\\/rad-pol.com.pl\\\/tkaninydekoracyjne\\\/produkt\\\/obrus-gipiurowy-julia\\\/\"]}]},{\"@type\":\"ImageObject\",\"inLanguage\":\"pl-PL\",\"@id\":\"https:\\\/\\\/rad-pol.com.pl\\\/tkaninydekoracyjne\\\/produkt\\\/obrus-gipiurowy-julia\\\/#primaryimage\",\"url\":\"https:\\\/\\\/rad-pol.com.pl\\\/tkaninydekoracyjne\\\/wp-content\\\/uploads\\\/sites\\\/3\\\/2024\\\/05\\\/julia-obrusy-gipiurowe464.jpeg\",\"contentUrl\":\"https:\\\/\\\/rad-pol.com.pl\\\/tkaninydekoracyjne\\\/wp-content\\\/uploads\\\/sites\\\/3\\\/2024\\\/05\\\/julia-obrusy-gipiurowe464.jpeg\",\"width\":600,\"height\":600},{\"@type\":\"BreadcrumbList\",\"@id\":\"https:\\\/\\\/rad-pol.com.pl\\\/tkaninydekoracyjne\\\/produkt\\\/obrus-gipiurowy-julia\\\/#breadcrumb\",\"itemListElement\":[{\"@type\":\"ListItem\",\"position\":1,\"name\":\"Strona g\u0142\u00f3wna\",\"item\":\"https:\\\/\\\/rad-pol.com.pl\\\/tkaninydekoracyjne\\\/\"},{\"@type\":\"ListItem\",\"position\":2,\"name\":\"Sklep\",\"item\":\"https:\\\/\\\/rad-pol.com.pl\\\/tkaninydekoracyjne\\\/sklep\\\/\"},{\"@type\":\"ListItem\",\"position\":3,\"name\":\"Obrus gipiurowy Julia\"}]},{\"@type\":\"WebSite\",\"@id\":\"https:\\\/\\\/rad-pol.com.pl\\\/tkaninydekoracyjne\\\/#website\",\"url\":\"https:\\\/\\\/rad-pol.com.pl\\\/tkaninydekoracyjne\\\/\",\"name\":\"Rad-Pol Tkaniny\",\"description\":\"\",\"publisher\":{\"@id\":\"https:\\\/\\\/rad-pol.com.pl\\\/tkaninydekoracyjne\\\/#organization\"},\"potentialAction\":[{\"@type\":\"SearchAction\",\"target\":{\"@type\":\"EntryPoint\",\"urlTemplate\":\"https:\\\/\\\/rad-pol.com.pl\\\/tkaninydekoracyjne\\\/?s={search_term_string}\"},\"query-input\":{\"@type\":\"PropertyValueSpecification\",\"valueRequired\":true,\"valueName\":\"search_term_string\"}}],\"inLanguage\":\"pl-PL\"},{\"@type\":\"Organization\",\"@id\":\"https:\\\/\\\/rad-pol.com.pl\\\/tkaninydekoracyjne\\\/#organization\",\"name\":\"Rad-Pol Tkaniny\",\"url\":\"https:\\\/\\\/rad-pol.com.pl\\\/tkaninydekoracyjne\\\/\",\"logo\":{\"@type\":\"ImageObject\",\"inLanguage\":\"pl-PL\",\"@id\":\"https:\\\/\\\/rad-pol.com.pl\\\/tkaninydekoracyjne\\\/#\\\/schema\\\/logo\\\/image\\\/\",\"url\":\"https:\\\/\\\/rad-pol.com.pl\\\/tkaninydekoracyjne\\\/wp-content\\\/uploads\\\/sites\\\/3\\\/2024\\\/04\\\/RadPol-logo-www.png\",\"contentUrl\":\"https:\\\/\\\/rad-pol.com.pl\\\/tkaninydekoracyjne\\\/wp-content\\\/uploads\\\/sites\\\/3\\\/2024\\\/04\\\/RadPol-logo-www.png\",\"width\":300,\"height\":108,\"caption\":\"Rad-Pol Tkaniny\"},\"image\":{\"@id\":\"https:\\\/\\\/rad-pol.com.pl\\\/tkaninydekoracyjne\\\/#\\\/schema\\\/logo\\\/image\\\/\"},\"sameAs\":[\"https:\\\/\\\/www.facebook.com\\\/RadPolTkaniny\"]}]}<\/script>\n<!-- \/ Yoast SEO plugin. -->","yoast_head_json":{"title":"Obrus gipiurowy Julia - Rad-Pol Tkaniny","description":"Obrus gipiurowy JuliaJulia to wysokiej jako\u015bci kolekcja obrus\u00f3w gipiurowych. Wykonane z tkaniny imituj\u0105cej len w kolorze ecru","robots":{"index":"index","follow":"follow","max-snippet":"max-snippet:-1","max-image-preview":"max-image-preview:large","max-video-preview":"max-video-preview:-1"},"canonical":"https:\/\/rad-pol.com.pl\/tkaninydekoracyjne\/produkt\/obrus-gipiurowy-julia\/","og_locale":"pl_PL","og_type":"article","og_title":"Obrus gipiurowy Julia - Rad-Pol Tkaniny","og_description":"Obrus gipiurowy JuliaJulia to wysokiej jako\u015bci kolekcja obrus\u00f3w gipiurowych. Wykonane z tkaniny imituj\u0105cej len w kolorze ecru","og_url":"https:\/\/rad-pol.com.pl\/tkaninydekoracyjne\/produkt\/obrus-gipiurowy-julia\/","og_site_name":"Rad-Pol Tkaniny","article_publisher":"https:\/\/www.facebook.com\/RadPolTkaniny","article_modified_time":"2024-09-10T06:44:08+00:00","og_image":[{"width":600,"height":600,"url":"http:\/\/rad-pol.com.pl\/tkaninydekoracyjne\/wp-content\/uploads\/sites\/3\/2024\/05\/julia-obrusy-gipiurowe464.jpeg","type":"image\/jpeg"}],"twitter_card":"summary_large_image","twitter_misc":{"Szacowany czas czytania":"3 minuty"},"schema":{"@context":"https:\/\/schema.org","@graph":[{"@type":"WebPage","@id":"https:\/\/rad-pol.com.pl\/tkaninydekoracyjne\/produkt\/obrus-gipiurowy-julia\/","url":"https:\/\/rad-pol.com.pl\/tkaninydekoracyjne\/produkt\/obrus-gipiurowy-julia\/","name":"Obrus gipiurowy Julia - Rad-Pol Tkaniny","isPartOf":{"@id":"https:\/\/rad-pol.com.pl\/tkaninydekoracyjne\/#website"},"primaryImageOfPage":{"@id":"https:\/\/rad-pol.com.pl\/tkaninydekoracyjne\/produkt\/obrus-gipiurowy-julia\/#primaryimage"},"image":{"@id":"https:\/\/rad-pol.com.pl\/tkaninydekoracyjne\/produkt\/obrus-gipiurowy-julia\/#primaryimage"},"thumbnailUrl":"https:\/\/rad-pol.com.pl\/tkaninydekoracyjne\/wp-content\/uploads\/sites\/3\/2024\/05\/julia-obrusy-gipiurowe464.jpeg","datePublished":"2024-05-14T09:52:37+00:00","dateModified":"2024-09-10T06:44:08+00:00","description":"Obrus gipiurowy JuliaJulia to wysokiej jako\u015bci kolekcja obrus\u00f3w gipiurowych. Wykonane z tkaniny imituj\u0105cej len w kolorze ecru","breadcrumb":{"@id":"https:\/\/rad-pol.com.pl\/tkaninydekoracyjne\/produkt\/obrus-gipiurowy-julia\/#breadcrumb"},"inLanguage":"pl-PL","potentialAction":[{"@type":"ReadAction","target":["https:\/\/rad-pol.com.pl\/tkaninydekoracyjne\/produkt\/obrus-gipiurowy-julia\/"]}]},{"@type":"ImageObject","inLanguage":"pl-PL","@id":"https:\/\/rad-pol.com.pl\/tkaninydekoracyjne\/produkt\/obrus-gipiurowy-julia\/#primaryimage","url":"https:\/\/rad-pol.com.pl\/tkaninydekoracyjne\/wp-content\/uploads\/sites\/3\/2024\/05\/julia-obrusy-gipiurowe464.jpeg","contentUrl":"https:\/\/rad-pol.com.pl\/tkaninydekoracyjne\/wp-content\/uploads\/sites\/3\/2024\/05\/julia-obrusy-gipiurowe464.jpeg","width":600,"height":600},{"@type":"BreadcrumbList","@id":"https:\/\/rad-pol.com.pl\/tkaninydekoracyjne\/produkt\/obrus-gipiurowy-julia\/#breadcrumb","itemListElement":[{"@type":"ListItem","position":1,"name":"Strona g\u0142\u00f3wna","item":"https:\/\/rad-pol.com.pl\/tkaninydekoracyjne\/"},{"@type":"ListItem","position":2,"name":"Sklep","item":"https:\/\/rad-pol.com.pl\/tkaninydekoracyjne\/sklep\/"},{"@type":"ListItem","position":3,"name":"Obrus gipiurowy Julia"}]},{"@type":"WebSite","@id":"https:\/\/rad-pol.com.pl\/tkaninydekoracyjne\/#website","url":"https:\/\/rad-pol.com.pl\/tkaninydekoracyjne\/","name":"Rad-Pol Tkaniny","description":"","publisher":{"@id":"https:\/\/rad-pol.com.pl\/tkaninydekoracyjne\/#organization"},"potentialAction":[{"@type":"SearchAction","target":{"@type":"EntryPoint","urlTemplate":"https:\/\/rad-pol.com.pl\/tkaninydekoracyjne\/?s={search_term_string}"},"query-input":{"@type":"PropertyValueSpecification","valueRequired":true,"valueName":"search_term_string"}}],"inLanguage":"pl-PL"},{"@type":"Organization","@id":"https:\/\/rad-pol.com.pl\/tkaninydekoracyjne\/#organization","name":"Rad-Pol Tkaniny","url":"https:\/\/rad-pol.com.pl\/tkaninydekoracyjne\/","logo":{"@type":"ImageObject","inLanguage":"pl-PL","@id":"https:\/\/rad-pol.com.pl\/tkaninydekoracyjne\/#\/schema\/logo\/image\/","url":"https:\/\/rad-pol.com.pl\/tkaninydekoracyjne\/wp-content\/uploads\/sites\/3\/2024\/04\/RadPol-logo-www.png","contentUrl":"https:\/\/rad-pol.com.pl\/tkaninydekoracyjne\/wp-content\/uploads\/sites\/3\/2024\/04\/RadPol-logo-www.png","width":300,"height":108,"caption":"Rad-Pol Tkaniny"},"image":{"@id":"https:\/\/rad-pol.com.pl\/tkaninydekoracyjne\/#\/schema\/logo\/image\/"},"sameAs":["https:\/\/www.facebook.com\/RadPolTkaniny"]}]}},"_links":{"self":[{"href":"https:\/\/rad-pol.com.pl\/tkaninydekoracyjne\/wp-json\/wp\/v2\/product\/3733","targetHints":{"allow":["GET"]}}],"collection":[{"href":"https:\/\/rad-pol.com.pl\/tkaninydekoracyjne\/wp-json\/wp\/v2\/product"}],"about":[{"href":"https:\/\/rad-pol.com.pl\/tkaninydekoracyjne\/wp-json\/wp\/v2\/types\/product"}],"replies":[{"embeddable":true,"href":"https:\/\/rad-pol.com.pl\/tkaninydekoracyjne\/wp-json\/wp\/v2\/comments?post=3733"}],"version-history":[{"count":1,"href":"https:\/\/rad-pol.com.pl\/tkaninydekoracyjne\/wp-json\/wp\/v2\/product\/3733\/revisions"}],"predecessor-version":[{"id":11709,"href":"https:\/\/rad-pol.com.pl\/tkaninydekoracyjne\/wp-json\/wp\/v2\/product\/3733\/revisions\/11709"}],"wp:featuredmedia":[{"embeddable":true,"href":"https:\/\/rad-pol.com.pl\/tkaninydekoracyjne\/wp-json\/wp\/v2\/media\/3735"}],"wp:attachment":[{"href":"https:\/\/rad-pol.com.pl\/tkaninydekoracyjne\/wp-json\/wp\/v2\/media?parent=3733"}],"wp:term":[{"taxonomy":"product_brand","embeddable":true,"href":"https:\/\/rad-pol.com.pl\/tkaninydekoracyjne\/wp-json\/wp\/v2\/product_brand?post=3733"},{"taxonomy":"product_cat","embeddable":true,"href":"https:\/\/rad-pol.com.pl\/tkaninydekoracyjne\/wp-json\/wp\/v2\/product_cat?post=3733"},{"taxonomy":"product_tag","embeddable":true,"href":"https:\/\/rad-pol.com.pl\/tkaninydekoracyjne\/wp-json\/wp\/v2\/product_tag?post=3733"}],"curies":[{"name":"wp","href":"https:\/\/api.w.org\/{rel}","templated":true}]}}