{"id":7377,"date":"2024-07-24T09:17:57","date_gmt":"2024-07-24T07:17:57","guid":{"rendered":"https:\/\/rad-pol.com.pl\/tkaninydekoracyjne\/?post_type=product&#038;p=7377"},"modified":"2024-10-02T14:01:16","modified_gmt":"2024-10-02T12:01:16","slug":"margaret-x484-gladka","status":"publish","type":"product","link":"https:\/\/rad-pol.com.pl\/tkaninydekoracyjne\/produkt\/margaret-x484-gladka\/","title":{"rendered":"Margaret X484 G\u0142adka"},"content":{"rendered":"<p><strong>MARGARET<\/strong> to kolekcja stworzona z dba\u0142o\u015bci\u0105 o najdrobniejsze szczeg\u00f3\u0142y.<\/p>\n<p>G\u0142\u00f3wnym motywem tej kolekcji s\u0105 te pi\u0119kne, haftowane medaliony. Ka\u017cdy z nich to ma\u0142e arcydzie\u0142o, kt\u00f3re zosta\u0142o utkane na tkaninie o wyj\u0105tkowym sk\u0142adzie \u2013 w wi\u0119kszo\u015bci wykonanej z wiskozy i bawe\u0142ny, z niewielk\u0105 domieszk\u0105 poliestru.<\/p>\n<p>Tkanina ta emanuje luksusem i elegancj\u0105. B\u0119dzie doskona\u0142ym wyborem zar\u00f3wno na obicia mebli, jak i na zas\u0142ony i lambrekiny.<\/p>\n<p>Kolekcja MARGARET to nie tylko medaliony, to ca\u0142a historia kolekcji, kt\u00f3ra odnajduje si\u0119 w drobnych listkach i pasach, tworz\u0105cych harmonijne koordynaty do g\u0142\u00f3wnego wzoru. Te subtelne detale nadaj\u0105 kolekcji jeszcze wi\u0119kszej g\u0142\u0119bi i wyrafinowania.<\/p>\n<p>W kolekcji MARGARET do wyboru jest r\u00f3wnie\u017c g\u0142adka tkanina. Pos\u0142u\u017cy jako koordynat do r\u00f3\u017cnych wyko\u0144cze\u0144 dekoracyjnych.<\/p>\n<p>Je\u015bli marzysz o przemianie swojego wn\u0119trza w pa\u0142acow\u0105 komnat\u0119, to tkanina MARGARET jest w\u0142a\u015bnie dla Ciebie. Jej niepowtarzalny design i szlachetny sk\u0142ad sprawi\u0105, \u017ce Twoje meble i zas\u0142ony stan\u0105 si\u0119 nie tylko funkcjonalnymi elementami. B\u0119d\u0105 tak\u017ce prawdziwymi dzie\u0142ami sztuki.<\/p>\n<p>Pozw\u00f3l sobie na odrobin\u0119 luksusu i elegancji we w\u0142asnym domu.<\/p>\n<p>Daj swoim pomieszczeniom kr\u00f3lewski wygl\u0105d, kt\u00f3ry b\u0119dzie zachwyca\u0107 przez lata.<\/p>\n<p>Niech Twoje wn\u0119trza przem\u00f3wi\u0105 o Twoim niezwyk\u0142ym gu\u015bcie i stylu.<\/p>\n<p>&nbsp;<\/p>\n<p style=\"text-align: left\">Dost\u0119pne kolory:<\/p>\n<div class=\"qodef-m-text\">\n\n\t\t<style type=\"text\/css\">\n\t\t\t#gallery-1 {\n\t\t\t\tmargin: auto;\n\t\t\t}\n\t\t\t#gallery-1 .gallery-item {\n\t\t\t\tfloat: left;\n\t\t\t\tmargin-top: 10px;\n\t\t\t\ttext-align: center;\n\t\t\t\twidth: 20%;\n\t\t\t}\n\t\t\t#gallery-1 img {\n\t\t\t\tborder: 2px solid #cfcfcf;\n\t\t\t}\n\t\t\t#gallery-1 .gallery-caption {\n\t\t\t\tmargin-left: 0;\n\t\t\t}\n\t\t\t\/* see gallery_shortcode() in wp-includes\/media.php *\/\n\t\t<\/style>\n\t\t<div id='gallery-1' class='gallery galleryid-7377 gallery-columns-5 gallery-size-thumbnail'><dl class='gallery-item'>\n\t\t\t<dt class='gallery-icon landscape'>\n\t\t\t\t<a href='https:\/\/rad-pol.com.pl\/tkaninydekoracyjne\/?attachment_id=7378'><img decoding=\"async\" width=\"150\" height=\"150\" src=\"https:\/\/rad-pol.com.pl\/tkaninydekoracyjne\/wp-content\/uploads\/sites\/3\/2024\/07\/Margaret-X484-Gladka-X484-COL.1-150x150.jpeg\" class=\"attachment-thumbnail size-thumbnail\" alt=\"Margaret X484 G\u0142adka - X484 COL.1\" aria-describedby=\"gallery-1-7378\" srcset=\"https:\/\/rad-pol.com.pl\/tkaninydekoracyjne\/wp-content\/uploads\/sites\/3\/2024\/07\/Margaret-X484-Gladka-X484-COL.1-150x150.jpeg 150w, https:\/\/rad-pol.com.pl\/tkaninydekoracyjne\/wp-content\/uploads\/sites\/3\/2024\/07\/Margaret-X484-Gladka-X484-COL.1-300x300.jpeg 300w, https:\/\/rad-pol.com.pl\/tkaninydekoracyjne\/wp-content\/uploads\/sites\/3\/2024\/07\/Margaret-X484-Gladka-X484-COL.1-100x100.jpeg 100w, https:\/\/rad-pol.com.pl\/tkaninydekoracyjne\/wp-content\/uploads\/sites\/3\/2024\/07\/Margaret-X484-Gladka-X484-COL.1.jpeg 600w\" sizes=\"(max-width: 150px) 100vw, 150px\" \/><\/a>\n\t\t\t<\/dt>\n\t\t\t\t<dd class='wp-caption-text gallery-caption' id='gallery-1-7378'>\n\t\t\t\tMargaret X484 G\u0142adka &#8211; X484 COL.1\n\t\t\t\t<\/dd><\/dl><dl class='gallery-item'>\n\t\t\t<dt class='gallery-icon landscape'>\n\t\t\t\t<a href='https:\/\/rad-pol.com.pl\/tkaninydekoracyjne\/?attachment_id=7379'><img decoding=\"async\" width=\"150\" height=\"150\" src=\"https:\/\/rad-pol.com.pl\/tkaninydekoracyjne\/wp-content\/uploads\/sites\/3\/2024\/07\/Margaret-X484-Gladka-X484-COL.2-150x150.jpeg\" class=\"attachment-thumbnail size-thumbnail\" alt=\"Margaret X484 G\u0142adka - X484 COL.2\" aria-describedby=\"gallery-1-7379\" srcset=\"https:\/\/rad-pol.com.pl\/tkaninydekoracyjne\/wp-content\/uploads\/sites\/3\/2024\/07\/Margaret-X484-Gladka-X484-COL.2-150x150.jpeg 150w, https:\/\/rad-pol.com.pl\/tkaninydekoracyjne\/wp-content\/uploads\/sites\/3\/2024\/07\/Margaret-X484-Gladka-X484-COL.2-300x300.jpeg 300w, https:\/\/rad-pol.com.pl\/tkaninydekoracyjne\/wp-content\/uploads\/sites\/3\/2024\/07\/Margaret-X484-Gladka-X484-COL.2-100x100.jpeg 100w, https:\/\/rad-pol.com.pl\/tkaninydekoracyjne\/wp-content\/uploads\/sites\/3\/2024\/07\/Margaret-X484-Gladka-X484-COL.2.jpeg 600w\" sizes=\"(max-width: 150px) 100vw, 150px\" \/><\/a>\n\t\t\t<\/dt>\n\t\t\t\t<dd class='wp-caption-text gallery-caption' id='gallery-1-7379'>\n\t\t\t\tMargaret X484 G\u0142adka &#8211; X484 COL.2\n\t\t\t\t<\/dd><\/dl><dl class='gallery-item'>\n\t\t\t<dt class='gallery-icon landscape'>\n\t\t\t\t<a href='https:\/\/rad-pol.com.pl\/tkaninydekoracyjne\/?attachment_id=7380'><img decoding=\"async\" width=\"150\" height=\"150\" src=\"https:\/\/rad-pol.com.pl\/tkaninydekoracyjne\/wp-content\/uploads\/sites\/3\/2024\/07\/Margaret-X484-Gladka-X484-COL.3-150x150.jpeg\" class=\"attachment-thumbnail size-thumbnail\" alt=\"Margaret X484 G\u0142adka - X484 COL.3\" aria-describedby=\"gallery-1-7380\" srcset=\"https:\/\/rad-pol.com.pl\/tkaninydekoracyjne\/wp-content\/uploads\/sites\/3\/2024\/07\/Margaret-X484-Gladka-X484-COL.3-150x150.jpeg 150w, https:\/\/rad-pol.com.pl\/tkaninydekoracyjne\/wp-content\/uploads\/sites\/3\/2024\/07\/Margaret-X484-Gladka-X484-COL.3-300x300.jpeg 300w, https:\/\/rad-pol.com.pl\/tkaninydekoracyjne\/wp-content\/uploads\/sites\/3\/2024\/07\/Margaret-X484-Gladka-X484-COL.3-100x100.jpeg 100w, https:\/\/rad-pol.com.pl\/tkaninydekoracyjne\/wp-content\/uploads\/sites\/3\/2024\/07\/Margaret-X484-Gladka-X484-COL.3.jpeg 600w\" sizes=\"(max-width: 150px) 100vw, 150px\" \/><\/a>\n\t\t\t<\/dt>\n\t\t\t\t<dd class='wp-caption-text gallery-caption' id='gallery-1-7380'>\n\t\t\t\tMargaret X484 G\u0142adka &#8211; X484 COL.3\n\t\t\t\t<\/dd><\/dl><dl class='gallery-item'>\n\t\t\t<dt class='gallery-icon landscape'>\n\t\t\t\t<a href='https:\/\/rad-pol.com.pl\/tkaninydekoracyjne\/?attachment_id=7381'><img loading=\"lazy\" decoding=\"async\" width=\"150\" height=\"150\" src=\"https:\/\/rad-pol.com.pl\/tkaninydekoracyjne\/wp-content\/uploads\/sites\/3\/2024\/07\/Margaret-X484-Gladka-X484-COL.4-150x150.jpeg\" class=\"attachment-thumbnail size-thumbnail\" alt=\"Margaret X484 G\u0142adka - X484 COL.4\" aria-describedby=\"gallery-1-7381\" srcset=\"https:\/\/rad-pol.com.pl\/tkaninydekoracyjne\/wp-content\/uploads\/sites\/3\/2024\/07\/Margaret-X484-Gladka-X484-COL.4-150x150.jpeg 150w, https:\/\/rad-pol.com.pl\/tkaninydekoracyjne\/wp-content\/uploads\/sites\/3\/2024\/07\/Margaret-X484-Gladka-X484-COL.4-300x300.jpeg 300w, https:\/\/rad-pol.com.pl\/tkaninydekoracyjne\/wp-content\/uploads\/sites\/3\/2024\/07\/Margaret-X484-Gladka-X484-COL.4-100x100.jpeg 100w, https:\/\/rad-pol.com.pl\/tkaninydekoracyjne\/wp-content\/uploads\/sites\/3\/2024\/07\/Margaret-X484-Gladka-X484-COL.4.jpeg 600w\" sizes=\"(max-width: 150px) 100vw, 150px\" \/><\/a>\n\t\t\t<\/dt>\n\t\t\t\t<dd class='wp-caption-text gallery-caption' id='gallery-1-7381'>\n\t\t\t\tMargaret X484 G\u0142adka &#8211; X484 COL.4\n\t\t\t\t<\/dd><\/dl><dl class='gallery-item'>\n\t\t\t<dt class='gallery-icon landscape'>\n\t\t\t\t<a href='https:\/\/rad-pol.com.pl\/tkaninydekoracyjne\/?attachment_id=7382'><img loading=\"lazy\" decoding=\"async\" width=\"150\" height=\"150\" src=\"https:\/\/rad-pol.com.pl\/tkaninydekoracyjne\/wp-content\/uploads\/sites\/3\/2024\/07\/Margaret-X484-Gladka-X484-COL.6-150x150.jpeg\" class=\"attachment-thumbnail size-thumbnail\" alt=\"Margaret X484 G\u0142adka - X484 COL.6\" aria-describedby=\"gallery-1-7382\" srcset=\"https:\/\/rad-pol.com.pl\/tkaninydekoracyjne\/wp-content\/uploads\/sites\/3\/2024\/07\/Margaret-X484-Gladka-X484-COL.6-150x150.jpeg 150w, https:\/\/rad-pol.com.pl\/tkaninydekoracyjne\/wp-content\/uploads\/sites\/3\/2024\/07\/Margaret-X484-Gladka-X484-COL.6-300x300.jpeg 300w, https:\/\/rad-pol.com.pl\/tkaninydekoracyjne\/wp-content\/uploads\/sites\/3\/2024\/07\/Margaret-X484-Gladka-X484-COL.6-100x100.jpeg 100w, https:\/\/rad-pol.com.pl\/tkaninydekoracyjne\/wp-content\/uploads\/sites\/3\/2024\/07\/Margaret-X484-Gladka-X484-COL.6.jpeg 600w\" sizes=\"(max-width: 150px) 100vw, 150px\" \/><\/a>\n\t\t\t<\/dt>\n\t\t\t\t<dd class='wp-caption-text gallery-caption' id='gallery-1-7382'>\n\t\t\t\tMargaret X484 G\u0142adka &#8211; X484 COL.6\n\t\t\t\t<\/dd><\/dl><br style=\"clear: both\" \/><dl class='gallery-item'>\n\t\t\t<dt class='gallery-icon landscape'>\n\t\t\t\t<a href='https:\/\/rad-pol.com.pl\/tkaninydekoracyjne\/?attachment_id=7383'><img loading=\"lazy\" decoding=\"async\" width=\"150\" height=\"150\" src=\"https:\/\/rad-pol.com.pl\/tkaninydekoracyjne\/wp-content\/uploads\/sites\/3\/2024\/07\/Margaret-X484-Gladka-X484-COL.7-150x150.jpeg\" class=\"attachment-thumbnail size-thumbnail\" alt=\"Margaret X484 G\u0142adka - X484 COL.7\" aria-describedby=\"gallery-1-7383\" srcset=\"https:\/\/rad-pol.com.pl\/tkaninydekoracyjne\/wp-content\/uploads\/sites\/3\/2024\/07\/Margaret-X484-Gladka-X484-COL.7-150x150.jpeg 150w, https:\/\/rad-pol.com.pl\/tkaninydekoracyjne\/wp-content\/uploads\/sites\/3\/2024\/07\/Margaret-X484-Gladka-X484-COL.7-300x300.jpeg 300w, https:\/\/rad-pol.com.pl\/tkaninydekoracyjne\/wp-content\/uploads\/sites\/3\/2024\/07\/Margaret-X484-Gladka-X484-COL.7-100x100.jpeg 100w, https:\/\/rad-pol.com.pl\/tkaninydekoracyjne\/wp-content\/uploads\/sites\/3\/2024\/07\/Margaret-X484-Gladka-X484-COL.7.jpeg 600w\" sizes=\"(max-width: 150px) 100vw, 150px\" \/><\/a>\n\t\t\t<\/dt>\n\t\t\t\t<dd class='wp-caption-text gallery-caption' id='gallery-1-7383'>\n\t\t\t\tMargaret X484 G\u0142adka &#8211; X484 COL.7\n\t\t\t\t<\/dd><\/dl><dl class='gallery-item'>\n\t\t\t<dt class='gallery-icon landscape'>\n\t\t\t\t<a href='https:\/\/rad-pol.com.pl\/tkaninydekoracyjne\/?attachment_id=7384'><img loading=\"lazy\" decoding=\"async\" width=\"150\" height=\"150\" src=\"https:\/\/rad-pol.com.pl\/tkaninydekoracyjne\/wp-content\/uploads\/sites\/3\/2024\/07\/Margaret-X484-Gladka-X484-COL.5-150x150.jpeg\" class=\"attachment-thumbnail size-thumbnail\" alt=\"Margaret X484 G\u0142adka - X484 COL.5\" aria-describedby=\"gallery-1-7384\" srcset=\"https:\/\/rad-pol.com.pl\/tkaninydekoracyjne\/wp-content\/uploads\/sites\/3\/2024\/07\/Margaret-X484-Gladka-X484-COL.5-150x150.jpeg 150w, https:\/\/rad-pol.com.pl\/tkaninydekoracyjne\/wp-content\/uploads\/sites\/3\/2024\/07\/Margaret-X484-Gladka-X484-COL.5-300x300.jpeg 300w, https:\/\/rad-pol.com.pl\/tkaninydekoracyjne\/wp-content\/uploads\/sites\/3\/2024\/07\/Margaret-X484-Gladka-X484-COL.5-100x100.jpeg 100w, https:\/\/rad-pol.com.pl\/tkaninydekoracyjne\/wp-content\/uploads\/sites\/3\/2024\/07\/Margaret-X484-Gladka-X484-COL.5.jpeg 600w\" sizes=\"(max-width: 150px) 100vw, 150px\" \/><\/a>\n\t\t\t<\/dt>\n\t\t\t\t<dd class='wp-caption-text gallery-caption' id='gallery-1-7384'>\n\t\t\t\tMargaret X484 G\u0142adka &#8211; X484 COL.5\n\t\t\t\t<\/dd><\/dl>\n\t\t\t<br style='clear: both' \/>\n\t\t<\/div>\n\n<\/div>\n","protected":false},"excerpt":{"rendered":"<table>\n<tbody>\n<tr>\n<td>szeroko\u015b\u0107<\/td>\n<td>140<\/td>\n<\/tr>\n<tr>\n<td>sk\u0142ad<\/td>\n<td>63% poliester, 37% wiskoza<\/td>\n<\/tr>\n<tr>\n<td>gramatura<\/td>\n<td>500 g\/m2<\/td>\n<\/tr>\n<tr>\n<td>\u015bcieralno\u015b\u0107 (martindale)<\/td>\n<td>20000<\/td>\n<\/tr>\n<\/tbody>\n<\/table>\n<p>Pranie i czyszczenie:<\/p>\n<table>\n<tbody>\n<tr>\n<td><img decoding=\"async\" src=\"http:\/\/rad-pol.com.pl\/tkaninydekoracyjne\/wp-content\/uploads\/sites\/3\/2024\/04\/etykieta-4338.png\" alt=\"nie wybiela\u0107\" \/><\/td>\n<td>nie wybiela\u0107<\/td>\n<\/tr>\n<tr>\n<td><img decoding=\"async\" src=\"http:\/\/rad-pol.com.pl\/tkaninydekoracyjne\/wp-content\/uploads\/sites\/3\/2024\/09\/etykieta-10519.png\" alt=\"prasowanie w temperaturze do 110 \u00b0C\" \/><\/td>\n<td>prasowanie w temperaturze do 110 \u00b0C<\/td>\n<\/tr>\n<\/tbody>\n<\/table>\n<p>https:\/\/youtube.com\/shorts\/jO6ijNHnKco?feature=share<\/p>\n<p><img loading=\"lazy\" decoding=\"async\" class=\"alignnone size-full wp-image-1084\" src=\"http:\/\/rad-pol.com.pl\/tkaninydekoracyjne\/wp-content\/uploads\/sites\/3\/2023\/09\/zapraszamy.jpg\" alt=\"\" width=\"568\" height=\"226\" srcset=\"https:\/\/rad-pol.com.pl\/tkaninydekoracyjne\/wp-content\/uploads\/sites\/3\/2023\/09\/zapraszamy.jpg 568w, https:\/\/rad-pol.com.pl\/tkaninydekoracyjne\/wp-content\/uploads\/sites\/3\/2023\/09\/zapraszamy-300x119.jpg 300w, https:\/\/rad-pol.com.pl\/tkaninydekoracyjne\/wp-content\/uploads\/sites\/3\/2023\/09\/zapraszamy-500x199.jpg 500w\" sizes=\"(max-width: 568px) 100vw, 568px\" \/><\/p>\n","protected":false},"featured_media":7382,"comment_status":"open","ping_status":"closed","template":"","meta":[],"product_brand":[],"product_cat":[19,263,46],"product_tag":[53,55,242,52,56,264],"class_list":{"0":"post-7377","1":"product","2":"type-product","3":"status-publish","4":"has-post-thumbnail","6":"product_cat-obiciowe","7":"product_cat-wiskoza","8":"product_cat-zaslonowe","9":"product_tag-dekoracyjna","10":"product_tag-gladka","11":"product_tag-klasyczna","12":"product_tag-obiciowa","13":"product_tag-tapicerska","14":"product_tag-wiskoza","16":"first","17":"outofstock","18":"shipping-taxable","19":"product-type-simple"},"yoast_head":"<!-- This site is optimized with the Yoast SEO plugin v27.3 - https:\/\/yoast.com\/product\/yoast-seo-wordpress\/ -->\n<title>Margaret X484 G\u0142adka - Rad-Pol Tkaniny<\/title>\n<meta name=\"description\" content=\"MARGARET to kolekcja stworzona z dba\u0142o\u015bci\u0105 o najdrobniejsze szczeg\u00f3\u0142y. G\u0142\u00f3wnym motywem tej kolekcji s\u0105 te pi\u0119kne, haftowane medaliony. Ka\u017cdy z nich to ma\u0142e arcydzie\u0142o, kt\u00f3re zosta\u0142o utkane na tkaninie o wyj\u0105tkowym sk\u0142adzie \u2013 w wi\u0119kszo\u015bci wykonanej z wiskozy i bawe\u0142ny, z niewielk\u0105 domieszk\u0105 poliestru.\" \/>\n<meta name=\"robots\" content=\"index, follow, max-snippet:-1, max-image-preview:large, max-video-preview:-1\" \/>\n<link rel=\"canonical\" href=\"https:\/\/rad-pol.com.pl\/tkaninydekoracyjne\/produkt\/margaret-x484-gladka\/\" \/>\n<meta property=\"og:locale\" content=\"pl_PL\" \/>\n<meta property=\"og:type\" content=\"article\" \/>\n<meta property=\"og:title\" content=\"Margaret X484 G\u0142adka - Rad-Pol Tkaniny\" \/>\n<meta property=\"og:description\" content=\"MARGARET to kolekcja stworzona z dba\u0142o\u015bci\u0105 o najdrobniejsze szczeg\u00f3\u0142y. G\u0142\u00f3wnym motywem tej kolekcji s\u0105 te pi\u0119kne, haftowane medaliony. Ka\u017cdy z nich to ma\u0142e arcydzie\u0142o, kt\u00f3re zosta\u0142o utkane na tkaninie o wyj\u0105tkowym sk\u0142adzie \u2013 w wi\u0119kszo\u015bci wykonanej z wiskozy i bawe\u0142ny, z niewielk\u0105 domieszk\u0105 poliestru.\" \/>\n<meta property=\"og:url\" content=\"https:\/\/rad-pol.com.pl\/tkaninydekoracyjne\/produkt\/margaret-x484-gladka\/\" \/>\n<meta property=\"og:site_name\" content=\"Rad-Pol Tkaniny\" \/>\n<meta property=\"article:publisher\" content=\"https:\/\/www.facebook.com\/RadPolTkaniny\" \/>\n<meta property=\"article:modified_time\" content=\"2024-10-02T12:01:16+00:00\" \/>\n<meta property=\"og:image\" content=\"http:\/\/rad-pol.com.pl\/tkaninydekoracyjne\/wp-content\/uploads\/sites\/3\/2024\/07\/Margaret-X484-Gladka-X484-COL.6.jpeg\" \/>\n\t<meta property=\"og:image:width\" content=\"600\" \/>\n\t<meta property=\"og:image:height\" content=\"600\" \/>\n\t<meta property=\"og:image:type\" content=\"image\/jpeg\" \/>\n<meta name=\"twitter:card\" content=\"summary_large_image\" \/>\n<meta name=\"twitter:label1\" content=\"Szacowany czas czytania\" \/>\n\t<meta name=\"twitter:data1\" content=\"2 minuty\" \/>\n<script type=\"application\/ld+json\" class=\"yoast-schema-graph\">{\"@context\":\"https:\\\/\\\/schema.org\",\"@graph\":[{\"@type\":\"WebPage\",\"@id\":\"https:\\\/\\\/rad-pol.com.pl\\\/tkaninydekoracyjne\\\/produkt\\\/margaret-x484-gladka\\\/\",\"url\":\"https:\\\/\\\/rad-pol.com.pl\\\/tkaninydekoracyjne\\\/produkt\\\/margaret-x484-gladka\\\/\",\"name\":\"Margaret X484 G\u0142adka - Rad-Pol Tkaniny\",\"isPartOf\":{\"@id\":\"https:\\\/\\\/rad-pol.com.pl\\\/tkaninydekoracyjne\\\/#website\"},\"primaryImageOfPage\":{\"@id\":\"https:\\\/\\\/rad-pol.com.pl\\\/tkaninydekoracyjne\\\/produkt\\\/margaret-x484-gladka\\\/#primaryimage\"},\"image\":{\"@id\":\"https:\\\/\\\/rad-pol.com.pl\\\/tkaninydekoracyjne\\\/produkt\\\/margaret-x484-gladka\\\/#primaryimage\"},\"thumbnailUrl\":\"https:\\\/\\\/rad-pol.com.pl\\\/tkaninydekoracyjne\\\/wp-content\\\/uploads\\\/sites\\\/3\\\/2024\\\/07\\\/Margaret-X484-Gladka-X484-COL.6.jpeg\",\"datePublished\":\"2024-07-24T07:17:57+00:00\",\"dateModified\":\"2024-10-02T12:01:16+00:00\",\"description\":\"MARGARET to kolekcja stworzona z dba\u0142o\u015bci\u0105 o najdrobniejsze szczeg\u00f3\u0142y. G\u0142\u00f3wnym motywem tej kolekcji s\u0105 te pi\u0119kne, haftowane medaliony. Ka\u017cdy z nich to ma\u0142e arcydzie\u0142o, kt\u00f3re zosta\u0142o utkane na tkaninie o wyj\u0105tkowym sk\u0142adzie \u2013 w wi\u0119kszo\u015bci wykonanej z wiskozy i bawe\u0142ny, z niewielk\u0105 domieszk\u0105 poliestru.\",\"breadcrumb\":{\"@id\":\"https:\\\/\\\/rad-pol.com.pl\\\/tkaninydekoracyjne\\\/produkt\\\/margaret-x484-gladka\\\/#breadcrumb\"},\"inLanguage\":\"pl-PL\",\"potentialAction\":[{\"@type\":\"ReadAction\",\"target\":[\"https:\\\/\\\/rad-pol.com.pl\\\/tkaninydekoracyjne\\\/produkt\\\/margaret-x484-gladka\\\/\"]}]},{\"@type\":\"ImageObject\",\"inLanguage\":\"pl-PL\",\"@id\":\"https:\\\/\\\/rad-pol.com.pl\\\/tkaninydekoracyjne\\\/produkt\\\/margaret-x484-gladka\\\/#primaryimage\",\"url\":\"https:\\\/\\\/rad-pol.com.pl\\\/tkaninydekoracyjne\\\/wp-content\\\/uploads\\\/sites\\\/3\\\/2024\\\/07\\\/Margaret-X484-Gladka-X484-COL.6.jpeg\",\"contentUrl\":\"https:\\\/\\\/rad-pol.com.pl\\\/tkaninydekoracyjne\\\/wp-content\\\/uploads\\\/sites\\\/3\\\/2024\\\/07\\\/Margaret-X484-Gladka-X484-COL.6.jpeg\",\"width\":600,\"height\":600,\"caption\":\"Margaret X484 G\u0142adka - X484 COL.6\"},{\"@type\":\"BreadcrumbList\",\"@id\":\"https:\\\/\\\/rad-pol.com.pl\\\/tkaninydekoracyjne\\\/produkt\\\/margaret-x484-gladka\\\/#breadcrumb\",\"itemListElement\":[{\"@type\":\"ListItem\",\"position\":1,\"name\":\"Strona g\u0142\u00f3wna\",\"item\":\"https:\\\/\\\/rad-pol.com.pl\\\/tkaninydekoracyjne\\\/\"},{\"@type\":\"ListItem\",\"position\":2,\"name\":\"Sklep\",\"item\":\"https:\\\/\\\/rad-pol.com.pl\\\/tkaninydekoracyjne\\\/sklep\\\/\"},{\"@type\":\"ListItem\",\"position\":3,\"name\":\"Margaret X484 G\u0142adka\"}]},{\"@type\":\"WebSite\",\"@id\":\"https:\\\/\\\/rad-pol.com.pl\\\/tkaninydekoracyjne\\\/#website\",\"url\":\"https:\\\/\\\/rad-pol.com.pl\\\/tkaninydekoracyjne\\\/\",\"name\":\"Rad-Pol Tkaniny\",\"description\":\"\",\"publisher\":{\"@id\":\"https:\\\/\\\/rad-pol.com.pl\\\/tkaninydekoracyjne\\\/#organization\"},\"potentialAction\":[{\"@type\":\"SearchAction\",\"target\":{\"@type\":\"EntryPoint\",\"urlTemplate\":\"https:\\\/\\\/rad-pol.com.pl\\\/tkaninydekoracyjne\\\/?s={search_term_string}\"},\"query-input\":{\"@type\":\"PropertyValueSpecification\",\"valueRequired\":true,\"valueName\":\"search_term_string\"}}],\"inLanguage\":\"pl-PL\"},{\"@type\":\"Organization\",\"@id\":\"https:\\\/\\\/rad-pol.com.pl\\\/tkaninydekoracyjne\\\/#organization\",\"name\":\"Rad-Pol Tkaniny\",\"url\":\"https:\\\/\\\/rad-pol.com.pl\\\/tkaninydekoracyjne\\\/\",\"logo\":{\"@type\":\"ImageObject\",\"inLanguage\":\"pl-PL\",\"@id\":\"https:\\\/\\\/rad-pol.com.pl\\\/tkaninydekoracyjne\\\/#\\\/schema\\\/logo\\\/image\\\/\",\"url\":\"https:\\\/\\\/rad-pol.com.pl\\\/tkaninydekoracyjne\\\/wp-content\\\/uploads\\\/sites\\\/3\\\/2024\\\/04\\\/RadPol-logo-www.png\",\"contentUrl\":\"https:\\\/\\\/rad-pol.com.pl\\\/tkaninydekoracyjne\\\/wp-content\\\/uploads\\\/sites\\\/3\\\/2024\\\/04\\\/RadPol-logo-www.png\",\"width\":300,\"height\":108,\"caption\":\"Rad-Pol Tkaniny\"},\"image\":{\"@id\":\"https:\\\/\\\/rad-pol.com.pl\\\/tkaninydekoracyjne\\\/#\\\/schema\\\/logo\\\/image\\\/\"},\"sameAs\":[\"https:\\\/\\\/www.facebook.com\\\/RadPolTkaniny\"]}]}<\/script>\n<!-- \/ Yoast SEO plugin. -->","yoast_head_json":{"title":"Margaret X484 G\u0142adka - Rad-Pol Tkaniny","description":"MARGARET to kolekcja stworzona z dba\u0142o\u015bci\u0105 o najdrobniejsze szczeg\u00f3\u0142y. G\u0142\u00f3wnym motywem tej kolekcji s\u0105 te pi\u0119kne, haftowane medaliony. Ka\u017cdy z nich to ma\u0142e arcydzie\u0142o, kt\u00f3re zosta\u0142o utkane na tkaninie o wyj\u0105tkowym sk\u0142adzie \u2013 w wi\u0119kszo\u015bci wykonanej z wiskozy i bawe\u0142ny, z niewielk\u0105 domieszk\u0105 poliestru.","robots":{"index":"index","follow":"follow","max-snippet":"max-snippet:-1","max-image-preview":"max-image-preview:large","max-video-preview":"max-video-preview:-1"},"canonical":"https:\/\/rad-pol.com.pl\/tkaninydekoracyjne\/produkt\/margaret-x484-gladka\/","og_locale":"pl_PL","og_type":"article","og_title":"Margaret X484 G\u0142adka - Rad-Pol Tkaniny","og_description":"MARGARET to kolekcja stworzona z dba\u0142o\u015bci\u0105 o najdrobniejsze szczeg\u00f3\u0142y. G\u0142\u00f3wnym motywem tej kolekcji s\u0105 te pi\u0119kne, haftowane medaliony. Ka\u017cdy z nich to ma\u0142e arcydzie\u0142o, kt\u00f3re zosta\u0142o utkane na tkaninie o wyj\u0105tkowym sk\u0142adzie \u2013 w wi\u0119kszo\u015bci wykonanej z wiskozy i bawe\u0142ny, z niewielk\u0105 domieszk\u0105 poliestru.","og_url":"https:\/\/rad-pol.com.pl\/tkaninydekoracyjne\/produkt\/margaret-x484-gladka\/","og_site_name":"Rad-Pol Tkaniny","article_publisher":"https:\/\/www.facebook.com\/RadPolTkaniny","article_modified_time":"2024-10-02T12:01:16+00:00","og_image":[{"width":600,"height":600,"url":"http:\/\/rad-pol.com.pl\/tkaninydekoracyjne\/wp-content\/uploads\/sites\/3\/2024\/07\/Margaret-X484-Gladka-X484-COL.6.jpeg","type":"image\/jpeg"}],"twitter_card":"summary_large_image","twitter_misc":{"Szacowany czas czytania":"2 minuty"},"schema":{"@context":"https:\/\/schema.org","@graph":[{"@type":"WebPage","@id":"https:\/\/rad-pol.com.pl\/tkaninydekoracyjne\/produkt\/margaret-x484-gladka\/","url":"https:\/\/rad-pol.com.pl\/tkaninydekoracyjne\/produkt\/margaret-x484-gladka\/","name":"Margaret X484 G\u0142adka - Rad-Pol Tkaniny","isPartOf":{"@id":"https:\/\/rad-pol.com.pl\/tkaninydekoracyjne\/#website"},"primaryImageOfPage":{"@id":"https:\/\/rad-pol.com.pl\/tkaninydekoracyjne\/produkt\/margaret-x484-gladka\/#primaryimage"},"image":{"@id":"https:\/\/rad-pol.com.pl\/tkaninydekoracyjne\/produkt\/margaret-x484-gladka\/#primaryimage"},"thumbnailUrl":"https:\/\/rad-pol.com.pl\/tkaninydekoracyjne\/wp-content\/uploads\/sites\/3\/2024\/07\/Margaret-X484-Gladka-X484-COL.6.jpeg","datePublished":"2024-07-24T07:17:57+00:00","dateModified":"2024-10-02T12:01:16+00:00","description":"MARGARET to kolekcja stworzona z dba\u0142o\u015bci\u0105 o najdrobniejsze szczeg\u00f3\u0142y. G\u0142\u00f3wnym motywem tej kolekcji s\u0105 te pi\u0119kne, haftowane medaliony. Ka\u017cdy z nich to ma\u0142e arcydzie\u0142o, kt\u00f3re zosta\u0142o utkane na tkaninie o wyj\u0105tkowym sk\u0142adzie \u2013 w wi\u0119kszo\u015bci wykonanej z wiskozy i bawe\u0142ny, z niewielk\u0105 domieszk\u0105 poliestru.","breadcrumb":{"@id":"https:\/\/rad-pol.com.pl\/tkaninydekoracyjne\/produkt\/margaret-x484-gladka\/#breadcrumb"},"inLanguage":"pl-PL","potentialAction":[{"@type":"ReadAction","target":["https:\/\/rad-pol.com.pl\/tkaninydekoracyjne\/produkt\/margaret-x484-gladka\/"]}]},{"@type":"ImageObject","inLanguage":"pl-PL","@id":"https:\/\/rad-pol.com.pl\/tkaninydekoracyjne\/produkt\/margaret-x484-gladka\/#primaryimage","url":"https:\/\/rad-pol.com.pl\/tkaninydekoracyjne\/wp-content\/uploads\/sites\/3\/2024\/07\/Margaret-X484-Gladka-X484-COL.6.jpeg","contentUrl":"https:\/\/rad-pol.com.pl\/tkaninydekoracyjne\/wp-content\/uploads\/sites\/3\/2024\/07\/Margaret-X484-Gladka-X484-COL.6.jpeg","width":600,"height":600,"caption":"Margaret X484 G\u0142adka - X484 COL.6"},{"@type":"BreadcrumbList","@id":"https:\/\/rad-pol.com.pl\/tkaninydekoracyjne\/produkt\/margaret-x484-gladka\/#breadcrumb","itemListElement":[{"@type":"ListItem","position":1,"name":"Strona g\u0142\u00f3wna","item":"https:\/\/rad-pol.com.pl\/tkaninydekoracyjne\/"},{"@type":"ListItem","position":2,"name":"Sklep","item":"https:\/\/rad-pol.com.pl\/tkaninydekoracyjne\/sklep\/"},{"@type":"ListItem","position":3,"name":"Margaret X484 G\u0142adka"}]},{"@type":"WebSite","@id":"https:\/\/rad-pol.com.pl\/tkaninydekoracyjne\/#website","url":"https:\/\/rad-pol.com.pl\/tkaninydekoracyjne\/","name":"Rad-Pol Tkaniny","description":"","publisher":{"@id":"https:\/\/rad-pol.com.pl\/tkaninydekoracyjne\/#organization"},"potentialAction":[{"@type":"SearchAction","target":{"@type":"EntryPoint","urlTemplate":"https:\/\/rad-pol.com.pl\/tkaninydekoracyjne\/?s={search_term_string}"},"query-input":{"@type":"PropertyValueSpecification","valueRequired":true,"valueName":"search_term_string"}}],"inLanguage":"pl-PL"},{"@type":"Organization","@id":"https:\/\/rad-pol.com.pl\/tkaninydekoracyjne\/#organization","name":"Rad-Pol Tkaniny","url":"https:\/\/rad-pol.com.pl\/tkaninydekoracyjne\/","logo":{"@type":"ImageObject","inLanguage":"pl-PL","@id":"https:\/\/rad-pol.com.pl\/tkaninydekoracyjne\/#\/schema\/logo\/image\/","url":"https:\/\/rad-pol.com.pl\/tkaninydekoracyjne\/wp-content\/uploads\/sites\/3\/2024\/04\/RadPol-logo-www.png","contentUrl":"https:\/\/rad-pol.com.pl\/tkaninydekoracyjne\/wp-content\/uploads\/sites\/3\/2024\/04\/RadPol-logo-www.png","width":300,"height":108,"caption":"Rad-Pol Tkaniny"},"image":{"@id":"https:\/\/rad-pol.com.pl\/tkaninydekoracyjne\/#\/schema\/logo\/image\/"},"sameAs":["https:\/\/www.facebook.com\/RadPolTkaniny"]}]}},"_links":{"self":[{"href":"https:\/\/rad-pol.com.pl\/tkaninydekoracyjne\/wp-json\/wp\/v2\/product\/7377","targetHints":{"allow":["GET"]}}],"collection":[{"href":"https:\/\/rad-pol.com.pl\/tkaninydekoracyjne\/wp-json\/wp\/v2\/product"}],"about":[{"href":"https:\/\/rad-pol.com.pl\/tkaninydekoracyjne\/wp-json\/wp\/v2\/types\/product"}],"replies":[{"embeddable":true,"href":"https:\/\/rad-pol.com.pl\/tkaninydekoracyjne\/wp-json\/wp\/v2\/comments?post=7377"}],"version-history":[{"count":6,"href":"https:\/\/rad-pol.com.pl\/tkaninydekoracyjne\/wp-json\/wp\/v2\/product\/7377\/revisions"}],"predecessor-version":[{"id":13826,"href":"https:\/\/rad-pol.com.pl\/tkaninydekoracyjne\/wp-json\/wp\/v2\/product\/7377\/revisions\/13826"}],"wp:featuredmedia":[{"embeddable":true,"href":"https:\/\/rad-pol.com.pl\/tkaninydekoracyjne\/wp-json\/wp\/v2\/media\/7382"}],"wp:attachment":[{"href":"https:\/\/rad-pol.com.pl\/tkaninydekoracyjne\/wp-json\/wp\/v2\/media?parent=7377"}],"wp:term":[{"taxonomy":"product_brand","embeddable":true,"href":"https:\/\/rad-pol.com.pl\/tkaninydekoracyjne\/wp-json\/wp\/v2\/product_brand?post=7377"},{"taxonomy":"product_cat","embeddable":true,"href":"https:\/\/rad-pol.com.pl\/tkaninydekoracyjne\/wp-json\/wp\/v2\/product_cat?post=7377"},{"taxonomy":"product_tag","embeddable":true,"href":"https:\/\/rad-pol.com.pl\/tkaninydekoracyjne\/wp-json\/wp\/v2\/product_tag?post=7377"}],"curies":[{"name":"wp","href":"https:\/\/api.w.org\/{rel}","templated":true}]}}