{"id":9382,"date":"2024-08-06T13:20:21","date_gmt":"2024-08-06T11:20:21","guid":{"rendered":"https:\/\/rad-pol.com.pl\/tkaninydekoracyjne\/?post_type=product&#038;p=9382"},"modified":"2024-10-24T19:34:27","modified_gmt":"2024-10-24T17:34:27","slug":"ginger","status":"publish","type":"product","link":"https:\/\/rad-pol.com.pl\/tkaninydekoracyjne\/produkt\/ginger\/","title":{"rendered":"Ginger"},"content":{"rendered":"<p>Tkanina <strong>GINGER<\/strong> o szeroko\u015bci 325\/330 cm to wyj\u0105tkowy materia\u0142, w sk\u0142adzie kt\u00f3rego znajduje si\u0119 50% lnu i 50% poliestru. Dzi\u0119ki temu po\u0142\u0105czeniu tkanina \u0142\u0105czy w sobie zalety naturalnych w\u0142\u00f3kien z trwa\u0142o\u015bci\u0105 syntetyk\u00f3w. GINGER wyst\u0119puje w 13 pi\u0119knie dobranych, naturalnie wygl\u0105daj\u0105cych kolorach, co pozwala na \u0142atwe dopasowanie do ka\u017cdego wn\u0119trza i jego stylizacji.<\/p>\n<p>Zalety tkaniny GINGER:<\/p>\n<ul>\n<li>Lekko\u015b\u0107: Z gramatur\u0105 132 g\/m\u00b2 tkanina jest bardzo lekka, co sprawia, \u017ce doskonale nadaje si\u0119 do firan oraz lekkich zas\u0142on dekoracyjnych.<\/li>\n<li>Naturalny wygl\u0105d: Dzi\u0119ki zastosowaniu lnu, tkanina ma naturalny, elegancki wygl\u0105d, kt\u00f3ry idealnie komponuje si\u0119 z r\u00f3\u017cnymi stylami wn\u0119trzarskimi.<\/li>\n<li>\u0141atwo\u015b\u0107 w piel\u0119gnacji: Po\u0142\u0105czenie lnu z poliestrem sprawia, \u017ce tkanina jest bardziej odporna na zagniecenia i \u0142atwiejsza w czyszczeniu, co zwi\u0119ksza jej funkcjonalno\u015b\u0107.<\/li>\n<\/ul>\n<p>Zastosowanie tkaniny GINGER:<\/p>\n<ol>\n<li>Firany: Idealna do stworzenia lekkich firan, kt\u00f3re wprowadz\u0105 do pomieszczenia subtelno\u015b\u0107 i delikatno\u015b\u0107, a jednocze\u015bnie b\u0119d\u0105 praktyczne.<\/li>\n<li>Zas\u0142ony dekoracyjne: GINGER doskonale sprawdzi si\u0119 jako materia\u0142 na zas\u0142ony, kt\u00f3re dodadz\u0105 wn\u0119trzu przytulno\u015bci i stylu, jednocze\u015bnie przepuszczaj\u0105c naturalne \u015bwiat\u0142o.<\/li>\n<\/ol>\n<p>Wn\u0119trza, w kt\u00f3rych tkanina GINGER si\u0119 sprawdzi:<\/p>\n<p>Dzi\u0119ki swojej uniwersalno\u015bci, tkanina GINGER idealnie wpisuje si\u0119 w r\u00f3\u017cnorodne aran\u017cacje, od rustykalnych po nowoczesne. \u015awietnie nadaje si\u0119 do salon\u00f3w, sypialni, a tak\u017ce kuchni czy jadalni, wprowadzaj\u0105c do nich lekko\u015b\u0107 i naturalny styl.<\/p>\n<p>Wybierz tkanin\u0119 GINGER i ciesz si\u0119 jej lekko\u015bci\u0105 oraz naturalnym urokiem w swoim domu.<\/p>\n","protected":false},"excerpt":{"rendered":"<div class=\"expandable\">\n<div class=\"ex-header\">\n<div class=\"e-title\">\n<p>dane produktu<\/p>\n<\/div>\n<\/div>\n<div class=\"toSlide product_data\">\n<table>\n<tbody>\n<tr>\n<td>szeroko\u015b\u0107<\/td>\n<td>325\/330<\/td>\n<\/tr>\n<tr>\n<td>zastosowanie<\/td>\n<td>firana<\/td>\n<\/tr>\n<tr>\n<td>wz\u00f3r<\/td>\n<td>strukturalny<\/td>\n<\/tr>\n<tr>\n<td>sk\u0142ad<\/td>\n<td>50% poliester, 50% len<\/td>\n<\/tr>\n<tr>\n<td>ilo\u015b\u0107 kolor\u00f3w<\/td>\n<td>13<\/td>\n<\/tr>\n<tr>\n<td>gramatura<\/td>\n<td>132 g\/m2<\/td>\n<\/tr>\n<tr>\n<td>odporno\u015b\u0107 na \u015bwiat\u0142o<\/td>\n<td>4-5<\/td>\n<\/tr>\n<tr>\n<td>kurczliwo\u015b\u0107<\/td>\n<td>-0,60%<\/td>\n<\/tr>\n<tr>\n<td>inne<\/td>\n<td>r\u00f3wnie\u017c w wersji &#8222;fabrycznie&#8221; gniecionej<\/td>\n<\/tr>\n<\/tbody>\n<\/table>\n<\/div>\n<\/div>\n<div id=\"clean_slide\" class=\"expandable\">\n<div class=\"ex-header\">\n<div class=\"e-title\">\n<p>pranie i czyszczenie<\/p>\n<\/div>\n<\/div>\n<div class=\"toSlide cleaning\">\n<table>\n<tbody>\n<tr>\n<td><img decoding=\"async\" src=\"http:\/\/rad-pol.com.pl\/tkaninydekoracyjne\/wp-content\/uploads\/sites\/3\/2024\/05\/mozna-prac.png\" alt=\"mo\u017cna czy\u015bci\u0107 chemicznie\" \/><\/td>\n<td>mo\u017cna czy\u015bci\u0107 chemicznie<\/td>\n<\/tr>\n<tr>\n<td><img decoding=\"async\" src=\"http:\/\/rad-pol.com.pl\/tkaninydekoracyjne\/wp-content\/uploads\/sites\/3\/2024\/04\/etykieta-4338.png\" alt=\"nie wybiela\u0107\" \/><\/td>\n<td>nie wybiela\u0107<\/td>\n<\/tr>\n<tr>\n<td><img decoding=\"async\" src=\"http:\/\/rad-pol.com.pl\/tkaninydekoracyjne\/wp-content\/uploads\/sites\/3\/2024\/09\/etykieta-7256.png\" alt=\"pranie w temperaturze 30\u00b0C\" \/><\/td>\n<td>pranie w temperaturze 30\u00b0C<\/td>\n<\/tr>\n<tr>\n<td><img decoding=\"async\" src=\"http:\/\/rad-pol.com.pl\/tkaninydekoracyjne\/wp-content\/uploads\/sites\/3\/2024\/05\/pranie-delikatne.png\" alt=\"pranie delikatne\" \/><\/td>\n<td>pranie delikatne<\/td>\n<\/tr>\n<tr>\n<td><img decoding=\"async\" src=\"http:\/\/rad-pol.com.pl\/tkaninydekoracyjne\/wp-content\/uploads\/sites\/3\/2024\/09\/etykieta-10519.png\" alt=\"prasowanie w temperaturze do 110 \u00b0C\" \/><\/td>\n<td>prasowanie w temperaturze do 110 \u00b0C<\/td>\n<\/tr>\n<\/tbody>\n<\/table>\n<\/div>\n<\/div>\n","protected":false},"featured_media":9397,"comment_status":"open","ping_status":"closed","template":"","meta":[],"product_brand":[],"product_cat":[63,18,46],"product_tag":[209,55,214,260],"class_list":{"0":"post-9382","1":"product","2":"type-product","3":"status-publish","4":"has-post-thumbnail","6":"product_cat-firany","7":"product_cat-len","8":"product_cat-zaslonowe","9":"product_tag-firanowa","10":"product_tag-gladka","11":"product_tag-len","12":"product_tag-naturalna","14":"first","15":"instock","16":"shipping-taxable","17":"product-type-simple"},"yoast_head":"<!-- This site is optimized with the Yoast SEO plugin v27.4 - https:\/\/yoast.com\/product\/yoast-seo-wordpress\/ -->\n<title>Ginger - Rad-Pol Tkaniny<\/title>\n<meta name=\"description\" content=\"Tkanina GINGER o szeroko\u015bci 325\/330 cm to wyj\u0105tkowy materia\u0142, w sk\u0142adzie kt\u00f3rego znajduje si\u0119 50% lnu i 50% poliestru. Wyst\u0119puje w 13 wyj\u0105tkowych kolorach.\" \/>\n<meta name=\"robots\" content=\"index, follow, max-snippet:-1, max-image-preview:large, max-video-preview:-1\" \/>\n<link rel=\"canonical\" href=\"https:\/\/rad-pol.com.pl\/tkaninydekoracyjne\/produkt\/ginger\/\" \/>\n<meta property=\"og:locale\" content=\"pl_PL\" \/>\n<meta property=\"og:type\" content=\"article\" \/>\n<meta property=\"og:title\" content=\"Ginger - Rad-Pol Tkaniny\" \/>\n<meta property=\"og:description\" content=\"Tkanina GINGER o szeroko\u015bci 325\/330 cm to wyj\u0105tkowy materia\u0142, w sk\u0142adzie kt\u00f3rego znajduje si\u0119 50% lnu i 50% poliestru. Wyst\u0119puje w 13 wyj\u0105tkowych kolorach.\" \/>\n<meta property=\"og:url\" content=\"https:\/\/rad-pol.com.pl\/tkaninydekoracyjne\/produkt\/ginger\/\" \/>\n<meta property=\"og:site_name\" content=\"Rad-Pol Tkaniny\" \/>\n<meta property=\"article:publisher\" content=\"https:\/\/www.facebook.com\/RadPolTkaniny\" \/>\n<meta property=\"article:modified_time\" content=\"2024-10-24T17:34:27+00:00\" \/>\n<meta property=\"og:image\" content=\"http:\/\/rad-pol.com.pl\/tkaninydekoracyjne\/wp-content\/uploads\/sites\/3\/2024\/08\/ginger9304.jpeg\" \/>\n\t<meta property=\"og:image:width\" content=\"600\" \/>\n\t<meta property=\"og:image:height\" content=\"600\" \/>\n\t<meta property=\"og:image:type\" content=\"image\/jpeg\" \/>\n<meta name=\"twitter:card\" content=\"summary_large_image\" \/>\n<meta name=\"twitter:label1\" content=\"Szacowany czas czytania\" \/>\n\t<meta name=\"twitter:data1\" content=\"2 minuty\" \/>\n<script type=\"application\/ld+json\" class=\"yoast-schema-graph\">{\"@context\":\"https:\\\/\\\/schema.org\",\"@graph\":[{\"@type\":\"WebPage\",\"@id\":\"https:\\\/\\\/rad-pol.com.pl\\\/tkaninydekoracyjne\\\/produkt\\\/ginger\\\/\",\"url\":\"https:\\\/\\\/rad-pol.com.pl\\\/tkaninydekoracyjne\\\/produkt\\\/ginger\\\/\",\"name\":\"Ginger - Rad-Pol Tkaniny\",\"isPartOf\":{\"@id\":\"https:\\\/\\\/rad-pol.com.pl\\\/tkaninydekoracyjne\\\/#website\"},\"primaryImageOfPage\":{\"@id\":\"https:\\\/\\\/rad-pol.com.pl\\\/tkaninydekoracyjne\\\/produkt\\\/ginger\\\/#primaryimage\"},\"image\":{\"@id\":\"https:\\\/\\\/rad-pol.com.pl\\\/tkaninydekoracyjne\\\/produkt\\\/ginger\\\/#primaryimage\"},\"thumbnailUrl\":\"https:\\\/\\\/rad-pol.com.pl\\\/tkaninydekoracyjne\\\/wp-content\\\/uploads\\\/sites\\\/3\\\/2024\\\/08\\\/ginger9304.jpeg\",\"datePublished\":\"2024-08-06T11:20:21+00:00\",\"dateModified\":\"2024-10-24T17:34:27+00:00\",\"description\":\"Tkanina GINGER o szeroko\u015bci 325\\\/330 cm to wyj\u0105tkowy materia\u0142, w sk\u0142adzie kt\u00f3rego znajduje si\u0119 50% lnu i 50% poliestru. Wyst\u0119puje w 13 wyj\u0105tkowych kolorach.\",\"breadcrumb\":{\"@id\":\"https:\\\/\\\/rad-pol.com.pl\\\/tkaninydekoracyjne\\\/produkt\\\/ginger\\\/#breadcrumb\"},\"inLanguage\":\"pl-PL\",\"potentialAction\":[{\"@type\":\"ReadAction\",\"target\":[\"https:\\\/\\\/rad-pol.com.pl\\\/tkaninydekoracyjne\\\/produkt\\\/ginger\\\/\"]}]},{\"@type\":\"ImageObject\",\"inLanguage\":\"pl-PL\",\"@id\":\"https:\\\/\\\/rad-pol.com.pl\\\/tkaninydekoracyjne\\\/produkt\\\/ginger\\\/#primaryimage\",\"url\":\"https:\\\/\\\/rad-pol.com.pl\\\/tkaninydekoracyjne\\\/wp-content\\\/uploads\\\/sites\\\/3\\\/2024\\\/08\\\/ginger9304.jpeg\",\"contentUrl\":\"https:\\\/\\\/rad-pol.com.pl\\\/tkaninydekoracyjne\\\/wp-content\\\/uploads\\\/sites\\\/3\\\/2024\\\/08\\\/ginger9304.jpeg\",\"width\":600,\"height\":600},{\"@type\":\"BreadcrumbList\",\"@id\":\"https:\\\/\\\/rad-pol.com.pl\\\/tkaninydekoracyjne\\\/produkt\\\/ginger\\\/#breadcrumb\",\"itemListElement\":[{\"@type\":\"ListItem\",\"position\":1,\"name\":\"Strona g\u0142\u00f3wna\",\"item\":\"https:\\\/\\\/rad-pol.com.pl\\\/tkaninydekoracyjne\\\/\"},{\"@type\":\"ListItem\",\"position\":2,\"name\":\"Sklep\",\"item\":\"https:\\\/\\\/rad-pol.com.pl\\\/tkaninydekoracyjne\\\/sklep\\\/\"},{\"@type\":\"ListItem\",\"position\":3,\"name\":\"Ginger\"}]},{\"@type\":\"WebSite\",\"@id\":\"https:\\\/\\\/rad-pol.com.pl\\\/tkaninydekoracyjne\\\/#website\",\"url\":\"https:\\\/\\\/rad-pol.com.pl\\\/tkaninydekoracyjne\\\/\",\"name\":\"Rad-Pol Tkaniny\",\"description\":\"\",\"publisher\":{\"@id\":\"https:\\\/\\\/rad-pol.com.pl\\\/tkaninydekoracyjne\\\/#organization\"},\"potentialAction\":[{\"@type\":\"SearchAction\",\"target\":{\"@type\":\"EntryPoint\",\"urlTemplate\":\"https:\\\/\\\/rad-pol.com.pl\\\/tkaninydekoracyjne\\\/?s={search_term_string}\"},\"query-input\":{\"@type\":\"PropertyValueSpecification\",\"valueRequired\":true,\"valueName\":\"search_term_string\"}}],\"inLanguage\":\"pl-PL\"},{\"@type\":\"Organization\",\"@id\":\"https:\\\/\\\/rad-pol.com.pl\\\/tkaninydekoracyjne\\\/#organization\",\"name\":\"Rad-Pol Tkaniny\",\"url\":\"https:\\\/\\\/rad-pol.com.pl\\\/tkaninydekoracyjne\\\/\",\"logo\":{\"@type\":\"ImageObject\",\"inLanguage\":\"pl-PL\",\"@id\":\"https:\\\/\\\/rad-pol.com.pl\\\/tkaninydekoracyjne\\\/#\\\/schema\\\/logo\\\/image\\\/\",\"url\":\"https:\\\/\\\/rad-pol.com.pl\\\/tkaninydekoracyjne\\\/wp-content\\\/uploads\\\/sites\\\/3\\\/2024\\\/04\\\/RadPol-logo-www.png\",\"contentUrl\":\"https:\\\/\\\/rad-pol.com.pl\\\/tkaninydekoracyjne\\\/wp-content\\\/uploads\\\/sites\\\/3\\\/2024\\\/04\\\/RadPol-logo-www.png\",\"width\":300,\"height\":108,\"caption\":\"Rad-Pol Tkaniny\"},\"image\":{\"@id\":\"https:\\\/\\\/rad-pol.com.pl\\\/tkaninydekoracyjne\\\/#\\\/schema\\\/logo\\\/image\\\/\"},\"sameAs\":[\"https:\\\/\\\/www.facebook.com\\\/RadPolTkaniny\"]}]}<\/script>\n<!-- \/ Yoast SEO plugin. -->","yoast_head_json":{"title":"Ginger - Rad-Pol Tkaniny","description":"Tkanina GINGER o szeroko\u015bci 325\/330 cm to wyj\u0105tkowy materia\u0142, w sk\u0142adzie kt\u00f3rego znajduje si\u0119 50% lnu i 50% poliestru. Wyst\u0119puje w 13 wyj\u0105tkowych kolorach.","robots":{"index":"index","follow":"follow","max-snippet":"max-snippet:-1","max-image-preview":"max-image-preview:large","max-video-preview":"max-video-preview:-1"},"canonical":"https:\/\/rad-pol.com.pl\/tkaninydekoracyjne\/produkt\/ginger\/","og_locale":"pl_PL","og_type":"article","og_title":"Ginger - Rad-Pol Tkaniny","og_description":"Tkanina GINGER o szeroko\u015bci 325\/330 cm to wyj\u0105tkowy materia\u0142, w sk\u0142adzie kt\u00f3rego znajduje si\u0119 50% lnu i 50% poliestru. Wyst\u0119puje w 13 wyj\u0105tkowych kolorach.","og_url":"https:\/\/rad-pol.com.pl\/tkaninydekoracyjne\/produkt\/ginger\/","og_site_name":"Rad-Pol Tkaniny","article_publisher":"https:\/\/www.facebook.com\/RadPolTkaniny","article_modified_time":"2024-10-24T17:34:27+00:00","og_image":[{"width":600,"height":600,"url":"http:\/\/rad-pol.com.pl\/tkaninydekoracyjne\/wp-content\/uploads\/sites\/3\/2024\/08\/ginger9304.jpeg","type":"image\/jpeg"}],"twitter_card":"summary_large_image","twitter_misc":{"Szacowany czas czytania":"2 minuty"},"schema":{"@context":"https:\/\/schema.org","@graph":[{"@type":"WebPage","@id":"https:\/\/rad-pol.com.pl\/tkaninydekoracyjne\/produkt\/ginger\/","url":"https:\/\/rad-pol.com.pl\/tkaninydekoracyjne\/produkt\/ginger\/","name":"Ginger - Rad-Pol Tkaniny","isPartOf":{"@id":"https:\/\/rad-pol.com.pl\/tkaninydekoracyjne\/#website"},"primaryImageOfPage":{"@id":"https:\/\/rad-pol.com.pl\/tkaninydekoracyjne\/produkt\/ginger\/#primaryimage"},"image":{"@id":"https:\/\/rad-pol.com.pl\/tkaninydekoracyjne\/produkt\/ginger\/#primaryimage"},"thumbnailUrl":"https:\/\/rad-pol.com.pl\/tkaninydekoracyjne\/wp-content\/uploads\/sites\/3\/2024\/08\/ginger9304.jpeg","datePublished":"2024-08-06T11:20:21+00:00","dateModified":"2024-10-24T17:34:27+00:00","description":"Tkanina GINGER o szeroko\u015bci 325\/330 cm to wyj\u0105tkowy materia\u0142, w sk\u0142adzie kt\u00f3rego znajduje si\u0119 50% lnu i 50% poliestru. Wyst\u0119puje w 13 wyj\u0105tkowych kolorach.","breadcrumb":{"@id":"https:\/\/rad-pol.com.pl\/tkaninydekoracyjne\/produkt\/ginger\/#breadcrumb"},"inLanguage":"pl-PL","potentialAction":[{"@type":"ReadAction","target":["https:\/\/rad-pol.com.pl\/tkaninydekoracyjne\/produkt\/ginger\/"]}]},{"@type":"ImageObject","inLanguage":"pl-PL","@id":"https:\/\/rad-pol.com.pl\/tkaninydekoracyjne\/produkt\/ginger\/#primaryimage","url":"https:\/\/rad-pol.com.pl\/tkaninydekoracyjne\/wp-content\/uploads\/sites\/3\/2024\/08\/ginger9304.jpeg","contentUrl":"https:\/\/rad-pol.com.pl\/tkaninydekoracyjne\/wp-content\/uploads\/sites\/3\/2024\/08\/ginger9304.jpeg","width":600,"height":600},{"@type":"BreadcrumbList","@id":"https:\/\/rad-pol.com.pl\/tkaninydekoracyjne\/produkt\/ginger\/#breadcrumb","itemListElement":[{"@type":"ListItem","position":1,"name":"Strona g\u0142\u00f3wna","item":"https:\/\/rad-pol.com.pl\/tkaninydekoracyjne\/"},{"@type":"ListItem","position":2,"name":"Sklep","item":"https:\/\/rad-pol.com.pl\/tkaninydekoracyjne\/sklep\/"},{"@type":"ListItem","position":3,"name":"Ginger"}]},{"@type":"WebSite","@id":"https:\/\/rad-pol.com.pl\/tkaninydekoracyjne\/#website","url":"https:\/\/rad-pol.com.pl\/tkaninydekoracyjne\/","name":"Rad-Pol Tkaniny","description":"","publisher":{"@id":"https:\/\/rad-pol.com.pl\/tkaninydekoracyjne\/#organization"},"potentialAction":[{"@type":"SearchAction","target":{"@type":"EntryPoint","urlTemplate":"https:\/\/rad-pol.com.pl\/tkaninydekoracyjne\/?s={search_term_string}"},"query-input":{"@type":"PropertyValueSpecification","valueRequired":true,"valueName":"search_term_string"}}],"inLanguage":"pl-PL"},{"@type":"Organization","@id":"https:\/\/rad-pol.com.pl\/tkaninydekoracyjne\/#organization","name":"Rad-Pol Tkaniny","url":"https:\/\/rad-pol.com.pl\/tkaninydekoracyjne\/","logo":{"@type":"ImageObject","inLanguage":"pl-PL","@id":"https:\/\/rad-pol.com.pl\/tkaninydekoracyjne\/#\/schema\/logo\/image\/","url":"https:\/\/rad-pol.com.pl\/tkaninydekoracyjne\/wp-content\/uploads\/sites\/3\/2024\/04\/RadPol-logo-www.png","contentUrl":"https:\/\/rad-pol.com.pl\/tkaninydekoracyjne\/wp-content\/uploads\/sites\/3\/2024\/04\/RadPol-logo-www.png","width":300,"height":108,"caption":"Rad-Pol Tkaniny"},"image":{"@id":"https:\/\/rad-pol.com.pl\/tkaninydekoracyjne\/#\/schema\/logo\/image\/"},"sameAs":["https:\/\/www.facebook.com\/RadPolTkaniny"]}]}},"_links":{"self":[{"href":"https:\/\/rad-pol.com.pl\/tkaninydekoracyjne\/wp-json\/wp\/v2\/product\/9382","targetHints":{"allow":["GET"]}}],"collection":[{"href":"https:\/\/rad-pol.com.pl\/tkaninydekoracyjne\/wp-json\/wp\/v2\/product"}],"about":[{"href":"https:\/\/rad-pol.com.pl\/tkaninydekoracyjne\/wp-json\/wp\/v2\/types\/product"}],"replies":[{"embeddable":true,"href":"https:\/\/rad-pol.com.pl\/tkaninydekoracyjne\/wp-json\/wp\/v2\/comments?post=9382"}],"version-history":[{"count":5,"href":"https:\/\/rad-pol.com.pl\/tkaninydekoracyjne\/wp-json\/wp\/v2\/product\/9382\/revisions"}],"predecessor-version":[{"id":13725,"href":"https:\/\/rad-pol.com.pl\/tkaninydekoracyjne\/wp-json\/wp\/v2\/product\/9382\/revisions\/13725"}],"wp:featuredmedia":[{"embeddable":true,"href":"https:\/\/rad-pol.com.pl\/tkaninydekoracyjne\/wp-json\/wp\/v2\/media\/9397"}],"wp:attachment":[{"href":"https:\/\/rad-pol.com.pl\/tkaninydekoracyjne\/wp-json\/wp\/v2\/media?parent=9382"}],"wp:term":[{"taxonomy":"product_brand","embeddable":true,"href":"https:\/\/rad-pol.com.pl\/tkaninydekoracyjne\/wp-json\/wp\/v2\/product_brand?post=9382"},{"taxonomy":"product_cat","embeddable":true,"href":"https:\/\/rad-pol.com.pl\/tkaninydekoracyjne\/wp-json\/wp\/v2\/product_cat?post=9382"},{"taxonomy":"product_tag","embeddable":true,"href":"https:\/\/rad-pol.com.pl\/tkaninydekoracyjne\/wp-json\/wp\/v2\/product_tag?post=9382"}],"curies":[{"name":"wp","href":"https:\/\/api.w.org\/{rel}","templated":true}]}}